{"id":30569,"date":"2024-08-27T07:23:09","date_gmt":"2024-08-27T11:23:09","guid":{"rendered":"https:\/\/www.botica.com.py\/home\/mi-cuenta\/"},"modified":"2026-02-20T14:40:00","modified_gmt":"2026-02-20T18:40:00","slug":"mi-cuenta","status":"publish","type":"page","link":"https:\/\/www.botica.com.py\/home\/mi-cuenta\/","title":{"rendered":"Mi cuenta"},"content":{"rendered":"\t\t<div data-elementor-type=\"wp-page\" data-elementor-id=\"30569\" class=\"elementor elementor-30569\" data-elementor-post-type=\"page\">\n\t\t\t\t\t\t<section class=\"has_eae_slider elementor-section elementor-top-section elementor-element elementor-element-8cd11ba elementor-section-full_width elementor-section-height-default elementor-section-height-default\" data-eae-slider=\"92391\" data-id=\"8cd11ba\" data-element_type=\"section\" data-e-type=\"section\">\n\t\t\t\t\t\t<div class=\"elementor-container elementor-column-gap-default\">\n\t\t\t\t\t<div class=\"has_eae_slider elementor-column elementor-col-100 elementor-top-column elementor-element elementor-element-fa1706c\" data-eae-slider=\"14737\" data-id=\"fa1706c\" data-element_type=\"column\" data-e-type=\"column\" data-settings=\"{&quot;background_background&quot;:&quot;classic&quot;}\">\n\t\t\t<div class=\"elementor-widget-wrap elementor-element-populated\">\n\t\t\t\t\t\t<div class=\"elementor-element elementor-element-5c3195c elementor-widget elementor-widget-woocommerce-breadcrumb\" data-id=\"5c3195c\" data-element_type=\"widget\" data-e-type=\"widget\" data-widget_type=\"woocommerce-breadcrumb.default\">\n\t\t\t\t<div class=\"elementor-widget-container\">\n\t\t\t\t\t<nav class=\"woocommerce-breadcrumb\" aria-label=\"Breadcrumb\">Inicio<\/nav>\t\t\t\t<\/div>\n\t\t\t\t<\/div>\n\t\t\t\t\t<\/div>\n\t\t<\/div>\n\t\t\t\t\t<\/div>\n\t\t<\/section>\n\t\t\t\t<section class=\"has_eae_slider elementor-section elementor-top-section elementor-element elementor-element-f5f4cb5 elementor-section-boxed elementor-section-height-default elementor-section-height-default\" data-eae-slider=\"56480\" data-id=\"f5f4cb5\" data-element_type=\"section\" data-e-type=\"section\">\n\t\t\t\t\t\t<div class=\"elementor-container elementor-column-gap-default\">\n\t\t\t\t\t<div class=\"has_eae_slider elementor-column elementor-col-100 elementor-top-column elementor-element elementor-element-2c1aecb\" data-eae-slider=\"15645\" data-id=\"2c1aecb\" data-element_type=\"column\" data-e-type=\"column\">\n\t\t\t<div class=\"elementor-widget-wrap elementor-element-populated\">\n\t\t\t\t\t\t<div class=\"elementor-element elementor-element-4e68840 e-my-account-tabs-vertical elementor-widget elementor-widget-woocommerce-my-account\" data-id=\"4e68840\" data-element_type=\"widget\" data-e-type=\"widget\" data-settings=\"{&quot;customize_dashboard_check&quot;:&quot;yes&quot;}\" data-widget_type=\"woocommerce-my-account.default\">\n\t\t\t\t<div class=\"elementor-widget-container\">\n\t\t\t\t\t<div class=\"e-my-account-tab e-my-account-tab__ \">\t\t\t<div class=\"woocommerce\"><\/div>\t\t<\/div>\n\t\t\t\t\t\t<\/div>\n\t\t\t\t<\/div>\n\t\t\t\t\t<\/div>\n\t\t<\/div>\n\t\t\t\t\t<\/div>\n\t\t<\/section>\n\t\t\t\t<\/div>\n\t\t","protected":false},"excerpt":{"rendered":"<p>Escritorio Pedidos Descargas Direcciones Detalles de la cuenta Cerrar sesi\u00f3n Hola Matias Rolon (\u00bfno eres Matias Rolon? Cerrar sesi\u00f3n) Desde el escritorio de tu cuenta puedes ver tus pedidos recientes, gestionar tus direcciones de env\u00edo y facturaci\u00f3n y editar tu contrase\u00f1a y los detalles de tu cuenta.<\/p>\n","protected":false},"author":1,"featured_media":0,"parent":0,"menu_order":0,"comment_status":"closed","ping_status":"closed","template":"","meta":{"nf_dc_page":"","footnotes":""},"class_list":["post-30569","page","type-page","status-publish","hentry"],"_links":{"self":[{"href":"https:\/\/www.botica.com.py\/home\/wp-json\/wp\/v2\/pages\/30569","targetHints":{"allow":["GET"]}}],"collection":[{"href":"https:\/\/www.botica.com.py\/home\/wp-json\/wp\/v2\/pages"}],"about":[{"href":"https:\/\/www.botica.com.py\/home\/wp-json\/wp\/v2\/types\/page"}],"author":[{"embeddable":true,"href":"https:\/\/www.botica.com.py\/home\/wp-json\/wp\/v2\/users\/1"}],"replies":[{"embeddable":true,"href":"https:\/\/www.botica.com.py\/home\/wp-json\/wp\/v2\/comments?post=30569"}],"version-history":[{"count":0,"href":"https:\/\/www.botica.com.py\/home\/wp-json\/wp\/v2\/pages\/30569\/revisions"}],"wp:attachment":[{"href":"https:\/\/www.botica.com.py\/home\/wp-json\/wp\/v2\/media?parent=30569"}],"curies":[{"name":"wp","href":"https:\/\/api.w.org\/{rel}","templated":true}]}}