{"id":31978,"date":"2026-02-23T14:31:30","date_gmt":"2026-02-23T18:31:30","guid":{"rendered":"https:\/\/www.botica.com.py\/home\/?page_id=31978"},"modified":"2026-02-23T14:35:40","modified_gmt":"2026-02-23T18:35:40","slug":"politica-de-envios","status":"publish","type":"page","link":"https:\/\/www.botica.com.py\/home\/politica-de-envios\/","title":{"rendered":"Pol\u00edtica de Env\u00edos"},"content":{"rendered":"\t\t<div data-elementor-type=\"wp-page\" data-elementor-id=\"31978\" class=\"elementor elementor-31978\" data-elementor-post-type=\"page\">\n\t\t\t\t\t\t<section class=\"has_eae_slider elementor-section elementor-top-section elementor-element elementor-element-c69898c elementor-section-full_width elementor-section-height-default elementor-section-height-default\" data-eae-slider=\"73017\" data-id=\"c69898c\" data-element_type=\"section\" data-e-type=\"section\">\n\t\t\t\t\t\t<div class=\"elementor-container elementor-column-gap-default\">\n\t\t\t\t\t<div class=\"has_eae_slider elementor-column elementor-col-100 elementor-top-column elementor-element elementor-element-6f75ece\" data-eae-slider=\"67764\" data-id=\"6f75ece\" data-element_type=\"column\" data-e-type=\"column\" data-settings=\"{&quot;background_background&quot;:&quot;classic&quot;}\">\n\t\t\t<div class=\"elementor-widget-wrap elementor-element-populated\">\n\t\t\t\t\t\t<div class=\"elementor-element elementor-element-86e3703 elementor-widget elementor-widget-heading\" data-id=\"86e3703\" data-element_type=\"widget\" data-e-type=\"widget\" data-widget_type=\"heading.default\">\n\t\t\t\t<div class=\"elementor-widget-container\">\n\t\t\t\t\t<h1 class=\"elementor-heading-title elementor-size-default\">Pol\u00edtica de Env\u00edos<\/h1>\t\t\t\t<\/div>\n\t\t\t\t<\/div>\n\t\t\t\t\t<\/div>\n\t\t<\/div>\n\t\t\t\t\t<\/div>\n\t\t<\/section>\n\t\t\t\t<section class=\"has_eae_slider elementor-section elementor-top-section elementor-element elementor-element-4522e21 elementor-section-boxed elementor-section-height-default elementor-section-height-default\" data-eae-slider=\"57007\" data-id=\"4522e21\" data-element_type=\"section\" data-e-type=\"section\">\n\t\t\t\t\t\t<div class=\"elementor-container elementor-column-gap-default\">\n\t\t\t\t\t<div class=\"has_eae_slider elementor-column elementor-col-100 elementor-top-column elementor-element elementor-element-62f282e\" data-eae-slider=\"57486\" data-id=\"62f282e\" data-element_type=\"column\" data-e-type=\"column\">\n\t\t\t<div class=\"elementor-widget-wrap elementor-element-populated\">\n\t\t\t\t\t\t<div class=\"elementor-element elementor-element-19c1755 elementor-widget elementor-widget-heading\" data-id=\"19c1755\" data-element_type=\"widget\" data-e-type=\"widget\" data-widget_type=\"heading.default\">\n\t\t\t\t<div class=\"elementor-widget-container\">\n\t\t\t\t\t<h2 class=\"elementor-heading-title elementor-size-default\">1. Cobertura<\/h2>\t\t\t\t<\/div>\n\t\t\t\t<\/div>\n\t\t\t\t<div class=\"elementor-element elementor-element-b3cba0e elementor-widget elementor-widget-text-editor\" data-id=\"b3cba0e\" data-element_type=\"widget\" data-e-type=\"widget\" data-widget_type=\"text-editor.default\">\n\t\t\t\t<div class=\"elementor-widget-container\">\n\t\t\t\t\t\t\t\t\t<p>Se realizan env\u00edos a nivel nacional dentro del territorio paraguayo mediante empresa log\u00edstica tercerizada (AEX).<\/p>\t\t\t\t\t\t\t\t<\/div>\n\t\t\t\t<\/div>\n\t\t\t\t<div class=\"elementor-element elementor-element-2ddcc68 elementor-widget elementor-widget-heading\" data-id=\"2ddcc68\" data-element_type=\"widget\" data-e-type=\"widget\" data-widget_type=\"heading.default\">\n\t\t\t\t<div class=\"elementor-widget-container\">\n\t\t\t\t\t<h2 class=\"elementor-heading-title elementor-size-default\">2. Tiempos de Entrega<\/h2>\t\t\t\t<\/div>\n\t\t\t\t<\/div>\n\t\t\t\t<div class=\"elementor-element elementor-element-21f4ecb elementor-widget elementor-widget-text-editor\" data-id=\"21f4ecb\" data-element_type=\"widget\" data-e-type=\"widget\" data-widget_type=\"text-editor.default\">\n\t\t\t\t<div class=\"elementor-widget-container\">\n\t\t\t\t\t\t\t\t\t<ul><li>Asunci\u00f3n y Gran Asunci\u00f3n: 24 a 72 horas.<\/li><li>Interior del pa\u00eds: hasta 5 d\u00edas h\u00e1biles.<\/li><\/ul><p>\u00a0<\/p><p>Los plazos son estimativos y pueden variar por causas externas o extraordinarias.<\/p>\t\t\t\t\t\t\t\t<\/div>\n\t\t\t\t<\/div>\n\t\t\t\t<div class=\"elementor-element elementor-element-37da1f8 elementor-widget elementor-widget-heading\" data-id=\"37da1f8\" data-element_type=\"widget\" data-e-type=\"widget\" data-widget_type=\"heading.default\">\n\t\t\t\t<div class=\"elementor-widget-container\">\n\t\t\t\t\t<h2 class=\"elementor-heading-title elementor-size-default\">3. Costos de Env\u00edo<\/h2>\t\t\t\t<\/div>\n\t\t\t\t<\/div>\n\t\t\t\t<div class=\"elementor-element elementor-element-598cdf9 elementor-widget elementor-widget-text-editor\" data-id=\"598cdf9\" data-element_type=\"widget\" data-e-type=\"widget\" data-widget_type=\"text-editor.default\">\n\t\t\t\t<div class=\"elementor-widget-container\">\n\t\t\t\t\t\t\t\t\t<p>El costo del env\u00edo es calculado por la empresa log\u00edstica tercerizada y ser\u00e1 informado al cliente antes de finalizar la compra.<\/p>\t\t\t\t\t\t\t\t<\/div>\n\t\t\t\t<\/div>\n\t\t\t\t<div class=\"elementor-element elementor-element-8fba1e5 elementor-widget elementor-widget-heading\" data-id=\"8fba1e5\" data-element_type=\"widget\" data-e-type=\"widget\" data-widget_type=\"heading.default\">\n\t\t\t\t<div class=\"elementor-widget-container\">\n\t\t\t\t\t<h2 class=\"elementor-heading-title elementor-size-default\">4. Retrasos<\/h2>\t\t\t\t<\/div>\n\t\t\t\t<\/div>\n\t\t\t\t<div class=\"elementor-element elementor-element-11a2588 elementor-widget elementor-widget-text-editor\" data-id=\"11a2588\" data-element_type=\"widget\" data-e-type=\"widget\" data-widget_type=\"text-editor.default\">\n\t\t\t\t<div class=\"elementor-widget-container\">\n\t\t\t\t\t\t\t\t\t<p>BOTICA S.A. no ser\u00e1 responsable por retrasos derivados de:<\/p><ul><li>Condiciones clim\u00e1ticas extremas<\/li><li>Problemas log\u00edsticos ajenos<\/li><li>Situaciones de fuerza mayor<\/li><\/ul>\t\t\t\t\t\t\t\t<\/div>\n\t\t\t\t<\/div>\n\t\t\t\t\t<\/div>\n\t\t<\/div>\n\t\t\t\t\t<\/div>\n\t\t<\/section>\n\t\t\t\t<\/div>\n\t\t","protected":false},"excerpt":{"rendered":"<p>Pol\u00edtica de Env\u00edos 1. Cobertura Se realizan env\u00edos a nivel nacional dentro del territorio paraguayo mediante empresa log\u00edstica tercerizada (AEX). 2. Tiempos de Entrega Asunci\u00f3n y Gran Asunci\u00f3n: 24 a 72 horas. Interior del pa\u00eds: hasta 5 d\u00edas h\u00e1biles. \u00a0 Los plazos son estimativos y pueden variar por causas externas o extraordinarias. 3. Costos de [&hellip;]<\/p>\n","protected":false},"author":7,"featured_media":0,"parent":0,"menu_order":0,"comment_status":"closed","ping_status":"closed","template":"","meta":{"nf_dc_page":"","footnotes":""},"class_list":["post-31978","page","type-page","status-publish","hentry"],"_links":{"self":[{"href":"https:\/\/www.botica.com.py\/home\/wp-json\/wp\/v2\/pages\/31978","targetHints":{"allow":["GET"]}}],"collection":[{"href":"https:\/\/www.botica.com.py\/home\/wp-json\/wp\/v2\/pages"}],"about":[{"href":"https:\/\/www.botica.com.py\/home\/wp-json\/wp\/v2\/types\/page"}],"author":[{"embeddable":true,"href":"https:\/\/www.botica.com.py\/home\/wp-json\/wp\/v2\/users\/7"}],"replies":[{"embeddable":true,"href":"https:\/\/www.botica.com.py\/home\/wp-json\/wp\/v2\/comments?post=31978"}],"version-history":[{"count":0,"href":"https:\/\/www.botica.com.py\/home\/wp-json\/wp\/v2\/pages\/31978\/revisions"}],"wp:attachment":[{"href":"https:\/\/www.botica.com.py\/home\/wp-json\/wp\/v2\/media?parent=31978"}],"curies":[{"name":"wp","href":"https:\/\/api.w.org\/{rel}","templated":true}]}}