{"id":31446,"date":"2026-02-16T12:40:30","date_gmt":"2026-02-16T16:40:30","guid":{"rendered":"https:\/\/www.botica.com.py\/home\/?post_type=product&#038;p=31446"},"modified":"2026-03-26T10:20:54","modified_gmt":"2026-03-26T14:20:54","slug":"pygeum-africano-betasitosterol-licopeno-picnogenol-serenoa-repens-punica-granatum","status":"publish","type":"product","link":"https:\/\/www.botica.com.py\/home\/product\/pygeum-africano-betasitosterol-licopeno-picnogenol-serenoa-repens-punica-granatum\/","title":{"rendered":"Hiperplasia Prost\u00e1tica Benigna"},"content":{"rendered":"<p data-start=\"131\" data-end=\"175\"><strong data-start=\"131\" data-end=\"173\">Complejo Natural para Salud Prost\u00e1tica<\/strong><\/p>\n<p data-start=\"177\" data-end=\"274\"><strong data-start=\"177\" data-end=\"272\">Pygeum africano + Betasitosterol + Licopeno + Picnogenol + Serenoa repens + Punica granatum<\/strong><\/p>\n<p data-start=\"276\" data-end=\"304\"><strong data-start=\"276\" data-end=\"302\">\u00bfQu\u00e9 es este producto?<\/strong><\/p>\n<p data-start=\"306\" data-end=\"533\">El Complejo Natural para Salud Prost\u00e1tica es una formulaci\u00f3n fitoterap\u00e9utica desarrollada para apoyar la salud de la pr\u00f3stata y del tracto urinario, contribuyendo a la funci\u00f3n urinaria normal y al bienestar masculino general.<\/p>\n<p data-start=\"535\" data-end=\"697\">Su combinaci\u00f3n de activos naturales act\u00faa regulando la inflamaci\u00f3n prost\u00e1tica, mejorando el flujo urinario y protegiendo la pr\u00f3stata frente al estr\u00e9s oxidativo.<\/p>\n<p data-start=\"699\" data-end=\"733\"><strong data-start=\"699\" data-end=\"731\">Acci\u00f3n y mecanismo de acci\u00f3n<\/strong><\/p>\n<p data-start=\"735\" data-end=\"801\">Esta f\u00f3rmula act\u00faa de manera integral sobre la salud prost\u00e1tica:<\/p>\n<ul data-start=\"803\" data-end=\"1060\">\n<li data-start=\"803\" data-end=\"842\">\n<p data-start=\"805\" data-end=\"842\">Favorece la funci\u00f3n urinaria normal<\/p>\n<\/li>\n<li data-start=\"843\" data-end=\"892\">\n<p data-start=\"845\" data-end=\"892\">Reduce la inflamaci\u00f3n y la presi\u00f3n prost\u00e1tica<\/p>\n<\/li>\n<li data-start=\"893\" data-end=\"951\">\n<p data-start=\"895\" data-end=\"951\">Ayuda a disminuir la frecuencia urinaria y la urgencia<\/p>\n<\/li>\n<li data-start=\"952\" data-end=\"990\">\n<p data-start=\"954\" data-end=\"990\">Protege frente al estr\u00e9s oxidativo<\/p>\n<\/li>\n<li data-start=\"991\" data-end=\"1060\">\n<p data-start=\"993\" data-end=\"1060\">Contribuye a mantener la salud general del sistema genitourinario<\/p>\n<\/li>\n<\/ul>\n<p data-start=\"1062\" data-end=\"1104\"><strong data-start=\"1062\" data-end=\"1102\">Acci\u00f3n espec\u00edfica de cada componente<\/strong><\/p>\n<p data-start=\"1106\" data-end=\"1127\"><strong data-start=\"1106\" data-end=\"1125\">Pygeum africano<\/strong><\/p>\n<ul data-start=\"1128\" data-end=\"1303\">\n<li data-start=\"1128\" data-end=\"1179\">\n<p data-start=\"1130\" data-end=\"1179\">Apoya la funci\u00f3n urinaria y la salud prost\u00e1tica<\/p>\n<\/li>\n<li data-start=\"1180\" data-end=\"1260\">\n<p data-start=\"1182\" data-end=\"1260\">Reduce inflamaci\u00f3n y molestias asociadas a la hiperplasia prost\u00e1tica benigna<\/p>\n<\/li>\n<li data-start=\"1261\" data-end=\"1303\">\n<p data-start=\"1263\" data-end=\"1303\">Contribuye a mejorar el flujo urinario<\/p>\n<\/li>\n<\/ul>\n<p data-start=\"1305\" data-end=\"1325\"><strong data-start=\"1305\" data-end=\"1323\">Betasitosterol<\/strong><\/p>\n<ul data-start=\"1326\" data-end=\"1483\">\n<li data-start=\"1326\" data-end=\"1368\">\n<p data-start=\"1328\" data-end=\"1368\">Fitosterol con efecto antiinflamatorio<\/p>\n<\/li>\n<li data-start=\"1369\" data-end=\"1421\">\n<p data-start=\"1371\" data-end=\"1421\">Ayuda a mantener el tama\u00f1o normal de la pr\u00f3stata<\/p>\n<\/li>\n<li data-start=\"1422\" data-end=\"1483\">\n<p data-start=\"1424\" data-end=\"1483\">Contribuye a la reducci\u00f3n de s\u00edntomas urinarios asociados<\/p>\n<\/li>\n<\/ul>\n<p data-start=\"1485\" data-end=\"1499\"><strong data-start=\"1485\" data-end=\"1497\">Licopeno<\/strong><\/p>\n<ul data-start=\"1500\" data-end=\"1627\">\n<li data-start=\"1500\" data-end=\"1524\">\n<p data-start=\"1502\" data-end=\"1524\">Antioxidante potente<\/p>\n<\/li>\n<li data-start=\"1525\" data-end=\"1585\">\n<p data-start=\"1527\" data-end=\"1585\">Protege las c\u00e9lulas prost\u00e1ticas frente al da\u00f1o oxidativo<\/p>\n<\/li>\n<li data-start=\"1586\" data-end=\"1627\">\n<p data-start=\"1588\" data-end=\"1627\">Apoya la salud general de la pr\u00f3stata<\/p>\n<\/li>\n<\/ul>\n<p data-start=\"1629\" data-end=\"1645\"><strong data-start=\"1629\" data-end=\"1643\">Picnogenol<\/strong><\/p>\n<ul data-start=\"1646\" data-end=\"1784\">\n<li data-start=\"1646\" data-end=\"1709\">\n<p data-start=\"1648\" data-end=\"1709\">Extracto natural con acci\u00f3n antioxidante y antiinflamatoria<\/p>\n<\/li>\n<li data-start=\"1710\" data-end=\"1784\">\n<p data-start=\"1712\" data-end=\"1784\">Mejora la circulaci\u00f3n y protege los tejidos frente al estr\u00e9s oxidativo<\/p>\n<\/li>\n<\/ul>\n<p data-start=\"1786\" data-end=\"1821\"><strong data-start=\"1786\" data-end=\"1819\">Serenoa repens (Saw Palmetto)<\/strong><\/p>\n<ul data-start=\"1822\" data-end=\"1943\">\n<li data-start=\"1822\" data-end=\"1858\">\n<p data-start=\"1824\" data-end=\"1858\">Regula la inflamaci\u00f3n prost\u00e1tica<\/p>\n<\/li>\n<li data-start=\"1859\" data-end=\"1943\">\n<p data-start=\"1861\" data-end=\"1943\">Contribuye a mejorar el flujo urinario y la funci\u00f3n del tracto urinario inferior<\/p>\n<\/li>\n<\/ul>\n<p data-start=\"1945\" data-end=\"1976\"><strong data-start=\"1945\" data-end=\"1974\">Punica granatum (Granada)<\/strong><\/p>\n<ul data-start=\"1977\" data-end=\"2074\">\n<li data-start=\"1977\" data-end=\"2002\">\n<p data-start=\"1979\" data-end=\"2002\">Rico en antioxidantes<\/p>\n<\/li>\n<li data-start=\"2003\" data-end=\"2074\">\n<p data-start=\"2005\" data-end=\"2074\">Apoya la salud prost\u00e1tica y la protecci\u00f3n frente a radicales libres<\/p>\n<\/li>\n<\/ul>\n<p data-start=\"2076\" data-end=\"2104\"><strong data-start=\"2076\" data-end=\"2102\">Beneficios principales<\/strong><\/p>\n<ul data-start=\"2106\" data-end=\"2303\">\n<li data-start=\"2106\" data-end=\"2138\">\n<p data-start=\"2108\" data-end=\"2138\">Apoyo en la salud prost\u00e1tica<\/p>\n<\/li>\n<li data-start=\"2139\" data-end=\"2172\">\n<p data-start=\"2141\" data-end=\"2172\">Mejora de la funci\u00f3n urinaria<\/p>\n<\/li>\n<li data-start=\"2173\" data-end=\"2215\">\n<p data-start=\"2175\" data-end=\"2215\">Reducci\u00f3n de la inflamaci\u00f3n prost\u00e1tica<\/p>\n<\/li>\n<li data-start=\"2216\" data-end=\"2257\">\n<p data-start=\"2218\" data-end=\"2257\">Protecci\u00f3n frente al estr\u00e9s oxidativo<\/p>\n<\/li>\n<li data-start=\"2258\" data-end=\"2303\">\n<p data-start=\"2260\" data-end=\"2303\">Contribuye al bienestar masculino general<\/p>\n<\/li>\n<\/ul>\n<p data-start=\"2305\" data-end=\"2323\"><strong data-start=\"2305\" data-end=\"2321\">Indicaciones<\/strong><\/p>\n<ul data-start=\"2325\" data-end=\"2489\">\n<li data-start=\"2325\" data-end=\"2375\">\n<p data-start=\"2327\" data-end=\"2375\">Hiperplasia prost\u00e1tica benigna leve a moderada<\/p>\n<\/li>\n<li data-start=\"2376\" data-end=\"2409\">\n<p data-start=\"2378\" data-end=\"2409\">Frecuencia urinaria aumentada<\/p>\n<\/li>\n<li data-start=\"2410\" data-end=\"2444\">\n<p data-start=\"2412\" data-end=\"2444\">Sensaci\u00f3n de urgencia urinaria<\/p>\n<\/li>\n<li data-start=\"2445\" data-end=\"2489\">\n<p data-start=\"2447\" data-end=\"2489\">Salud general del sistema genitourinario<\/p>\n<\/li>\n<\/ul>\n<p data-start=\"2491\" data-end=\"2506\"><strong data-start=\"2491\" data-end=\"2504\">Posolog\u00eda<\/strong><\/p>\n<p data-start=\"2508\" data-end=\"2588\">Tomar 1 a 2 c\u00e1psulas al d\u00eda, o seg\u00fan indicaci\u00f3n de un profesional de la salud.<\/p>\n<p data-start=\"2590\" data-end=\"2608\"><strong data-start=\"2590\" data-end=\"2606\">Presentaci\u00f3n<\/strong><\/p>\n<p data-start=\"2610\" data-end=\"2620\">C\u00e1psulas<\/p>\n<p data-start=\"2622\" data-end=\"2655\"><strong data-start=\"2622\" data-end=\"2653\">Presentaciones disponibles:<\/strong><\/p>\n<ul data-start=\"2656\" data-end=\"2687\">\n<li data-start=\"2656\" data-end=\"2671\">\n<p data-start=\"2658\" data-end=\"2671\">30 c\u00e1psulas<\/p>\n<\/li>\n<\/ul>\n<h3 data-start=\"4280\" data-end=\"4303\">Informaci\u00f3n importante<\/h3>\n<p>Este producto es libre de gluten y lactosa<\/p>\n","protected":false},"excerpt":{"rendered":"<p><strong>Pygeum Africanum 50MG + Betasistosterol 10MG + Pycnogenol 25MG + Serenoa Repens 160MG + Licopeno 10MG + Punica granatum 100MG<\/strong><\/p>\n<p><strong>Indicaci\u00f3n:<\/strong> prevenci\u00f3n y tratamiento de la Hiperplasia Prost\u00e1tica Benigna<\/p>\n<p><strong>Accion:<\/strong><\/p>\n<ul>\n<li><strong>Pygeum africanum:<\/strong> Mejora los s\u00edntomas de la hiperplasia prost\u00e1tica benigna (HPB) al reducir la inflamaci\u00f3n y mejorar el flujo urinario.<br \/>\nDisminuye la frecuencia nocturna y la sensaci\u00f3n de vaciado incomplete<\/li>\n<li>Betasitosterol: Ayuda a aliviar los s\u00edntomas urinarios de la HPB al mejorar el flujo urinario y reducir la inflamaci\u00f3n.<br \/>\nNo, reduce el tama\u00f1o prost\u00e1tico, pero mejora la calidad miccional.<\/li>\n<li><strong>Pinus pinaster (Pycnogenol):<\/strong> Potente antioxidante y antiinflamatorio que mejora la microcirculaci\u00f3n prost\u00e1tica.<br \/>\nPuede contribuir a reducir s\u00edntomas urinarios y estr\u00e9s oxidativo.<\/li>\n<li><strong>Serenoa repens:<\/strong> inhibe la 5-alfa-reductasa, reduciendo la conversi\u00f3n de testosterona a DHT, clave en la HPB.<br \/>\nMejora el flujo urinario y reduce la nocturia<\/li>\n<li><strong>Licopeno:<\/strong> Antioxidante que protege las c\u00e9lulas prost\u00e1ticas del da\u00f1o oxidative<\/li>\n<li><strong>Punica granatum:<\/strong> Posee acci\u00f3n antioxidante y antiinflamatoria que protege el<br \/>\ntejido prost\u00e1tico. Puede contribuir a frenar procesos inflamatorios y oxidativos.<\/li>\n<\/ul>\n<h3 data-start=\"2156\" data-end=\"2186\">Presentaciones disponibles<\/h3>\n<p data-start=\"2187\" data-end=\"2232\">30 c\u00e1psulas \u2013 100.000 Gs<\/p>\n","protected":false},"featured_media":31475,"comment_status":"closed","ping_status":"closed","template":"","meta":{"nf_dc_page":""},"product_brand":[],"product_cat":[57],"product_tag":[],"class_list":{"0":"post-31446","1":"product","2":"type-product","3":"status-publish","4":"has-post-thumbnail","6":"product_cat-uncategorized","8":"first","9":"instock","10":"shipping-taxable","11":"purchasable","12":"product-type-simple"},"_links":{"self":[{"href":"https:\/\/www.botica.com.py\/home\/wp-json\/wp\/v2\/product\/31446","targetHints":{"allow":["GET"]}}],"collection":[{"href":"https:\/\/www.botica.com.py\/home\/wp-json\/wp\/v2\/product"}],"about":[{"href":"https:\/\/www.botica.com.py\/home\/wp-json\/wp\/v2\/types\/product"}],"replies":[{"embeddable":true,"href":"https:\/\/www.botica.com.py\/home\/wp-json\/wp\/v2\/comments?post=31446"}],"wp:featuredmedia":[{"embeddable":true,"href":"https:\/\/www.botica.com.py\/home\/wp-json\/wp\/v2\/media\/31475"}],"wp:attachment":[{"href":"https:\/\/www.botica.com.py\/home\/wp-json\/wp\/v2\/media?parent=31446"}],"wp:term":[{"taxonomy":"product_brand","embeddable":true,"href":"https:\/\/www.botica.com.py\/home\/wp-json\/wp\/v2\/product_brand?post=31446"},{"taxonomy":"product_cat","embeddable":true,"href":"https:\/\/www.botica.com.py\/home\/wp-json\/wp\/v2\/product_cat?post=31446"},{"taxonomy":"product_tag","embeddable":true,"href":"https:\/\/www.botica.com.py\/home\/wp-json\/wp\/v2\/product_tag?post=31446"}],"curies":[{"name":"wp","href":"https:\/\/api.w.org\/{rel}","templated":true}]}}