{"id":31449,"date":"2026-02-16T12:40:30","date_gmt":"2026-02-16T16:40:30","guid":{"rendered":"https:\/\/www.botica.com.py\/home\/?post_type=product&#038;p=31449"},"modified":"2026-03-26T10:23:21","modified_gmt":"2026-03-26T14:23:21","slug":"maca-extracto-catuaba-extracto-tribulus-extracto-ginseng-extracto","status":"publish","type":"product","link":"https:\/\/www.botica.com.py\/home\/product\/maca-extracto-catuaba-extracto-tribulus-extracto-ginseng-extracto\/","title":{"rendered":"Aumento de libido (masculino)"},"content":{"rendered":"<p data-start=\"132\" data-end=\"176\"><strong data-start=\"132\" data-end=\"174\">Complejo Natural para Libido Masculina<\/strong><\/p>\n<p data-start=\"178\" data-end=\"219\"><strong data-start=\"178\" data-end=\"217\">Maca + Catuaba + Tribulus + Ginseng<\/strong><\/p>\n<p data-start=\"221\" data-end=\"249\"><strong data-start=\"221\" data-end=\"247\">\u00bfQu\u00e9 es este producto?<\/strong><\/p>\n<p data-start=\"251\" data-end=\"599\">El Complejo Natural para Libido Masculina es una formulaci\u00f3n fitoterap\u00e9utica dise\u00f1ada para apoyar el deseo sexual, la vitalidad y la energ\u00eda masculina. Su combinaci\u00f3n de activos naturales act\u00faa sobre la funci\u00f3n sexual y el bienestar general, favoreciendo un aumento del deseo y la respuesta sexual sin alterar directamente los niveles hormonales.<\/p>\n<p data-start=\"601\" data-end=\"635\"><strong data-start=\"601\" data-end=\"633\">Acci\u00f3n y mecanismo de acci\u00f3n<\/strong><\/p>\n<p data-start=\"637\" data-end=\"723\">Esta f\u00f3rmula act\u00faa de manera integral sobre la libido y la funci\u00f3n sexual masculina:<\/p>\n<ul data-start=\"725\" data-end=\"999\">\n<li data-start=\"725\" data-end=\"767\">\n<p data-start=\"727\" data-end=\"767\">Aumenta el deseo sexual y la vitalidad<\/p>\n<\/li>\n<li data-start=\"768\" data-end=\"819\">\n<p data-start=\"770\" data-end=\"819\">Mejora la energ\u00eda f\u00edsica y el bienestar general<\/p>\n<\/li>\n<li data-start=\"820\" data-end=\"872\">\n<p data-start=\"822\" data-end=\"872\">Favorece la funci\u00f3n sexual y la respuesta sexual<\/p>\n<\/li>\n<li data-start=\"873\" data-end=\"942\">\n<p data-start=\"875\" data-end=\"942\">Contribuye a reducir el estr\u00e9s que afecta negativamente la libido<\/p>\n<\/li>\n<li data-start=\"943\" data-end=\"999\">\n<p data-start=\"945\" data-end=\"999\">Ayuda a mejorar la percepci\u00f3n del rendimiento sexual<\/p>\n<\/li>\n<\/ul>\n<p data-start=\"1001\" data-end=\"1043\"><strong data-start=\"1001\" data-end=\"1041\">Acci\u00f3n espec\u00edfica de cada componente<\/strong><\/p>\n<p data-start=\"1045\" data-end=\"1055\"><strong data-start=\"1045\" data-end=\"1053\">Maca<\/strong><\/p>\n<ul data-start=\"1056\" data-end=\"1259\">\n<li data-start=\"1056\" data-end=\"1098\">\n<p data-start=\"1058\" data-end=\"1098\">Aumenta el deseo sexual y la vitalidad<\/p>\n<\/li>\n<li data-start=\"1099\" data-end=\"1150\">\n<p data-start=\"1101\" data-end=\"1150\">Mejora la energ\u00eda f\u00edsica y el bienestar general<\/p>\n<\/li>\n<li data-start=\"1151\" data-end=\"1259\">\n<p data-start=\"1153\" data-end=\"1259\">Act\u00faa como adapt\u00f3geno, favoreciendo el equilibrio hormonal sin modificar niveles hormonales directamente<\/p>\n<\/li>\n<\/ul>\n<p data-start=\"1261\" data-end=\"1274\"><strong data-start=\"1261\" data-end=\"1272\">Catuaba<\/strong><\/p>\n<ul data-start=\"1275\" data-end=\"1460\">\n<li data-start=\"1275\" data-end=\"1339\">\n<p data-start=\"1277\" data-end=\"1339\">Estimulante sexual que mejora el deseo y la respuesta sexual<\/p>\n<\/li>\n<li data-start=\"1340\" data-end=\"1408\">\n<p data-start=\"1342\" data-end=\"1408\">Act\u00faa sobre el sistema nervioso central aumentando la excitaci\u00f3n<\/p>\n<\/li>\n<li data-start=\"1409\" data-end=\"1460\">\n<p data-start=\"1411\" data-end=\"1460\">Reduce la fatiga y mejora el rendimiento sexual<\/p>\n<\/li>\n<\/ul>\n<p data-start=\"1462\" data-end=\"1487\"><strong data-start=\"1462\" data-end=\"1485\">Tribulus terrestris<\/strong><\/p>\n<ul data-start=\"1488\" data-end=\"1644\">\n<li data-start=\"1488\" data-end=\"1546\">\n<p data-start=\"1490\" data-end=\"1546\">Contribuye al aumento de la libido y la funci\u00f3n sexual<\/p>\n<\/li>\n<li data-start=\"1547\" data-end=\"1594\">\n<p data-start=\"1549\" data-end=\"1594\">Mejora la percepci\u00f3n del rendimiento sexual<\/p>\n<\/li>\n<li data-start=\"1595\" data-end=\"1644\">\n<p data-start=\"1597\" data-end=\"1644\">Especialmente \u00fatil en casos de deseo reducido<\/p>\n<\/li>\n<\/ul>\n<p data-start=\"1646\" data-end=\"1659\"><strong data-start=\"1646\" data-end=\"1657\">Ginseng<\/strong><\/p>\n<ul data-start=\"1660\" data-end=\"1824\">\n<li data-start=\"1660\" data-end=\"1707\">\n<p data-start=\"1662\" data-end=\"1707\">Mejora el deseo sexual y la funci\u00f3n er\u00e9ctil<\/p>\n<\/li>\n<li data-start=\"1708\" data-end=\"1747\">\n<p data-start=\"1710\" data-end=\"1747\">Aumenta la energ\u00eda y la circulaci\u00f3n<\/p>\n<\/li>\n<li data-start=\"1748\" data-end=\"1824\">\n<p data-start=\"1750\" data-end=\"1824\">Act\u00faa como adapt\u00f3geno, ayudando a reducir el estr\u00e9s que afecta la libido<\/p>\n<\/li>\n<\/ul>\n<p data-start=\"1826\" data-end=\"1854\"><strong data-start=\"1826\" data-end=\"1852\">Beneficios principales<\/strong><\/p>\n<ul data-start=\"1856\" data-end=\"2085\">\n<li data-start=\"1856\" data-end=\"1903\">\n<p data-start=\"1858\" data-end=\"1903\">Apoyo al aumento del deseo sexual masculino<\/p>\n<\/li>\n<li data-start=\"1904\" data-end=\"1947\">\n<p data-start=\"1906\" data-end=\"1947\">Mejora de la vitalidad y energ\u00eda f\u00edsica<\/p>\n<\/li>\n<li data-start=\"1948\" data-end=\"1999\">\n<p data-start=\"1950\" data-end=\"1999\">Optimizaci\u00f3n del rendimiento y respuesta sexual<\/p>\n<\/li>\n<li data-start=\"2000\" data-end=\"2053\">\n<p data-start=\"2002\" data-end=\"2053\">Reducci\u00f3n del estr\u00e9s que afecta la funci\u00f3n sexual<\/p>\n<\/li>\n<li data-start=\"2054\" data-end=\"2085\">\n<p data-start=\"2056\" data-end=\"2085\">Bienestar general masculino<\/p>\n<\/li>\n<\/ul>\n<p data-start=\"2087\" data-end=\"2105\"><strong data-start=\"2087\" data-end=\"2103\">Indicaciones<\/strong><\/p>\n<ul data-start=\"2107\" data-end=\"2250\">\n<li data-start=\"2107\" data-end=\"2134\">\n<p data-start=\"2109\" data-end=\"2134\">Deseo sexual disminuido<\/p>\n<\/li>\n<li data-start=\"2135\" data-end=\"2193\">\n<p data-start=\"2137\" data-end=\"2193\">Fatiga o falta de energ\u00eda que afecta la funci\u00f3n sexual<\/p>\n<\/li>\n<li data-start=\"2194\" data-end=\"2250\">\n<p data-start=\"2196\" data-end=\"2250\">Mejorar la respuesta sexual y la vitalidad masculina<\/p>\n<\/li>\n<\/ul>\n<p data-start=\"2252\" data-end=\"2276\"><strong data-start=\"2252\" data-end=\"2274\">Contraindicaciones<\/strong><\/p>\n<ul data-start=\"2278\" data-end=\"2447\">\n<li data-start=\"2278\" data-end=\"2318\">\n<p data-start=\"2280\" data-end=\"2318\">Evitar en hipertensi\u00f3n no controlada<\/p>\n<\/li>\n<li data-start=\"2319\" data-end=\"2395\">\n<p data-start=\"2321\" data-end=\"2395\">Evitar en casos de ansiedad, insomnio o uso concomitante de estimulantes<\/p>\n<\/li>\n<li data-start=\"2396\" data-end=\"2447\">\n<p data-start=\"2398\" data-end=\"2447\">Precauci\u00f3n en trastornos hormonales y tiroideos<\/p>\n<\/li>\n<\/ul>\n<p data-start=\"2449\" data-end=\"2464\"><strong data-start=\"2449\" data-end=\"2462\">Posolog\u00eda<\/strong><\/p>\n<p data-start=\"2466\" data-end=\"2541\">Tomar 1 c\u00e1psula al d\u00eda, o seg\u00fan indicaci\u00f3n de un profesional de la salud.<\/p>\n<p data-start=\"2543\" data-end=\"2561\"><strong data-start=\"2543\" data-end=\"2559\">Presentaci\u00f3n<\/strong><\/p>\n<p data-start=\"2563\" data-end=\"2573\">C\u00e1psulas<\/p>\n<p data-start=\"2575\" data-end=\"2608\"><strong data-start=\"2575\" data-end=\"2606\">Presentaciones disponibles:<\/strong><\/p>\n<ul data-start=\"2609\" data-end=\"2665\">\n<li data-start=\"2609\" data-end=\"2636\">\n<p data-start=\"2611\" data-end=\"2636\">30 c\u00e1psulas \u2013 70.000 Gs<\/p>\n<\/li>\n<\/ul>\n<h3 data-start=\"4280\" data-end=\"4303\">Informaci\u00f3n importante<\/h3>\n<p>Este producto es libre de gluten y lactosa<\/p>\n","protected":false},"excerpt":{"rendered":"<p><strong>Maca extracto 450MG + Catuaba extracto 50MG + Tribulus extracto 50MG + Ginseng extracto 50MG<\/strong><\/p>\n<p><strong>Indicaci\u00f3n:<\/strong> Aumento de la libido y deseo sexual masculino<\/p>\n<p><strong>Acci\u00f3n:<\/strong><\/p>\n<ul>\n<li><strong>Maca extracto seco:<\/strong> Aumenta el deseo sexual y la vitalidad, mejorando la energ\u00eda f\u00edsica y el bienestar general.<br \/>\nAct\u00faa como adapt\u00f3geno, favoreciendo el equilibrio hormonal sin modificar niveles hormonales directamente<\/li>\n<li><strong>Catuaba extracto:<\/strong> estimulante sexual, mejora el deseo y la respuesta sexual.<br \/>\nAct\u00faa sobre el sistema nervioso central, aumentando la excitaci\u00f3n y reduciendo la fatiga<\/li>\n<li><strong>Tribulus terrestris extracto:<\/strong> Contribuye al aumento de la libido y la funci\u00f3n sexual, especialmente en casos de deseo reducido.<br \/>\nPuede mejorar la percepci\u00f3n del rendimiento sexual sin elevar significativamente la testosterona.<\/li>\n<li><strong>Ginseng:<\/strong> Mejora el deseo sexual y la funci\u00f3n er\u00e9ctil al aumentar la energ\u00eda y la circulaci\u00f3n.<br \/>\nAct\u00faa como adapt\u00f3geno, reduciendo el estr\u00e9s que afecta negativamente la libido..<\/li>\n<\/ul>\n<h3 data-start=\"2156\" data-end=\"2186\">Presentaciones disponibles<\/h3>\n<p data-start=\"2187\" data-end=\"2232\">30 c\u00e1psulas \u2013 70.000 Gs<\/p>\n","protected":false},"featured_media":31485,"comment_status":"closed","ping_status":"closed","template":"","meta":{"nf_dc_page":""},"product_brand":[],"product_cat":[57],"product_tag":[],"class_list":{"0":"post-31449","1":"product","2":"type-product","3":"status-publish","4":"has-post-thumbnail","6":"product_cat-uncategorized","8":"first","9":"instock","10":"shipping-taxable","11":"purchasable","12":"product-type-simple"},"_links":{"self":[{"href":"https:\/\/www.botica.com.py\/home\/wp-json\/wp\/v2\/product\/31449","targetHints":{"allow":["GET"]}}],"collection":[{"href":"https:\/\/www.botica.com.py\/home\/wp-json\/wp\/v2\/product"}],"about":[{"href":"https:\/\/www.botica.com.py\/home\/wp-json\/wp\/v2\/types\/product"}],"replies":[{"embeddable":true,"href":"https:\/\/www.botica.com.py\/home\/wp-json\/wp\/v2\/comments?post=31449"}],"wp:featuredmedia":[{"embeddable":true,"href":"https:\/\/www.botica.com.py\/home\/wp-json\/wp\/v2\/media\/31485"}],"wp:attachment":[{"href":"https:\/\/www.botica.com.py\/home\/wp-json\/wp\/v2\/media?parent=31449"}],"wp:term":[{"taxonomy":"product_brand","embeddable":true,"href":"https:\/\/www.botica.com.py\/home\/wp-json\/wp\/v2\/product_brand?post=31449"},{"taxonomy":"product_cat","embeddable":true,"href":"https:\/\/www.botica.com.py\/home\/wp-json\/wp\/v2\/product_cat?post=31449"},{"taxonomy":"product_tag","embeddable":true,"href":"https:\/\/www.botica.com.py\/home\/wp-json\/wp\/v2\/product_tag?post=31449"}],"curies":[{"name":"wp","href":"https:\/\/api.w.org\/{rel}","templated":true}]}}