{"id":31452,"date":"2026-02-16T12:40:31","date_gmt":"2026-02-16T16:40:31","guid":{"rendered":"https:\/\/www.botica.com.py\/home\/?post_type=product&#038;p=31452"},"modified":"2026-03-26T10:26:23","modified_gmt":"2026-03-26T14:26:23","slug":"ioimbina-zinc-l-arginina-marapuama-catuaba-ginseng","status":"publish","type":"product","link":"https:\/\/www.botica.com.py\/home\/product\/ioimbina-zinc-l-arginina-marapuama-catuaba-ginseng\/","title":{"rendered":"Aumento de libido (Femenino)"},"content":{"rendered":"<p data-start=\"138\" data-end=\"181\"><strong data-start=\"138\" data-end=\"179\">Complejo Natural para Libido Femenina<\/strong><\/p>\n<p data-start=\"183\" data-end=\"249\"><strong data-start=\"183\" data-end=\"247\">Ioimbina + Zinc + L-arginina + Marapuama + Catuaba + Ginseng<\/strong><\/p>\n<p data-start=\"251\" data-end=\"279\"><strong data-start=\"251\" data-end=\"277\">\u00bfQu\u00e9 es este producto?<\/strong><\/p>\n<p data-start=\"281\" data-end=\"663\">El Complejo Natural para Libido Femenina es una formulaci\u00f3n fitoterap\u00e9utica dise\u00f1ada para apoyar el deseo sexual y la excitaci\u00f3n en la mujer, mejorando la sensibilidad y respuesta sexual, as\u00ed como la energ\u00eda y bienestar general. Su combinaci\u00f3n de activos naturales act\u00faa sobre la circulaci\u00f3n, la funci\u00f3n hormonal y la excitaci\u00f3n, favoreciendo un aumento del deseo sexual femenino.<\/p>\n<p data-start=\"665\" data-end=\"699\"><strong data-start=\"665\" data-end=\"697\">Acci\u00f3n y mecanismo de acci\u00f3n<\/strong><\/p>\n<p data-start=\"701\" data-end=\"786\">Esta f\u00f3rmula act\u00faa de manera integral sobre la libido y la funci\u00f3n sexual femenina:<\/p>\n<ul data-start=\"788\" data-end=\"1040\">\n<li data-start=\"788\" data-end=\"831\">\n<p data-start=\"790\" data-end=\"831\">Aumenta el deseo y la excitaci\u00f3n sexual<\/p>\n<\/li>\n<li data-start=\"832\" data-end=\"889\">\n<p data-start=\"834\" data-end=\"889\">Mejora la sensibilidad y respuesta al est\u00edmulo sexual<\/p>\n<\/li>\n<li data-start=\"890\" data-end=\"925\">\n<p data-start=\"892\" data-end=\"925\">Favorece la circulaci\u00f3n genital<\/p>\n<\/li>\n<li data-start=\"926\" data-end=\"983\">\n<p data-start=\"928\" data-end=\"983\">Contribuye al equilibrio hormonal y bienestar general<\/p>\n<\/li>\n<li data-start=\"984\" data-end=\"1040\">\n<p data-start=\"986\" data-end=\"1040\">Reduce el impacto del estr\u00e9s sobre la funci\u00f3n sexual<\/p>\n<\/li>\n<\/ul>\n<p data-start=\"1042\" data-end=\"1084\"><strong data-start=\"1042\" data-end=\"1082\">Acci\u00f3n espec\u00edfica de cada componente<\/strong><\/p>\n<p data-start=\"1086\" data-end=\"1100\"><strong data-start=\"1086\" data-end=\"1098\">Ioimbina<\/strong><\/p>\n<ul data-start=\"1101\" data-end=\"1270\">\n<li data-start=\"1101\" data-end=\"1169\">\n<p data-start=\"1103\" data-end=\"1169\">Estimula la libido femenina aumentando la vasodilataci\u00f3n genital<\/p>\n<\/li>\n<li data-start=\"1170\" data-end=\"1203\">\n<p data-start=\"1172\" data-end=\"1203\">Mejora la sensibilidad sexual<\/p>\n<\/li>\n<li data-start=\"1204\" data-end=\"1270\">\n<p data-start=\"1206\" data-end=\"1270\">Act\u00faa sobre receptores adren\u00e9rgicos favoreciendo la excitaci\u00f3n<\/p>\n<\/li>\n<\/ul>\n<p data-start=\"1272\" data-end=\"1282\"><strong data-start=\"1272\" data-end=\"1280\">Zinc<\/strong><\/p>\n<ul data-start=\"1283\" data-end=\"1430\">\n<li data-start=\"1283\" data-end=\"1361\">\n<p data-start=\"1285\" data-end=\"1361\">Contribuye al equilibrio hormonal y al funcionamiento del sistema nervioso<\/p>\n<\/li>\n<li data-start=\"1362\" data-end=\"1430\">\n<p data-start=\"1364\" data-end=\"1430\">Apoya el deseo sexual en casos de deficiencia de micronutrientes<\/p>\n<\/li>\n<\/ul>\n<p data-start=\"1432\" data-end=\"1448\"><strong data-start=\"1432\" data-end=\"1446\">L-arginina<\/strong><\/p>\n<ul data-start=\"1449\" data-end=\"1583\">\n<li data-start=\"1449\" data-end=\"1530\">\n<p data-start=\"1451\" data-end=\"1530\">Favorece la producci\u00f3n de \u00f3xido n\u00edtrico, mejorando el flujo sangu\u00edneo genital<\/p>\n<\/li>\n<li data-start=\"1531\" data-end=\"1583\">\n<p data-start=\"1533\" data-end=\"1583\">Mejora la excitaci\u00f3n y respuesta sexual femenina<\/p>\n<\/li>\n<\/ul>\n<p data-start=\"1585\" data-end=\"1600\"><strong data-start=\"1585\" data-end=\"1598\">Marapuama<\/strong><\/p>\n<ul data-start=\"1601\" data-end=\"1753\">\n<li data-start=\"1601\" data-end=\"1647\">\n<p data-start=\"1603\" data-end=\"1647\">Aumenta la libido y la sensibilidad sexual<\/p>\n<\/li>\n<li data-start=\"1648\" data-end=\"1683\">\n<p data-start=\"1650\" data-end=\"1683\">Mejora la respuesta al est\u00edmulo<\/p>\n<\/li>\n<li data-start=\"1684\" data-end=\"1753\">\n<p data-start=\"1686\" data-end=\"1753\">\u00datil en casos de disminuci\u00f3n del deseo asociada a estr\u00e9s o fatiga<\/p>\n<\/li>\n<\/ul>\n<p data-start=\"1755\" data-end=\"1768\"><strong data-start=\"1755\" data-end=\"1766\">Catuaba<\/strong><\/p>\n<ul data-start=\"1769\" data-end=\"1914\">\n<li data-start=\"1769\" data-end=\"1817\">\n<p data-start=\"1771\" data-end=\"1817\">Estimulante del deseo y la excitaci\u00f3n sexual<\/p>\n<\/li>\n<li data-start=\"1818\" data-end=\"1861\">\n<p data-start=\"1820\" data-end=\"1861\">Act\u00faa sobre el sistema nervioso central<\/p>\n<\/li>\n<li data-start=\"1862\" data-end=\"1914\">\n<p data-start=\"1864\" data-end=\"1914\">Tradicionalmente usada como afrodis\u00edaco femenino<\/p>\n<\/li>\n<\/ul>\n<p data-start=\"1916\" data-end=\"1929\"><strong data-start=\"1916\" data-end=\"1927\">Ginseng<\/strong><\/p>\n<ul data-start=\"1930\" data-end=\"2071\">\n<li data-start=\"1930\" data-end=\"1979\">\n<p data-start=\"1932\" data-end=\"1979\">Mejora la libido y la funci\u00f3n sexual femenina<\/p>\n<\/li>\n<li data-start=\"1980\" data-end=\"2016\">\n<p data-start=\"1982\" data-end=\"2016\">Aumenta la energ\u00eda y circulaci\u00f3n<\/p>\n<\/li>\n<li data-start=\"2017\" data-end=\"2071\">\n<p data-start=\"2019\" data-end=\"2071\">Reduce el impacto del estr\u00e9s sobre el deseo sexual<\/p>\n<\/li>\n<\/ul>\n<p data-start=\"2073\" data-end=\"2101\"><strong data-start=\"2073\" data-end=\"2099\">Beneficios principales<\/strong><\/p>\n<ul data-start=\"2103\" data-end=\"2331\">\n<li data-start=\"2103\" data-end=\"2140\">\n<p data-start=\"2105\" data-end=\"2140\">Aumento del deseo sexual femenino<\/p>\n<\/li>\n<li data-start=\"2141\" data-end=\"2190\">\n<p data-start=\"2143\" data-end=\"2190\">Mejora de la excitaci\u00f3n y sensibilidad sexual<\/p>\n<\/li>\n<li data-start=\"2191\" data-end=\"2240\">\n<p data-start=\"2193\" data-end=\"2240\">Apoyo a la funci\u00f3n sexual y bienestar general<\/p>\n<\/li>\n<li data-start=\"2241\" data-end=\"2293\">\n<p data-start=\"2243\" data-end=\"2293\">Reducci\u00f3n del impacto del estr\u00e9s sobre la libido<\/p>\n<\/li>\n<li data-start=\"2294\" data-end=\"2331\">\n<p data-start=\"2296\" data-end=\"2331\">Equilibrio hormonal y nutricional<\/p>\n<\/li>\n<\/ul>\n<p data-start=\"2333\" data-end=\"2351\"><strong data-start=\"2333\" data-end=\"2349\">Indicaciones<\/strong><\/p>\n<ul data-start=\"2353\" data-end=\"2527\">\n<li data-start=\"2353\" data-end=\"2394\">\n<p data-start=\"2355\" data-end=\"2394\">Disminuci\u00f3n del deseo sexual femenino<\/p>\n<\/li>\n<li data-start=\"2395\" data-end=\"2435\">\n<p data-start=\"2397\" data-end=\"2435\">Fatiga o estr\u00e9s que afecta la libido<\/p>\n<\/li>\n<li data-start=\"2436\" data-end=\"2482\">\n<p data-start=\"2438\" data-end=\"2482\">Mejora de la excitaci\u00f3n y respuesta sexual<\/p>\n<\/li>\n<li data-start=\"2483\" data-end=\"2527\">\n<p data-start=\"2485\" data-end=\"2527\">Apoyo general a la salud sexual femenina<\/p>\n<\/li>\n<\/ul>\n<p data-start=\"2529\" data-end=\"2553\"><strong data-start=\"2529\" data-end=\"2551\">Contraindicaciones<\/strong><\/p>\n<ul data-start=\"2555\" data-end=\"2808\">\n<li data-start=\"2555\" data-end=\"2655\">\n<p data-start=\"2557\" data-end=\"2655\">Ansiedad, hipertensi\u00f3n no controlada y trastornos card\u00edacos; puede causar nerviosismo e insomnio<\/p>\n<\/li>\n<li data-start=\"2656\" data-end=\"2700\">\n<p data-start=\"2658\" data-end=\"2700\">Evitar uso concomitante con estimulantes<\/p>\n<\/li>\n<li data-start=\"2701\" data-end=\"2739\">\n<p data-start=\"2703\" data-end=\"2739\">Precauci\u00f3n en trastornos tiroideos<\/p>\n<\/li>\n<li data-start=\"2740\" data-end=\"2808\">\n<p data-start=\"2742\" data-end=\"2808\">Hipotensi\u00f3n o uso de nitratos; puede causar molestias digestivas<\/p>\n<\/li>\n<\/ul>\n<p data-start=\"2810\" data-end=\"2825\"><strong data-start=\"2810\" data-end=\"2823\">Posolog\u00eda<\/strong><\/p>\n<p data-start=\"2827\" data-end=\"2902\">Tomar 1 c\u00e1psula al d\u00eda, o seg\u00fan indicaci\u00f3n de un profesional de la salud.<\/p>\n<p data-start=\"2904\" data-end=\"2922\"><strong data-start=\"2904\" data-end=\"2920\">Presentaci\u00f3n<\/strong><\/p>\n<p data-start=\"2924\" data-end=\"2934\">C\u00e1psulas<\/p>\n<p data-start=\"2936\" data-end=\"2969\"><strong data-start=\"2936\" data-end=\"2967\">Presentaciones disponibles:<\/strong><\/p>\n<ul data-start=\"2970\" data-end=\"3026\">\n<li data-start=\"2970\" data-end=\"2997\">\n<p data-start=\"2972\" data-end=\"2997\">30 c\u00e1psulas \u2013 85.000 Gs<\/p>\n<\/li>\n<\/ul>\n<h3 data-start=\"4280\" data-end=\"4303\">Informaci\u00f3n importante<\/h3>\n<p>Este producto es libre de gluten y lactosa<\/p>\n","protected":false},"excerpt":{"rendered":"<p><strong>Ioimbina 7.5MG + Zinc 10MG + L-arginina 150MG + Marapuama extracto 100MG + Catuaba extracto 100MG + Ginseng 100MG<\/strong><\/p>\n<p><strong>Indicaci\u00f3n:<\/strong> aumento de la libido y deseo sexual femenino<\/p>\n<p><strong>Acci\u00f3n:<\/strong><\/p>\n<ul>\n<li><strong>Ioimbina:<\/strong> Estimula la libido femenina al aumentar la vasodilataci\u00f3n genital y la sensibilidad sexual.<br \/>\nAct\u00faa sobre receptores adren\u00e9rgicos, favoreciendo la excitaci\u00f3n<\/li>\n<li><strong>Zinc:<\/strong> Contribuye al equilibrio hormonal y al funcionamiento del sistema nervioso.<br \/>\nPuede apoyar el deseo sexual cuando existe deficiencia de micronutrientes.<\/li>\n<li><strong>L-arginina:<\/strong> Aumenta la producci\u00f3n de \u00f3xido n\u00edtrico, mejorando el flujo sangu\u00edneo genital.<br \/>\nFavorece la excitaci\u00f3n y respuesta sexual femenina.<\/li>\n<li><strong> Marapuama:<\/strong> Aumenta la libido y la sensibilidad sexual, mejorando la respuesta al est\u00edmulo.<br \/>\n\u00datil en casos de disminuci\u00f3n del deseo asociada a estr\u00e9s o fatiga.<\/li>\n<li><strong>Catuaba extracto:<\/strong> Estimula el deseo sexual y la excitaci\u00f3n al actuar sobre el sistema nervioso central.<br \/>\nTradicionalmente usada como afrodis\u00edaco femenino.<\/li>\n<li><strong>Ginseng:<\/strong> Mejora la libido y la funci\u00f3n sexual femenina al aumentar energ\u00eda y circulaci\u00f3n.<br \/>\nReduce el impacto del estr\u00e9s sobre el deseo sexual.<\/li>\n<\/ul>\n<h3 data-start=\"2156\" data-end=\"2186\">Presentaciones disponibles<\/h3>\n<p data-start=\"2187\" data-end=\"2232\">30 c\u00e1psulas \u2013 85.000 Gs<\/p>\n","protected":false},"featured_media":31486,"comment_status":"closed","ping_status":"closed","template":"","meta":{"nf_dc_page":""},"product_brand":[],"product_cat":[57],"product_tag":[],"class_list":{"0":"post-31452","1":"product","2":"type-product","3":"status-publish","4":"has-post-thumbnail","6":"product_cat-uncategorized","8":"first","9":"instock","10":"shipping-taxable","11":"purchasable","12":"product-type-simple"},"_links":{"self":[{"href":"https:\/\/www.botica.com.py\/home\/wp-json\/wp\/v2\/product\/31452","targetHints":{"allow":["GET"]}}],"collection":[{"href":"https:\/\/www.botica.com.py\/home\/wp-json\/wp\/v2\/product"}],"about":[{"href":"https:\/\/www.botica.com.py\/home\/wp-json\/wp\/v2\/types\/product"}],"replies":[{"embeddable":true,"href":"https:\/\/www.botica.com.py\/home\/wp-json\/wp\/v2\/comments?post=31452"}],"wp:featuredmedia":[{"embeddable":true,"href":"https:\/\/www.botica.com.py\/home\/wp-json\/wp\/v2\/media\/31486"}],"wp:attachment":[{"href":"https:\/\/www.botica.com.py\/home\/wp-json\/wp\/v2\/media?parent=31452"}],"wp:term":[{"taxonomy":"product_brand","embeddable":true,"href":"https:\/\/www.botica.com.py\/home\/wp-json\/wp\/v2\/product_brand?post=31452"},{"taxonomy":"product_cat","embeddable":true,"href":"https:\/\/www.botica.com.py\/home\/wp-json\/wp\/v2\/product_cat?post=31452"},{"taxonomy":"product_tag","embeddable":true,"href":"https:\/\/www.botica.com.py\/home\/wp-json\/wp\/v2\/product_tag?post=31452"}],"curies":[{"name":"wp","href":"https:\/\/api.w.org\/{rel}","templated":true}]}}