{"id":31457,"date":"2026-02-16T12:42:23","date_gmt":"2026-02-16T16:42:23","guid":{"rendered":"https:\/\/www.botica.com.py\/home\/?post_type=product&#038;p=31457"},"modified":"2026-03-26T10:29:21","modified_gmt":"2026-03-26T14:29:21","slug":"gamma-oryzanol-vitamina-e","status":"publish","type":"product","link":"https:\/\/www.botica.com.py\/home\/product\/gamma-oryzanol-vitamina-e\/","title":{"rendered":"Aumento de la masa muscular \u2013 Reduce la fatiga"},"content":{"rendered":"<p data-start=\"129\" data-end=\"187\"><strong data-start=\"129\" data-end=\"185\">Complejo Natural para Crecimiento Muscular y Energ\u00eda<\/strong><\/p>\n<p data-start=\"189\" data-end=\"222\"><strong data-start=\"189\" data-end=\"220\">Gamma Oryzanol + Vitamina E<\/strong><\/p>\n<p data-start=\"224\" data-end=\"252\"><strong data-start=\"224\" data-end=\"250\">\u00bfQu\u00e9 es este producto?<\/strong><\/p>\n<p data-start=\"254\" data-end=\"618\">El Complejo Natural para Crecimiento Muscular y Energ\u00eda es una formulaci\u00f3n dise\u00f1ada para apoyar el desarrollo muscular, mejorar la recuperaci\u00f3n y reducir la fatiga durante el entrenamiento. Su combinaci\u00f3n de activos naturales act\u00faa sobre el sistema hormonal y antioxidante, favoreciendo un rendimiento f\u00edsico \u00f3ptimo y mayor bienestar durante la actividad f\u00edsica.<\/p>\n<p data-start=\"620\" data-end=\"654\"><strong data-start=\"620\" data-end=\"652\">Acci\u00f3n y mecanismo de acci\u00f3n<\/strong><\/p>\n<p data-start=\"656\" data-end=\"741\">Esta f\u00f3rmula act\u00faa de manera integral sobre el rendimiento y recuperaci\u00f3n muscular:<\/p>\n<ul data-start=\"743\" data-end=\"1056\">\n<li data-start=\"743\" data-end=\"776\">\n<p data-start=\"745\" data-end=\"776\">Apoya el crecimiento muscular<\/p>\n<\/li>\n<li data-start=\"777\" data-end=\"831\">\n<p data-start=\"779\" data-end=\"831\">Reduce la sensaci\u00f3n de fatiga durante el ejercicio<\/p>\n<\/li>\n<li data-start=\"832\" data-end=\"903\">\n<p data-start=\"834\" data-end=\"903\">Estimula la liberaci\u00f3n de hormonas asociadas al desarrollo muscular<\/p>\n<\/li>\n<li data-start=\"904\" data-end=\"988\">\n<p data-start=\"906\" data-end=\"988\">Contribuye a la recuperaci\u00f3n y protecci\u00f3n del m\u00fasculo frente al estr\u00e9s oxidativo<\/p>\n<\/li>\n<li data-start=\"989\" data-end=\"1056\">\n<p data-start=\"991\" data-end=\"1056\">Mejora el bienestar general durante y despu\u00e9s del entrenamiento<\/p>\n<\/li>\n<\/ul>\n<p data-start=\"1058\" data-end=\"1100\"><strong data-start=\"1058\" data-end=\"1098\">Acci\u00f3n espec\u00edfica de cada componente<\/strong><\/p>\n<p data-start=\"1102\" data-end=\"1122\"><strong data-start=\"1102\" data-end=\"1120\">Gamma Oryzanol<\/strong><\/p>\n<ul data-start=\"1123\" data-end=\"1405\">\n<li data-start=\"1123\" data-end=\"1231\">\n<p data-start=\"1125\" data-end=\"1231\">Estimula el sistema hormonal para favorecer la producci\u00f3n de testosterona y hormona del crecimiento (GH)<\/p>\n<\/li>\n<li data-start=\"1232\" data-end=\"1295\">\n<p data-start=\"1234\" data-end=\"1295\">Contribuye al crecimiento muscular y mejora del rendimiento<\/p>\n<\/li>\n<li data-start=\"1296\" data-end=\"1405\">\n<p data-start=\"1298\" data-end=\"1405\">Puede influir en la liberaci\u00f3n de endorfinas, reduciendo la fatiga y aumentando la sensaci\u00f3n de bienestar<\/p>\n<\/li>\n<\/ul>\n<p data-start=\"1407\" data-end=\"1423\"><strong data-start=\"1407\" data-end=\"1421\">Vitamina E<\/strong><\/p>\n<ul data-start=\"1424\" data-end=\"1619\">\n<li data-start=\"1424\" data-end=\"1526\">\n<p data-start=\"1426\" data-end=\"1526\">Potente antioxidante que protege los m\u00fasculos del da\u00f1o oxidativo inducido por el ejercicio intenso<\/p>\n<\/li>\n<li data-start=\"1527\" data-end=\"1564\">\n<p data-start=\"1529\" data-end=\"1564\">Favorece la recuperaci\u00f3n muscular<\/p>\n<\/li>\n<li data-start=\"1565\" data-end=\"1619\">\n<p data-start=\"1567\" data-end=\"1619\">Contribuye al mantenimiento del rendimiento f\u00edsico<\/p>\n<\/li>\n<\/ul>\n<p data-start=\"1621\" data-end=\"1649\"><strong data-start=\"1621\" data-end=\"1647\">Beneficios principales<\/strong><\/p>\n<ul data-start=\"1651\" data-end=\"1880\">\n<li data-start=\"1651\" data-end=\"1684\">\n<p data-start=\"1653\" data-end=\"1684\">Apoyo al crecimiento muscular<\/p>\n<\/li>\n<li data-start=\"1685\" data-end=\"1736\">\n<p data-start=\"1687\" data-end=\"1736\">Reducci\u00f3n de la fatiga durante el entrenamiento<\/p>\n<\/li>\n<li data-start=\"1737\" data-end=\"1787\">\n<p data-start=\"1739\" data-end=\"1787\">Mejora de la recuperaci\u00f3n y rendimiento f\u00edsico<\/p>\n<\/li>\n<li data-start=\"1788\" data-end=\"1831\">\n<p data-start=\"1790\" data-end=\"1831\">Protecci\u00f3n antioxidante de los m\u00fasculos<\/p>\n<\/li>\n<li data-start=\"1832\" data-end=\"1880\">\n<p data-start=\"1834\" data-end=\"1880\">Aumento del bienestar y sensaci\u00f3n de energ\u00eda<\/p>\n<\/li>\n<\/ul>\n<p data-start=\"1882\" data-end=\"1900\"><strong data-start=\"1882\" data-end=\"1898\">Indicaciones<\/strong><\/p>\n<ul data-start=\"1902\" data-end=\"2071\">\n<li data-start=\"1902\" data-end=\"1934\">\n<p data-start=\"1904\" data-end=\"1934\">Entrenamiento f\u00edsico intenso<\/p>\n<\/li>\n<li data-start=\"1935\" data-end=\"1967\">\n<p data-start=\"1937\" data-end=\"1967\">Apoyo al desarrollo muscular<\/p>\n<\/li>\n<li data-start=\"1968\" data-end=\"2026\">\n<p data-start=\"1970\" data-end=\"2026\">Reducci\u00f3n de fatiga y agotamiento durante el ejercicio<\/p>\n<\/li>\n<li data-start=\"2027\" data-end=\"2071\">\n<p data-start=\"2029\" data-end=\"2071\">Recuperaci\u00f3n muscular post entrenamiento<\/p>\n<\/li>\n<\/ul>\n<p data-start=\"2073\" data-end=\"2097\"><strong data-start=\"2073\" data-end=\"2095\">Contraindicaciones<\/strong><\/p>\n<ul data-start=\"2099\" data-end=\"2259\">\n<li data-start=\"2099\" data-end=\"2176\">\n<p data-start=\"2101\" data-end=\"2176\">Precauci\u00f3n en uso de anticoagulantes, puede interferir con la coagulaci\u00f3n<\/p>\n<\/li>\n<li data-start=\"2177\" data-end=\"2224\">\n<p data-start=\"2179\" data-end=\"2224\">Posibles molestias gastrointestinales leves<\/p>\n<\/li>\n<li data-start=\"2225\" data-end=\"2259\">\n<p data-start=\"2227\" data-end=\"2259\">Evitar en embarazo y lactancia<\/p>\n<\/li>\n<\/ul>\n<p data-start=\"2261\" data-end=\"2276\"><strong data-start=\"2261\" data-end=\"2274\">Posolog\u00eda<\/strong><\/p>\n<p data-start=\"2278\" data-end=\"2385\">Tomar 1 c\u00e1psula al d\u00eda, 1 hora antes del entrenamiento, o seg\u00fan indicaci\u00f3n de un profesional de la salud.<\/p>\n<p data-start=\"2387\" data-end=\"2405\"><strong data-start=\"2387\" data-end=\"2403\">Presentaci\u00f3n<\/strong><\/p>\n<p data-start=\"2407\" data-end=\"2417\">C\u00e1psulas<\/p>\n<p data-start=\"2419\" data-end=\"2452\"><strong data-start=\"2419\" data-end=\"2450\">Presentaciones disponibles:<\/strong><\/p>\n<ul data-start=\"2453\" data-end=\"2510\">\n<li data-start=\"2453\" data-end=\"2481\">\n<p data-start=\"2455\" data-end=\"2481\">30 c\u00e1psulas \u2013 125.000 Gs<\/p>\n<\/li>\n<\/ul>\n<h3 data-start=\"4280\" data-end=\"4303\">Informaci\u00f3n importante<\/h3>\n<p>Este producto es libre de gluten y lactosa<\/p>\n","protected":false},"excerpt":{"rendered":"<p><strong>Gamma Oryzanol 200Mg + Vitamina E 200UI<\/strong><\/p>\n<p><strong>Indicaci\u00f3n:<\/strong> crecimiento muscular, ayuda a reducir la fatiga durante el entrenamiento<\/p>\n<p><strong>Acci\u00f3n:<\/strong><\/p>\n<ul>\n<li><strong>Gamma Oryzanol:<\/strong> posee los mismos efectos que los esteroides anab\u00f3licos, sin embargo, no es un anab\u00f3lico por no ser convertido en testosterona por el organismo. La suplementaci\u00f3n tiene efecto sobre el sistema hormonal del cuerpo, especialmente en la habilidad para aumentar los niveles de testosterona, tambi\u00e9n es conocido por estimular el hipot\u00e1lamo y liberar la hormona del crecimiento (GH), que estimula el organismo a producir el HGH. Ambos, testosterona y GH humano poseen efectos del crecimiento muscular. Puede tambi\u00e9n desenvolver efectos en la endorfina (responsables en el efecto del bien estar). La endorfina son liberadas durante el ejercicio y ayudan a reducir el sentimiento de fatiga.<\/li>\n<li><strong>Vitamina E:<\/strong> potente antioxidante que protege el m\u00fasculo del da\u00f1o oxidativo inducido por el ejercicio intenso.<br \/>\nContribuye a la recuperaci\u00f3n muscular y al mantenimiento del rendimiento f\u00edsico<\/li>\n<\/ul>\n<h3 data-start=\"2156\" data-end=\"2186\">Presentaciones disponibles<\/h3>\n<p data-start=\"2187\" data-end=\"2232\">30 c\u00e1psulas \u2013 125.000 Gs<\/p>\n","protected":false},"featured_media":31487,"comment_status":"closed","ping_status":"closed","template":"","meta":{"nf_dc_page":""},"product_brand":[],"product_cat":[57],"product_tag":[],"class_list":{"0":"post-31457","1":"product","2":"type-product","3":"status-publish","4":"has-post-thumbnail","6":"product_cat-uncategorized","8":"first","9":"instock","10":"shipping-taxable","11":"purchasable","12":"product-type-simple"},"_links":{"self":[{"href":"https:\/\/www.botica.com.py\/home\/wp-json\/wp\/v2\/product\/31457","targetHints":{"allow":["GET"]}}],"collection":[{"href":"https:\/\/www.botica.com.py\/home\/wp-json\/wp\/v2\/product"}],"about":[{"href":"https:\/\/www.botica.com.py\/home\/wp-json\/wp\/v2\/types\/product"}],"replies":[{"embeddable":true,"href":"https:\/\/www.botica.com.py\/home\/wp-json\/wp\/v2\/comments?post=31457"}],"wp:featuredmedia":[{"embeddable":true,"href":"https:\/\/www.botica.com.py\/home\/wp-json\/wp\/v2\/media\/31487"}],"wp:attachment":[{"href":"https:\/\/www.botica.com.py\/home\/wp-json\/wp\/v2\/media?parent=31457"}],"wp:term":[{"taxonomy":"product_brand","embeddable":true,"href":"https:\/\/www.botica.com.py\/home\/wp-json\/wp\/v2\/product_brand?post=31457"},{"taxonomy":"product_cat","embeddable":true,"href":"https:\/\/www.botica.com.py\/home\/wp-json\/wp\/v2\/product_cat?post=31457"},{"taxonomy":"product_tag","embeddable":true,"href":"https:\/\/www.botica.com.py\/home\/wp-json\/wp\/v2\/product_tag?post=31457"}],"curies":[{"name":"wp","href":"https:\/\/api.w.org\/{rel}","templated":true}]}}