{"id":31460,"date":"2026-02-16T12:42:23","date_gmt":"2026-02-16T16:42:23","guid":{"rendered":"https:\/\/www.botica.com.py\/home\/?post_type=product&#038;p=31460"},"modified":"2026-03-26T10:30:07","modified_gmt":"2026-03-26T14:30:07","slug":"melatonina-5-htp","status":"publish","type":"product","link":"https:\/\/www.botica.com.py\/home\/product\/melatonina-5-htp\/","title":{"rendered":"Relajante, sue\u00f1o saludable"},"content":{"rendered":"<h3 data-start=\"147\" data-end=\"194\"><strong data-start=\"151\" data-end=\"192\">Complejo Natural para Sue\u00f1o Saludable<\/strong><\/h3>\n<p data-start=\"196\" data-end=\"220\"><strong data-start=\"196\" data-end=\"218\">Melatonina + 5-HTP<\/strong><\/p>\n<p data-start=\"222\" data-end=\"554\"><strong data-start=\"222\" data-end=\"248\">\u00bfQu\u00e9 es este producto?<\/strong><br data-start=\"248\" data-end=\"251\" \/>El Complejo Natural para Sue\u00f1o Saludable es una formulaci\u00f3n dise\u00f1ada para favorecer la relajaci\u00f3n y promover un sue\u00f1o reparador. Su combinaci\u00f3n de melatonina y 5-HTP act\u00faa sobre los neurotransmisores clave del sue\u00f1o, regulando los ciclos de descanso y mejorando la calidad del sue\u00f1o de manera natural.<\/p>\n<p data-start=\"556\" data-end=\"590\"><strong data-start=\"556\" data-end=\"588\">Acci\u00f3n y mecanismo de acci\u00f3n<\/strong><\/p>\n<ul data-start=\"591\" data-end=\"879\">\n<li data-start=\"591\" data-end=\"654\">\n<p data-start=\"593\" data-end=\"654\">Favorece la conciliaci\u00f3n del sue\u00f1o y la relajaci\u00f3n nocturna<\/p>\n<\/li>\n<li data-start=\"655\" data-end=\"704\">\n<p data-start=\"657\" data-end=\"704\">Regula los niveles de serotonina y melatonina<\/p>\n<\/li>\n<li data-start=\"705\" data-end=\"750\">\n<p data-start=\"707\" data-end=\"750\">Mejora la calidad y continuidad del sue\u00f1o<\/p>\n<\/li>\n<li data-start=\"751\" data-end=\"794\">\n<p data-start=\"753\" data-end=\"794\">Contribuye al bienestar f\u00edsico y mental<\/p>\n<\/li>\n<li data-start=\"795\" data-end=\"879\">\n<p data-start=\"797\" data-end=\"879\">Refuerza la producci\u00f3n natural de neurotransmisores relacionados con el descanso<\/p>\n<\/li>\n<\/ul>\n<p data-start=\"881\" data-end=\"1300\"><strong data-start=\"881\" data-end=\"921\">Acci\u00f3n espec\u00edfica de cada componente<\/strong><br data-start=\"921\" data-end=\"924\" \/><strong data-start=\"924\" data-end=\"939\">Melatonina:<\/strong> Hormona natural que regula el ciclo sue\u00f1o-vigilia, favorece la conciliaci\u00f3n del sue\u00f1o y ayuda a mantener un ritmo circadiano saludable.<br data-start=\"1075\" data-end=\"1078\" \/><strong data-start=\"1078\" data-end=\"1088\">5-HTP:<\/strong> Precursos de la serotonina, neurotransmisor clave en la regulaci\u00f3n del sue\u00f1o y el \u00e1nimo; mejora los niveles de serotonina para favorecer la producci\u00f3n natural de melatonina y un sue\u00f1o m\u00e1s profundo y reparador.<\/p>\n<p data-start=\"1302\" data-end=\"1330\"><strong data-start=\"1302\" data-end=\"1328\">Beneficios principales<\/strong><\/p>\n<ul data-start=\"1331\" data-end=\"1571\">\n<li data-start=\"1331\" data-end=\"1374\">\n<p data-start=\"1333\" data-end=\"1374\">Promueve un sue\u00f1o saludable y reparador<\/p>\n<\/li>\n<li data-start=\"1375\" data-end=\"1410\">\n<p data-start=\"1377\" data-end=\"1410\">Favorece la relajaci\u00f3n nocturna<\/p>\n<\/li>\n<li data-start=\"1411\" data-end=\"1444\">\n<p data-start=\"1413\" data-end=\"1444\">Regula el ciclo sue\u00f1o-vigilia<\/p>\n<\/li>\n<li data-start=\"1445\" data-end=\"1527\">\n<p data-start=\"1447\" data-end=\"1527\">Mejora la producci\u00f3n natural de neurotransmisores relacionados con el descanso<\/p>\n<\/li>\n<li data-start=\"1528\" data-end=\"1571\">\n<p data-start=\"1530\" data-end=\"1571\">Contribuye al bienestar f\u00edsico y mental<\/p>\n<\/li>\n<\/ul>\n<p data-start=\"1573\" data-end=\"1591\"><strong data-start=\"1573\" data-end=\"1589\">Indicaciones<\/strong><\/p>\n<ul data-start=\"1592\" data-end=\"1757\">\n<li data-start=\"1592\" data-end=\"1630\">\n<p data-start=\"1594\" data-end=\"1630\">Dificultad para conciliar el sue\u00f1o<\/p>\n<\/li>\n<li data-start=\"1631\" data-end=\"1671\">\n<p data-start=\"1633\" data-end=\"1671\">Sue\u00f1o interrumpido o de mala calidad<\/p>\n<\/li>\n<li data-start=\"1672\" data-end=\"1715\">\n<p data-start=\"1674\" data-end=\"1715\">Estr\u00e9s o tensi\u00f3n que afecta el descanso<\/p>\n<\/li>\n<li data-start=\"1716\" data-end=\"1757\">\n<p data-start=\"1718\" data-end=\"1757\">Apoyo a un ritmo circadiano saludable<\/p>\n<\/li>\n<\/ul>\n<p data-start=\"1759\" data-end=\"1783\"><strong data-start=\"1759\" data-end=\"1781\">Contraindicaciones<\/strong><\/p>\n<ul data-start=\"1784\" data-end=\"2144\">\n<li data-start=\"1784\" data-end=\"1837\">\n<p data-start=\"1786\" data-end=\"1837\">Puede causar somnolencia diurna, mareos o cefalea<\/p>\n<\/li>\n<li data-start=\"1838\" data-end=\"1912\">\n<p data-start=\"1840\" data-end=\"1912\">Evitar combinar con sedantes, alcohol o antidepresivos sin supervisi\u00f3n<\/p>\n<\/li>\n<li data-start=\"1913\" data-end=\"1986\">\n<p data-start=\"1915\" data-end=\"1986\">Precauci\u00f3n en trastornos autoinmunes, epilepsia, embarazo y lactancia<\/p>\n<\/li>\n<li data-start=\"1987\" data-end=\"2109\">\n<p data-start=\"1989\" data-end=\"2109\">No combinar con antidepresivos (ISRS, IMAO), triptanos u otros serotonin\u00e9rgicos por riesgo de s\u00edndrome serotonin\u00e9rgico<\/p>\n<\/li>\n<li data-start=\"2110\" data-end=\"2144\">\n<p data-start=\"2112\" data-end=\"2144\">Puede causar n\u00e1useas o diarrea<\/p>\n<\/li>\n<\/ul>\n<p data-start=\"2146\" data-end=\"2279\"><strong data-start=\"2146\" data-end=\"2159\">Posolog\u00eda<\/strong><br data-start=\"2159\" data-end=\"2162\" \/>Consumir 1 c\u00e1psula sublingual 30 a 45 minutos antes de acostarse, o seg\u00fan indicaci\u00f3n de un profesional de la salud.<\/p>\n<p data-start=\"2281\" data-end=\"2323\"><strong data-start=\"2281\" data-end=\"2297\">Presentaci\u00f3n<\/strong><br data-start=\"2297\" data-end=\"2300\" \/>C\u00e1psulas sublinguales<\/p>\n<p data-start=\"2325\" data-end=\"2358\"><strong data-start=\"2325\" data-end=\"2356\">Presentaciones disponibles:<\/strong><\/p>\n<ul data-start=\"2359\" data-end=\"2416\">\n<li data-start=\"2359\" data-end=\"2387\">\n<p data-start=\"2361\" data-end=\"2387\">30 c\u00e1psulas \u2013 110.000 Gs<\/p>\n<\/li>\n<\/ul>\n<h3 data-start=\"4280\" data-end=\"4303\">Informaci\u00f3n importante<\/h3>\n<p>Este producto es libre de gluten y lactosa<\/p>\n","protected":false},"excerpt":{"rendered":"<p><strong>Melatonina 5MG + 5HTP 25MG<\/strong><\/p>\n<p><strong>Indicaci\u00f3n:<\/strong> relajante, sue\u00f1o saludable<\/p>\n<p><strong>Accion:<\/strong> El sue\u00f1o saludable depende de la melatonina y la serotonina. El 5-HTP es el precursor de la serotonina, por lo tanto, favorece los niveles saludables de este neurotransmisor. La gl\u00e1ndula pineal produce serotonina durante el d\u00eda que luego se convierte en melatonina durante la tarde y noche. Por lo tanto, la combinaci\u00f3n de la melatonina con el 5-HTP proporciona un enfoque de 2 niveles para lograr un sue\u00f1o saludable, lo que refuerza la producci\u00f3n de neurotransmisores y aporta m\u00e1s para obtener mejores resultados.<\/p>\n<h3 data-start=\"2156\" data-end=\"2186\">Presentaciones disponibles<\/h3>\n<p data-start=\"2187\" data-end=\"2232\">30 c\u00e1psulas \u2013 110.000 Gs<\/p>\n<p>&nbsp;<\/p>\n","protected":false},"featured_media":31497,"comment_status":"closed","ping_status":"closed","template":"","meta":{"nf_dc_page":""},"product_brand":[],"product_cat":[57],"product_tag":[],"class_list":{"0":"post-31460","1":"product","2":"type-product","3":"status-publish","4":"has-post-thumbnail","6":"product_cat-uncategorized","8":"first","9":"instock","10":"shipping-taxable","11":"purchasable","12":"product-type-simple"},"_links":{"self":[{"href":"https:\/\/www.botica.com.py\/home\/wp-json\/wp\/v2\/product\/31460","targetHints":{"allow":["GET"]}}],"collection":[{"href":"https:\/\/www.botica.com.py\/home\/wp-json\/wp\/v2\/product"}],"about":[{"href":"https:\/\/www.botica.com.py\/home\/wp-json\/wp\/v2\/types\/product"}],"replies":[{"embeddable":true,"href":"https:\/\/www.botica.com.py\/home\/wp-json\/wp\/v2\/comments?post=31460"}],"wp:featuredmedia":[{"embeddable":true,"href":"https:\/\/www.botica.com.py\/home\/wp-json\/wp\/v2\/media\/31497"}],"wp:attachment":[{"href":"https:\/\/www.botica.com.py\/home\/wp-json\/wp\/v2\/media?parent=31460"}],"wp:term":[{"taxonomy":"product_brand","embeddable":true,"href":"https:\/\/www.botica.com.py\/home\/wp-json\/wp\/v2\/product_brand?post=31460"},{"taxonomy":"product_cat","embeddable":true,"href":"https:\/\/www.botica.com.py\/home\/wp-json\/wp\/v2\/product_cat?post=31460"},{"taxonomy":"product_tag","embeddable":true,"href":"https:\/\/www.botica.com.py\/home\/wp-json\/wp\/v2\/product_tag?post=31460"}],"curies":[{"name":"wp","href":"https:\/\/api.w.org\/{rel}","templated":true}]}}