{"id":31466,"date":"2026-02-16T12:42:48","date_gmt":"2026-02-16T16:42:48","guid":{"rendered":"https:\/\/www.botica.com.py\/home\/?post_type=product&#038;p=31466"},"modified":"2026-03-26T10:34:39","modified_gmt":"2026-03-26T14:34:39","slug":"ashwagandha","status":"publish","type":"product","link":"https:\/\/www.botica.com.py\/home\/product\/ashwagandha\/","title":{"rendered":"Adaptogeno, Estr\u00e9s"},"content":{"rendered":"<h3 data-start=\"125\" data-end=\"166\"><strong data-start=\"129\" data-end=\"164\">Complejo Natural de Ashwagandha<\/strong><\/h3>\n<p data-start=\"168\" data-end=\"206\"><strong data-start=\"168\" data-end=\"204\">Ashwagandha (Withania somnifera)<\/strong><\/p>\n<p data-start=\"208\" data-end=\"599\"><strong data-start=\"208\" data-end=\"234\">\u00bfQu\u00e9 es este producto?<\/strong><br data-start=\"234\" data-end=\"237\" \/>El Complejo Natural de Ashwagandha es una formulaci\u00f3n fitoterap\u00e9utica dise\u00f1ada para apoyar la reducci\u00f3n del estr\u00e9s y la ansiedad, mejorar el rendimiento f\u00edsico y aumentar la vitalidad general. Esta planta adapt\u00f3gena utilizada en la medicina tradicional ayurv\u00e9dica ayuda a equilibrar las respuestas del cuerpo ante el estr\u00e9s, favoreciendo el bienestar integral.<\/p>\n<p data-start=\"601\" data-end=\"635\"><strong data-start=\"601\" data-end=\"633\">Acci\u00f3n y mecanismo de acci\u00f3n<\/strong><\/p>\n<ul data-start=\"636\" data-end=\"929\">\n<li data-start=\"636\" data-end=\"702\">\n<p data-start=\"638\" data-end=\"702\">Modula los niveles de cortisol y mejora la respuesta al estr\u00e9s<\/p>\n<\/li>\n<li data-start=\"703\" data-end=\"761\">\n<p data-start=\"705\" data-end=\"761\">Favorece la concentraci\u00f3n, memoria y funci\u00f3n cognitiva<\/p>\n<\/li>\n<li data-start=\"762\" data-end=\"823\">\n<p data-start=\"764\" data-end=\"823\">Promueve el equilibrio emocional y sensaci\u00f3n de bienestar<\/p>\n<\/li>\n<li data-start=\"824\" data-end=\"880\">\n<p data-start=\"826\" data-end=\"880\">Mejora la calidad del sue\u00f1o y la recuperaci\u00f3n f\u00edsica<\/p>\n<\/li>\n<li data-start=\"881\" data-end=\"929\">\n<p data-start=\"883\" data-end=\"929\">Aporta vitalidad y energ\u00eda de manera natural<\/p>\n<\/li>\n<\/ul>\n<p data-start=\"931\" data-end=\"1217\"><strong data-start=\"931\" data-end=\"967\">Acci\u00f3n espec\u00edfica del componente<\/strong><br data-start=\"967\" data-end=\"970\" \/><strong data-start=\"970\" data-end=\"1007\">Ashwagandha (Withania somnifera):<\/strong> Adapt\u00f3geno que ayuda a reducir estr\u00e9s y ansiedad, refuerza la funci\u00f3n cognitiva, mejora la concentraci\u00f3n y memoria, favorece el equilibrio emocional, la calidad del sue\u00f1o y la sensaci\u00f3n de bienestar general.<\/p>\n<p data-start=\"1219\" data-end=\"1247\"><strong data-start=\"1219\" data-end=\"1245\">Beneficios principales<\/strong><\/p>\n<ul data-start=\"1248\" data-end=\"1458\">\n<li data-start=\"1248\" data-end=\"1286\">\n<p data-start=\"1250\" data-end=\"1286\">Reducci\u00f3n del estr\u00e9s y la ansiedad<\/p>\n<\/li>\n<li data-start=\"1287\" data-end=\"1320\">\n<p data-start=\"1289\" data-end=\"1320\">Mejora del rendimiento f\u00edsico<\/p>\n<\/li>\n<li data-start=\"1321\" data-end=\"1365\">\n<p data-start=\"1323\" data-end=\"1365\">Incremento de la concentraci\u00f3n y memoria<\/p>\n<\/li>\n<li data-start=\"1366\" data-end=\"1410\">\n<p data-start=\"1368\" data-end=\"1410\">Equilibrio emocional y bienestar general<\/p>\n<\/li>\n<li data-start=\"1411\" data-end=\"1458\">\n<p data-start=\"1413\" data-end=\"1458\">Apoyo a la calidad del sue\u00f1o y recuperaci\u00f3n<\/p>\n<\/li>\n<\/ul>\n<p data-start=\"1460\" data-end=\"1478\"><strong data-start=\"1460\" data-end=\"1476\">Indicaciones<\/strong><\/p>\n<ul data-start=\"1479\" data-end=\"1627\">\n<li data-start=\"1479\" data-end=\"1500\">\n<p data-start=\"1481\" data-end=\"1500\">Estr\u00e9s y ansiedad<\/p>\n<\/li>\n<li data-start=\"1501\" data-end=\"1527\">\n<p data-start=\"1503\" data-end=\"1527\">Fatiga f\u00edsica o mental<\/p>\n<\/li>\n<li data-start=\"1528\" data-end=\"1577\">\n<p data-start=\"1530\" data-end=\"1577\">Mejorar concentraci\u00f3n y rendimiento cognitivo<\/p>\n<\/li>\n<li data-start=\"1578\" data-end=\"1627\">\n<p data-start=\"1580\" data-end=\"1627\">Apoyo al bienestar general y calidad de sue\u00f1o<\/p>\n<\/li>\n<\/ul>\n<p data-start=\"1629\" data-end=\"1653\"><strong data-start=\"1629\" data-end=\"1651\">Contraindicaciones<\/strong><\/p>\n<ul data-start=\"1654\" data-end=\"1748\">\n<li data-start=\"1654\" data-end=\"1678\">\n<p data-start=\"1656\" data-end=\"1678\">Embarazo y lactancia<\/p>\n<\/li>\n<li data-start=\"1679\" data-end=\"1748\">\n<p data-start=\"1681\" data-end=\"1748\">Precauci\u00f3n en trastornos tiroideos, autoinmunes o uso de sedantes<\/p>\n<\/li>\n<\/ul>\n<p data-start=\"1750\" data-end=\"1841\"><strong data-start=\"1750\" data-end=\"1763\">Posolog\u00eda<\/strong><br data-start=\"1763\" data-end=\"1766\" \/>Tomar 1 c\u00e1psula al d\u00eda, o seg\u00fan indicaci\u00f3n de un profesional de la salud.<\/p>\n<p data-start=\"1843\" data-end=\"1872\"><strong data-start=\"1843\" data-end=\"1859\">Presentaci\u00f3n<\/strong><br data-start=\"1859\" data-end=\"1862\" \/>C\u00e1psulas<\/p>\n<p data-start=\"1874\" data-end=\"1907\"><strong data-start=\"1874\" data-end=\"1905\">Presentaciones disponibles:<\/strong><\/p>\n<ul data-start=\"1908\" data-end=\"1965\">\n<li data-start=\"1908\" data-end=\"1936\">\n<p data-start=\"1910\" data-end=\"1936\">30 c\u00e1psulas \u2013 125.000 Gs<\/p>\n<\/li>\n<\/ul>\n<h3 data-start=\"4280\" data-end=\"4303\">Informaci\u00f3n importante<\/h3>\n<p>Este producto es libre de gluten y lactosa<\/p>\n","protected":false},"excerpt":{"rendered":"<p><strong>Ashwagandha extracto 500MG<\/strong><\/p>\n<p><strong>Indicaci\u00f3n:<\/strong> estr\u00e9s y ansiedad, rendimiento f\u00edsico y aumento de la vitalidad<\/p>\n<p><strong>Acci\u00f3n:<\/strong><\/p>\n<ul>\n<li>Planta utilizada en la medicina tradicional ayurvedica, tambi\u00e9n conocido como Withania sominifera.<\/li>\n<li>Adaptogeno que ayuda a reducir el estr\u00e9s y la ansiedad al modular el cortisol y mejorar la respuesta al estr\u00e9s<\/li>\n<li>Refuerza la funci\u00f3n cognitiva, incrementado la concentraci\u00f3n y la memoria<\/li>\n<li>Favorece el equilibrio emocional, la calidad de sue\u00f1o y la sensaci\u00f3n de bienestar general<\/li>\n<\/ul>\n<h3 data-start=\"2156\" data-end=\"2186\">Presentaciones disponibles<\/h3>\n<p data-start=\"2187\" data-end=\"2232\">30 c\u00e1psulas \u2013 125.000 Gs<\/p>\n","protected":false},"featured_media":31498,"comment_status":"closed","ping_status":"closed","template":"","meta":{"nf_dc_page":""},"product_brand":[],"product_cat":[57],"product_tag":[],"class_list":{"0":"post-31466","1":"product","2":"type-product","3":"status-publish","4":"has-post-thumbnail","6":"product_cat-uncategorized","8":"first","9":"instock","10":"shipping-taxable","11":"purchasable","12":"product-type-simple"},"_links":{"self":[{"href":"https:\/\/www.botica.com.py\/home\/wp-json\/wp\/v2\/product\/31466","targetHints":{"allow":["GET"]}}],"collection":[{"href":"https:\/\/www.botica.com.py\/home\/wp-json\/wp\/v2\/product"}],"about":[{"href":"https:\/\/www.botica.com.py\/home\/wp-json\/wp\/v2\/types\/product"}],"replies":[{"embeddable":true,"href":"https:\/\/www.botica.com.py\/home\/wp-json\/wp\/v2\/comments?post=31466"}],"wp:featuredmedia":[{"embeddable":true,"href":"https:\/\/www.botica.com.py\/home\/wp-json\/wp\/v2\/media\/31498"}],"wp:attachment":[{"href":"https:\/\/www.botica.com.py\/home\/wp-json\/wp\/v2\/media?parent=31466"}],"wp:term":[{"taxonomy":"product_brand","embeddable":true,"href":"https:\/\/www.botica.com.py\/home\/wp-json\/wp\/v2\/product_brand?post=31466"},{"taxonomy":"product_cat","embeddable":true,"href":"https:\/\/www.botica.com.py\/home\/wp-json\/wp\/v2\/product_cat?post=31466"},{"taxonomy":"product_tag","embeddable":true,"href":"https:\/\/www.botica.com.py\/home\/wp-json\/wp\/v2\/product_tag?post=31466"}],"curies":[{"name":"wp","href":"https:\/\/api.w.org\/{rel}","templated":true}]}}