{"id":31478,"date":"2026-02-16T12:43:15","date_gmt":"2026-02-16T16:43:15","guid":{"rendered":"https:\/\/www.botica.com.py\/home\/?post_type=product&#038;p=31478"},"modified":"2026-03-26T10:42:04","modified_gmt":"2026-03-26T14:42:04","slug":"caralluma-te-verde-porangaba","status":"publish","type":"product","link":"https:\/\/www.botica.com.py\/home\/product\/caralluma-te-verde-porangaba\/","title":{"rendered":"Quemador de grasa"},"content":{"rendered":"<h3 data-start=\"124\" data-end=\"181\"><strong data-start=\"128\" data-end=\"179\">Complejo Natural para Control de Peso y Apetito<\/strong><\/h3>\n<p data-start=\"183\" data-end=\"221\"><strong data-start=\"183\" data-end=\"219\">Caralluma + T\u00e9 Verde + Porangaba<\/strong><\/p>\n<p data-start=\"223\" data-end=\"612\"><strong data-start=\"223\" data-end=\"249\">\u00bfQu\u00e9 es este producto?<\/strong><br data-start=\"249\" data-end=\"252\" \/>El Complejo Natural para Control de Peso y Apetito es una formulaci\u00f3n fitoterap\u00e9utica dise\u00f1ada para ayudar a regular el apetito, favorecer la p\u00e9rdida de grasa y mejorar el metabolismo de manera natural. Su combinaci\u00f3n de extractos vegetales act\u00faa sobre los centros de hambre, la termog\u00e9nesis y la retenci\u00f3n de l\u00edquidos, apoyando un control de peso saludable.<\/p>\n<p data-start=\"614\" data-end=\"648\"><strong data-start=\"614\" data-end=\"646\">Acci\u00f3n y mecanismo de acci\u00f3n<\/strong><\/p>\n<ul data-start=\"649\" data-end=\"964\">\n<li data-start=\"649\" data-end=\"727\">\n<p data-start=\"651\" data-end=\"727\">Favorece la p\u00e9rdida de grasa mediante la termog\u00e9nesis y oxidaci\u00f3n lip\u00eddica<\/p>\n<\/li>\n<li data-start=\"728\" data-end=\"803\">\n<p data-start=\"730\" data-end=\"803\">Act\u00faa como supresor del apetito, ayudando a reducir la ingesta cal\u00f3rica<\/p>\n<\/li>\n<li data-start=\"804\" data-end=\"856\">\n<p data-start=\"806\" data-end=\"856\">Mejora el metabolismo y la regulaci\u00f3n energ\u00e9tica<\/p>\n<\/li>\n<li data-start=\"857\" data-end=\"892\">\n<p data-start=\"859\" data-end=\"892\">Reduce la retenci\u00f3n de l\u00edquidos<\/p>\n<\/li>\n<li data-start=\"893\" data-end=\"964\">\n<p data-start=\"895\" data-end=\"964\">Contribuye al bienestar general durante procesos de control de peso<\/p>\n<\/li>\n<\/ul>\n<p data-start=\"966\" data-end=\"1382\"><strong data-start=\"966\" data-end=\"1006\">Acci\u00f3n espec\u00edfica de cada componente<\/strong><br data-start=\"1006\" data-end=\"1009\" \/><strong data-start=\"1009\" data-end=\"1022\">T\u00e9 Verde:<\/strong> Aumenta la termog\u00e9nesis y la oxidaci\u00f3n de grasas, gracias a catequinas y cafe\u00edna, favoreciendo la p\u00e9rdida de grasa.<br data-start=\"1138\" data-end=\"1141\" \/><strong data-start=\"1141\" data-end=\"1155\">Caralluma:<\/strong> Modula los centros hipotal\u00e1micos del hambre, reduciendo el apetito y ayudando a controlar la ingesta cal\u00f3rica.<br data-start=\"1266\" data-end=\"1269\" \/><strong data-start=\"1269\" data-end=\"1283\">Porangaba:<\/strong> Efecto diur\u00e9tico y estimulante, ayuda a reducir la retenci\u00f3n de l\u00edquidos y apoya el metabolismo.<\/p>\n<p data-start=\"1384\" data-end=\"1412\"><strong data-start=\"1384\" data-end=\"1410\">Beneficios principales<\/strong><\/p>\n<ul data-start=\"1413\" data-end=\"1595\">\n<li data-start=\"1413\" data-end=\"1444\">\n<p data-start=\"1415\" data-end=\"1444\">Control natural del apetito<\/p>\n<\/li>\n<li data-start=\"1445\" data-end=\"1476\">\n<p data-start=\"1447\" data-end=\"1476\">Apoyo a la p\u00e9rdida de grasa<\/p>\n<\/li>\n<li data-start=\"1477\" data-end=\"1503\">\n<p data-start=\"1479\" data-end=\"1503\">Mejora del metabolismo<\/p>\n<\/li>\n<li data-start=\"1504\" data-end=\"1545\">\n<p data-start=\"1506\" data-end=\"1545\">Reducci\u00f3n de la retenci\u00f3n de l\u00edquidos<\/p>\n<\/li>\n<li data-start=\"1546\" data-end=\"1595\">\n<p data-start=\"1548\" data-end=\"1595\">Apoyo al bienestar durante el control de peso<\/p>\n<\/li>\n<\/ul>\n<p data-start=\"1597\" data-end=\"1615\"><strong data-start=\"1597\" data-end=\"1613\">Indicaciones<\/strong><\/p>\n<ul data-start=\"1616\" data-end=\"1802\">\n<li data-start=\"1616\" data-end=\"1675\">\n<p data-start=\"1618\" data-end=\"1675\">Control del apetito y regulaci\u00f3n de la ingesta cal\u00f3rica<\/p>\n<\/li>\n<li data-start=\"1676\" data-end=\"1736\">\n<p data-start=\"1678\" data-end=\"1736\">Apoyo a la p\u00e9rdida de peso y reducci\u00f3n de grasa corporal<\/p>\n<\/li>\n<li data-start=\"1737\" data-end=\"1763\">\n<p data-start=\"1739\" data-end=\"1763\">Mejora del metabolismo<\/p>\n<\/li>\n<li data-start=\"1764\" data-end=\"1802\">\n<p data-start=\"1766\" data-end=\"1802\">Reducci\u00f3n de retenci\u00f3n de l\u00edquidos<\/p>\n<\/li>\n<\/ul>\n<p data-start=\"1804\" data-end=\"1828\"><strong data-start=\"1804\" data-end=\"1826\">Contraindicaciones<\/strong><\/p>\n<ul data-start=\"1829\" data-end=\"1944\">\n<li data-start=\"1829\" data-end=\"1867\">\n<p data-start=\"1831\" data-end=\"1867\">Hipertensi\u00f3n, arritmias o ansiedad<\/p>\n<\/li>\n<li data-start=\"1868\" data-end=\"1892\">\n<p data-start=\"1870\" data-end=\"1892\">Embarazo y lactancia<\/p>\n<\/li>\n<li data-start=\"1893\" data-end=\"1905\">\n<p data-start=\"1895\" data-end=\"1905\">Insomnio<\/p>\n<\/li>\n<li data-start=\"1906\" data-end=\"1944\">\n<p data-start=\"1908\" data-end=\"1944\">Molestias gastrointestinales leves<\/p>\n<\/li>\n<\/ul>\n<p data-start=\"1946\" data-end=\"2043\"><strong data-start=\"1946\" data-end=\"1959\">Posolog\u00eda<\/strong><br data-start=\"1959\" data-end=\"1962\" \/>Tomar 1 a 2 c\u00e1psulas por d\u00eda, o seg\u00fan indicaci\u00f3n de un profesional de la salud.<\/p>\n<p data-start=\"2045\" data-end=\"2074\"><strong data-start=\"2045\" data-end=\"2061\">Presentaci\u00f3n<\/strong><br data-start=\"2061\" data-end=\"2064\" \/>C\u00e1psulas<\/p>\n<p data-start=\"2076\" data-end=\"2109\"><strong data-start=\"2076\" data-end=\"2107\">Presentaciones disponibles:<\/strong><\/p>\n<ul data-start=\"2110\" data-end=\"2166\">\n<li data-start=\"2110\" data-end=\"2137\">\n<p data-start=\"2112\" data-end=\"2137\">30 c\u00e1psulas \u2013 80.000 Gs<\/p>\n<\/li>\n<\/ul>\n<h3 data-start=\"4280\" data-end=\"4303\">Informaci\u00f3n importante<\/h3>\n<p>Este producto es libre de gluten y lactosa<\/p>\n","protected":false},"excerpt":{"rendered":"<p><strong>Caralluma extracto 500MG + Te verde extracto 100MG + Porangaba extracto seco 100MG<\/strong><\/p>\n<p><strong>Indicaci\u00f3n:<\/strong> control del peso y del apetito, mejora el metabolismo<\/p>\n<p><strong>Acci\u00f3n:<\/strong><\/p>\n<ul>\n<li><strong>Te verde:<\/strong> favorece la perdida de grasa al aumentar la termog\u00e9nesis y la oxidaci\u00f3n lip\u00eddica, gracias a catequinas y cafe\u00edna<\/li>\n<li><strong>Caralluma:<\/strong> act\u00faa como supresor del apetito al modular centro hipotal\u00e1micos del<br \/>\nhambre y reducir la ingesta cal\u00f3rica<\/li>\n<li><strong>Porangaba:<\/strong> posee efecto diur\u00e9tico y estimulante, ayudando a reducir la<br \/>\nretenci\u00f3n de l\u00edquidos y apoyar el metabolismo<\/li>\n<\/ul>\n<h3 data-start=\"2156\" data-end=\"2186\">Presentaciones disponibles<\/h3>\n<p data-start=\"2187\" data-end=\"2232\">30 c\u00e1psulas \u2013 80.000 Gs<\/p>\n","protected":false},"featured_media":31510,"comment_status":"closed","ping_status":"closed","template":"","meta":{"nf_dc_page":""},"product_brand":[],"product_cat":[57],"product_tag":[],"class_list":{"0":"post-31478","1":"product","2":"type-product","3":"status-publish","4":"has-post-thumbnail","6":"product_cat-uncategorized","8":"first","9":"instock","10":"shipping-taxable","11":"purchasable","12":"product-type-simple"},"_links":{"self":[{"href":"https:\/\/www.botica.com.py\/home\/wp-json\/wp\/v2\/product\/31478","targetHints":{"allow":["GET"]}}],"collection":[{"href":"https:\/\/www.botica.com.py\/home\/wp-json\/wp\/v2\/product"}],"about":[{"href":"https:\/\/www.botica.com.py\/home\/wp-json\/wp\/v2\/types\/product"}],"replies":[{"embeddable":true,"href":"https:\/\/www.botica.com.py\/home\/wp-json\/wp\/v2\/comments?post=31478"}],"wp:featuredmedia":[{"embeddable":true,"href":"https:\/\/www.botica.com.py\/home\/wp-json\/wp\/v2\/media\/31510"}],"wp:attachment":[{"href":"https:\/\/www.botica.com.py\/home\/wp-json\/wp\/v2\/media?parent=31478"}],"wp:term":[{"taxonomy":"product_brand","embeddable":true,"href":"https:\/\/www.botica.com.py\/home\/wp-json\/wp\/v2\/product_brand?post=31478"},{"taxonomy":"product_cat","embeddable":true,"href":"https:\/\/www.botica.com.py\/home\/wp-json\/wp\/v2\/product_cat?post=31478"},{"taxonomy":"product_tag","embeddable":true,"href":"https:\/\/www.botica.com.py\/home\/wp-json\/wp\/v2\/product_tag?post=31478"}],"curies":[{"name":"wp","href":"https:\/\/api.w.org\/{rel}","templated":true}]}}