{"id":31481,"date":"2026-02-16T12:43:16","date_gmt":"2026-02-16T16:43:16","guid":{"rendered":"https:\/\/www.botica.com.py\/home\/?post_type=product&#038;p=31481"},"modified":"2026-03-26T10:41:08","modified_gmt":"2026-03-26T14:41:08","slug":"oli-ola-polypodium-leucotomos-pycnogenol","status":"publish","type":"product","link":"https:\/\/www.botica.com.py\/home\/product\/oli-ola-polypodium-leucotomos-pycnogenol\/","title":{"rendered":"Despigmentante oral"},"content":{"rendered":"<h3 data-start=\"115\" data-end=\"161\"><strong data-start=\"119\" data-end=\"159\">Complejo Natural Despigmentante Oral<\/strong><\/h3>\n<p data-start=\"163\" data-end=\"213\"><strong data-start=\"163\" data-end=\"211\">Oli-Ola + Polypodium leucotomos + Pycnogenol<\/strong><\/p>\n<p data-start=\"215\" data-end=\"616\"><strong data-start=\"215\" data-end=\"241\">\u00bfQu\u00e9 es este producto?<\/strong><br data-start=\"241\" data-end=\"244\" \/>El Complejo Natural Despigmentante Oral es una formulaci\u00f3n dise\u00f1ada para ayudar a reducir la hiperpigmentaci\u00f3n, melasma y manchas solares, adem\u00e1s de apoyar tratamientos despigmentantes. Su combinaci\u00f3n de extractos vegetales act\u00faa sobre la melanog\u00e9nesis, modulando la actividad de la tirosinasa y protegiendo la piel frente al da\u00f1o oxidativo inducido por la radiaci\u00f3n UV.<\/p>\n<p data-start=\"618\" data-end=\"652\"><strong data-start=\"618\" data-end=\"650\">Acci\u00f3n y mecanismo de acci\u00f3n<\/strong><\/p>\n<ul data-start=\"653\" data-end=\"892\">\n<li data-start=\"653\" data-end=\"705\">\n<p data-start=\"655\" data-end=\"705\">Disminuye la hiperpigmentaci\u00f3n y manchas solares<\/p>\n<\/li>\n<li data-start=\"706\" data-end=\"747\">\n<p data-start=\"708\" data-end=\"747\">Reduce el estr\u00e9s oxidativo en la piel<\/p>\n<\/li>\n<li data-start=\"748\" data-end=\"800\">\n<p data-start=\"750\" data-end=\"800\">Protege frente al da\u00f1o inducido por radiaci\u00f3n UV<\/p>\n<\/li>\n<li data-start=\"801\" data-end=\"835\">\n<p data-start=\"803\" data-end=\"835\">Estimula la renovaci\u00f3n celular<\/p>\n<\/li>\n<li data-start=\"836\" data-end=\"892\">\n<p data-start=\"838\" data-end=\"892\">Favorece la eficacia de tratamientos despigmentantes<\/p>\n<\/li>\n<\/ul>\n<p data-start=\"894\" data-end=\"1409\"><strong data-start=\"894\" data-end=\"934\">Acci\u00f3n espec\u00edfica de cada componente<\/strong><br data-start=\"934\" data-end=\"937\" \/><strong data-start=\"937\" data-end=\"949\">Oli-Ola:<\/strong> Extracto natural del fruto de oliva, act\u00faa como despigmentante oral, reduciendo la actividad de la tirosinasa y el estr\u00e9s oxidativo asociado a la melanog\u00e9nesis.<br data-start=\"1110\" data-end=\"1113\" \/><strong data-start=\"1113\" data-end=\"1139\">Polypodium leucotomos:<\/strong> Protege la piel frente al da\u00f1o oxidativo inducido por radiaci\u00f3n UV, ayudando a prevenir la aparici\u00f3n de manchas.<br data-start=\"1252\" data-end=\"1255\" \/><strong data-start=\"1255\" data-end=\"1270\">Pycnogenol:<\/strong> Antioxidante natural que reduce las reacciones oxidativas y favorece la renovaci\u00f3n celular, apoyando la uniformidad del tono de la piel.<\/p>\n<p data-start=\"1411\" data-end=\"1439\"><strong data-start=\"1411\" data-end=\"1437\">Beneficios principales<\/strong><\/p>\n<ul data-start=\"1440\" data-end=\"1705\">\n<li data-start=\"1440\" data-end=\"1496\">\n<p data-start=\"1442\" data-end=\"1496\">Apoyo en la reducci\u00f3n de hiperpigmentaci\u00f3n y melasma<\/p>\n<\/li>\n<li data-start=\"1497\" data-end=\"1544\">\n<p data-start=\"1499\" data-end=\"1544\">Protecci\u00f3n frente al da\u00f1o solar y oxidativo<\/p>\n<\/li>\n<li data-start=\"1545\" data-end=\"1590\">\n<p data-start=\"1547\" data-end=\"1590\">Estimula la renovaci\u00f3n celular de la piel<\/p>\n<\/li>\n<li data-start=\"1591\" data-end=\"1646\">\n<p data-start=\"1593\" data-end=\"1646\">Complemento natural en tratamientos despigmentantes<\/p>\n<\/li>\n<li data-start=\"1647\" data-end=\"1705\">\n<p data-start=\"1649\" data-end=\"1705\">Mejora la apariencia y uniformidad del tono de la piel<\/p>\n<\/li>\n<\/ul>\n<p data-start=\"1707\" data-end=\"1725\"><strong data-start=\"1707\" data-end=\"1723\">Indicaciones<\/strong><\/p>\n<ul data-start=\"1726\" data-end=\"1863\">\n<li data-start=\"1726\" data-end=\"1757\">\n<p data-start=\"1728\" data-end=\"1757\">Hiperpigmentaci\u00f3n y melasma<\/p>\n<\/li>\n<li data-start=\"1758\" data-end=\"1777\">\n<p data-start=\"1760\" data-end=\"1777\">Manchas solares<\/p>\n<\/li>\n<li data-start=\"1778\" data-end=\"1819\">\n<p data-start=\"1780\" data-end=\"1819\">Apoyo en tratamientos despigmentantes<\/p>\n<\/li>\n<li data-start=\"1820\" data-end=\"1863\">\n<p data-start=\"1822\" data-end=\"1863\">Prevenci\u00f3n de da\u00f1o oxidativo en la piel<\/p>\n<\/li>\n<\/ul>\n<p data-start=\"1865\" data-end=\"1889\"><strong data-start=\"1865\" data-end=\"1887\">Contraindicaciones<\/strong><\/p>\n<ul data-start=\"1890\" data-end=\"1955\">\n<li data-start=\"1890\" data-end=\"1914\">\n<p data-start=\"1892\" data-end=\"1914\">Embarazo y lactancia<\/p>\n<\/li>\n<li data-start=\"1915\" data-end=\"1955\">\n<p data-start=\"1917\" data-end=\"1955\">Uso concomitante con anticoagulantes<\/p>\n<\/li>\n<\/ul>\n<p data-start=\"1957\" data-end=\"2048\"><strong data-start=\"1957\" data-end=\"1970\">Posolog\u00eda<\/strong><br data-start=\"1970\" data-end=\"1973\" \/>Tomar 1 c\u00e1psula al d\u00eda, o seg\u00fan indicaci\u00f3n de un profesional de la salud.<\/p>\n<p data-start=\"2050\" data-end=\"2079\"><strong data-start=\"2050\" data-end=\"2066\">Presentaci\u00f3n<\/strong><br data-start=\"2066\" data-end=\"2069\" \/>C\u00e1psulas<\/p>\n<p data-start=\"2081\" data-end=\"2114\"><strong data-start=\"2081\" data-end=\"2112\">Presentaciones disponibles:<\/strong><\/p>\n<ul data-start=\"2115\" data-end=\"2171\">\n<li data-start=\"2115\" data-end=\"2142\">\n<p data-start=\"2117\" data-end=\"2142\">30 c\u00e1psulas \u2013 90.000 Gs<\/p>\n<\/li>\n<\/ul>\n<h3 data-start=\"4280\" data-end=\"4303\">Informaci\u00f3n importante<\/h3>\n<p>Este producto es libre de gluten y lactosa<\/p>\n","protected":false},"excerpt":{"rendered":"<p><strong>OLI-OLA extracto 300MG + POLYPODIUM LEUCOTOMOS 250MG + PYCNOGENOL 75MG<\/strong><\/p>\n<p><strong>Indicacion:<\/strong> hiperpigmentaci\u00f3n, melasma, manchas solares y apoyo en tratamientos<br \/>\ndespigmentantes<\/p>\n<p><strong>Acci\u00f3n:<\/strong><\/p>\n<ul>\n<li>Act\u00faa como despigmentante oral integrar al reducir el estr\u00e9s oxidativo y modular la actividad de la tirosinasa, ayudando a disminuir la hiperpigmentaci\u00f3n<br \/>\nprotegiendo del da\u00f1o inducido por radiaci\u00f3n UV<\/li>\n<li>Extracto 100% natural, extra\u00eddo exclusivamente del fruto de oliva<\/li>\n<li>Disminuye o retrasa las reacciones oxidativas de la melanog\u00e9nesis<\/li>\n<li>Estimula la renovaci\u00f3n celular<\/li>\n<\/ul>\n<h3 data-start=\"2156\" data-end=\"2186\">Presentaciones disponibles<\/h3>\n<p data-start=\"2187\" data-end=\"2232\">30 c\u00e1psulas \u2013 90.000 Gs<\/p>\n","protected":false},"featured_media":31511,"comment_status":"closed","ping_status":"closed","template":"","meta":{"nf_dc_page":""},"product_brand":[],"product_cat":[57],"product_tag":[],"class_list":{"0":"post-31481","1":"product","2":"type-product","3":"status-publish","4":"has-post-thumbnail","6":"product_cat-uncategorized","8":"first","9":"instock","10":"shipping-taxable","11":"purchasable","12":"product-type-simple"},"_links":{"self":[{"href":"https:\/\/www.botica.com.py\/home\/wp-json\/wp\/v2\/product\/31481","targetHints":{"allow":["GET"]}}],"collection":[{"href":"https:\/\/www.botica.com.py\/home\/wp-json\/wp\/v2\/product"}],"about":[{"href":"https:\/\/www.botica.com.py\/home\/wp-json\/wp\/v2\/types\/product"}],"replies":[{"embeddable":true,"href":"https:\/\/www.botica.com.py\/home\/wp-json\/wp\/v2\/comments?post=31481"}],"wp:featuredmedia":[{"embeddable":true,"href":"https:\/\/www.botica.com.py\/home\/wp-json\/wp\/v2\/media\/31511"}],"wp:attachment":[{"href":"https:\/\/www.botica.com.py\/home\/wp-json\/wp\/v2\/media?parent=31481"}],"wp:term":[{"taxonomy":"product_brand","embeddable":true,"href":"https:\/\/www.botica.com.py\/home\/wp-json\/wp\/v2\/product_brand?post=31481"},{"taxonomy":"product_cat","embeddable":true,"href":"https:\/\/www.botica.com.py\/home\/wp-json\/wp\/v2\/product_cat?post=31481"},{"taxonomy":"product_tag","embeddable":true,"href":"https:\/\/www.botica.com.py\/home\/wp-json\/wp\/v2\/product_tag?post=31481"}],"curies":[{"name":"wp","href":"https:\/\/api.w.org\/{rel}","templated":true}]}}