{"id":31493,"date":"2026-02-16T12:43:45","date_gmt":"2026-02-16T16:43:45","guid":{"rendered":"https:\/\/www.botica.com.py\/home\/?post_type=product&#038;p=31493"},"modified":"2026-03-26T10:48:39","modified_gmt":"2026-03-26T14:48:39","slug":"arandano-resveratrol-vitamina-e","status":"publish","type":"product","link":"https:\/\/www.botica.com.py\/home\/product\/arandano-resveratrol-vitamina-e\/","title":{"rendered":"Antiage oral"},"content":{"rendered":"<h3 data-start=\"121\" data-end=\"178\"><strong data-start=\"125\" data-end=\"176\">Complejo Natural Antioxidante y Cardioprotector<\/strong><\/h3>\n<p data-start=\"180\" data-end=\"221\"><strong data-start=\"180\" data-end=\"219\">Ar\u00e1ndano + Resveratrol + Vitamina E<\/strong><\/p>\n<p data-start=\"223\" data-end=\"595\"><strong data-start=\"223\" data-end=\"249\">\u00bfQu\u00e9 es este producto?<\/strong><br data-start=\"249\" data-end=\"252\" \/>El Complejo Natural Antioxidante y Cardioprotector es una formulaci\u00f3n dise\u00f1ada para favorecer la salud cardiovascular, proteger la piel y apoyar la funci\u00f3n cognitiva, contribuyendo a un envejecimiento saludable. Su combinaci\u00f3n de antioxidantes naturales ayuda a proteger las c\u00e9lulas frente al da\u00f1o oxidativo y promueve el bienestar integral.<\/p>\n<p data-start=\"597\" data-end=\"631\"><strong data-start=\"597\" data-end=\"629\">Acci\u00f3n y mecanismo de acci\u00f3n<\/strong><\/p>\n<ul data-start=\"632\" data-end=\"877\">\n<li data-start=\"632\" data-end=\"682\">\n<p data-start=\"634\" data-end=\"682\">Protege las c\u00e9lulas frente al estr\u00e9s oxidativo<\/p>\n<\/li>\n<li data-start=\"683\" data-end=\"719\">\n<p data-start=\"685\" data-end=\"719\">Favorece la salud cardiovascular<\/p>\n<\/li>\n<li data-start=\"720\" data-end=\"776\">\n<p data-start=\"722\" data-end=\"776\">Contribuye a la funci\u00f3n cognitiva y bienestar mental<\/p>\n<\/li>\n<li data-start=\"777\" data-end=\"817\">\n<p data-start=\"779\" data-end=\"817\">Promueve un envejecimiento saludable<\/p>\n<\/li>\n<li data-start=\"818\" data-end=\"877\">\n<p data-start=\"820\" data-end=\"877\">Protege las membranas celulares y reduce la inflamaci\u00f3n<\/p>\n<\/li>\n<\/ul>\n<p data-start=\"879\" data-end=\"1282\"><strong data-start=\"879\" data-end=\"919\">Acci\u00f3n espec\u00edfica de cada componente<\/strong><br data-start=\"919\" data-end=\"922\" \/><strong data-start=\"922\" data-end=\"935\">Ar\u00e1ndano:<\/strong> Rico en antocianinas, protege las c\u00e9lulas del da\u00f1o oxidativo y del envejecimiento prematuro.<br data-start=\"1028\" data-end=\"1031\" \/><strong data-start=\"1031\" data-end=\"1047\">Resveratrol:<\/strong> Potente antioxidante que activa mecanismos de longevidad celular y reduce la inflamaci\u00f3n cr\u00f3nica.<br data-start=\"1145\" data-end=\"1148\" \/><strong data-start=\"1148\" data-end=\"1163\">Vitamina E:<\/strong> Vitamina liposoluble que protege las membranas celulares frente al da\u00f1o oxidativo, contribuyendo a la salud general.<\/p>\n<p data-start=\"1284\" data-end=\"1312\"><strong data-start=\"1284\" data-end=\"1310\">Beneficios principales<\/strong><\/p>\n<ul data-start=\"1313\" data-end=\"1515\">\n<li data-start=\"1313\" data-end=\"1362\">\n<p data-start=\"1315\" data-end=\"1362\">Protecci\u00f3n celular frente al estr\u00e9s oxidativo<\/p>\n<\/li>\n<li data-start=\"1363\" data-end=\"1398\">\n<p data-start=\"1365\" data-end=\"1398\">Apoyo a la salud cardiovascular<\/p>\n<\/li>\n<li data-start=\"1399\" data-end=\"1433\">\n<p data-start=\"1401\" data-end=\"1433\">Mejora de la funci\u00f3n cognitiva<\/p>\n<\/li>\n<li data-start=\"1434\" data-end=\"1478\">\n<p data-start=\"1436\" data-end=\"1478\">Promoci\u00f3n de un envejecimiento saludable<\/p>\n<\/li>\n<li data-start=\"1479\" data-end=\"1515\">\n<p data-start=\"1481\" data-end=\"1515\">Reducci\u00f3n de inflamaci\u00f3n cr\u00f3nica<\/p>\n<\/li>\n<\/ul>\n<p data-start=\"1517\" data-end=\"1535\"><strong data-start=\"1517\" data-end=\"1533\">Indicaciones<\/strong><\/p>\n<ul data-start=\"1536\" data-end=\"1692\">\n<li data-start=\"1536\" data-end=\"1560\">\n<p data-start=\"1538\" data-end=\"1560\">Salud cardiovascular<\/p>\n<\/li>\n<li data-start=\"1561\" data-end=\"1618\">\n<p data-start=\"1563\" data-end=\"1618\">Protecci\u00f3n de piel y c\u00e9lulas frente al envejecimiento<\/p>\n<\/li>\n<li data-start=\"1619\" data-end=\"1651\">\n<p data-start=\"1621\" data-end=\"1651\">Apoyo a la funci\u00f3n cognitiva<\/p>\n<\/li>\n<li data-start=\"1652\" data-end=\"1692\">\n<p data-start=\"1654\" data-end=\"1692\">Complemento antioxidante en la dieta<\/p>\n<\/li>\n<\/ul>\n<p data-start=\"1694\" data-end=\"1718\"><strong data-start=\"1694\" data-end=\"1716\">Contraindicaciones<\/strong><\/p>\n<ul data-start=\"1719\" data-end=\"1784\">\n<li data-start=\"1719\" data-end=\"1759\">\n<p data-start=\"1721\" data-end=\"1759\">Precauci\u00f3n en uso de anticoagulantes<\/p>\n<\/li>\n<li data-start=\"1760\" data-end=\"1784\">\n<p data-start=\"1762\" data-end=\"1784\">Embarazo y lactancia<\/p>\n<\/li>\n<\/ul>\n<p data-start=\"1786\" data-end=\"1877\"><strong data-start=\"1786\" data-end=\"1799\">Posolog\u00eda<\/strong><br data-start=\"1799\" data-end=\"1802\" \/>Tomar 1 c\u00e1psula al d\u00eda, o seg\u00fan indicaci\u00f3n de un profesional de la salud.<\/p>\n<p data-start=\"1879\" data-end=\"1908\"><strong data-start=\"1879\" data-end=\"1895\">Presentaci\u00f3n<\/strong><br data-start=\"1895\" data-end=\"1898\" \/>C\u00e1psulas<\/p>\n<p data-start=\"1910\" data-end=\"1943\"><strong data-start=\"1910\" data-end=\"1941\">Presentaciones disponibles:<\/strong><\/p>\n<ul data-start=\"1944\" data-end=\"2000\">\n<li data-start=\"1944\" data-end=\"1971\">\n<p data-start=\"1946\" data-end=\"1971\">30 c\u00e1psulas \u2013 60.000 Gs<\/p>\n<\/li>\n<\/ul>\n<h3 data-start=\"4280\" data-end=\"4303\">Informaci\u00f3n importante<\/h3>\n<p>Este producto es libre de gluten y lactosa<\/p>\n","protected":false},"excerpt":{"rendered":"<p><strong>Ar\u00e1ndano extracto 100MG + Resveratrol 30MG + Vitamina E 200UI<\/strong><\/p>\n<p><strong>Indicaci\u00f3n:<\/strong> salud cardiovascular, piel y funci\u00f3n cognitiva, envejecimiento saludable<\/p>\n<p><strong>Acci\u00f3n:<\/strong><\/p>\n<ul>\n<li><strong>Ar\u00e1ndano:<\/strong> rico en antocianinas, protege las c\u00e9lulas del da\u00f1o oxidativo y el envejecimiento prematuro<\/li>\n<li><strong>Resveratrol:<\/strong> potente antioxidante que activa mecanismo de longevidad celular y reduce la inflamaci\u00f3n cr\u00f3nica<\/li>\n<li><strong>Vitamina E:<\/strong> vitamina liposoluble que protege las membranas celulares del da\u00f1o oxidativo<\/li>\n<\/ul>\n<h3 data-start=\"2156\" data-end=\"2186\">Presentaciones disponibles<\/h3>\n<p data-start=\"2187\" data-end=\"2232\">30 c\u00e1psulas \u2013 60.000 Gs<\/p>\n","protected":false},"featured_media":31523,"comment_status":"closed","ping_status":"closed","template":"","meta":{"nf_dc_page":""},"product_brand":[],"product_cat":[57],"product_tag":[],"class_list":{"0":"post-31493","1":"product","2":"type-product","3":"status-publish","4":"has-post-thumbnail","6":"product_cat-uncategorized","8":"first","9":"instock","10":"shipping-taxable","11":"purchasable","12":"product-type-simple"},"_links":{"self":[{"href":"https:\/\/www.botica.com.py\/home\/wp-json\/wp\/v2\/product\/31493","targetHints":{"allow":["GET"]}}],"collection":[{"href":"https:\/\/www.botica.com.py\/home\/wp-json\/wp\/v2\/product"}],"about":[{"href":"https:\/\/www.botica.com.py\/home\/wp-json\/wp\/v2\/types\/product"}],"replies":[{"embeddable":true,"href":"https:\/\/www.botica.com.py\/home\/wp-json\/wp\/v2\/comments?post=31493"}],"wp:featuredmedia":[{"embeddable":true,"href":"https:\/\/www.botica.com.py\/home\/wp-json\/wp\/v2\/media\/31523"}],"wp:attachment":[{"href":"https:\/\/www.botica.com.py\/home\/wp-json\/wp\/v2\/media?parent=31493"}],"wp:term":[{"taxonomy":"product_brand","embeddable":true,"href":"https:\/\/www.botica.com.py\/home\/wp-json\/wp\/v2\/product_brand?post=31493"},{"taxonomy":"product_cat","embeddable":true,"href":"https:\/\/www.botica.com.py\/home\/wp-json\/wp\/v2\/product_cat?post=31493"},{"taxonomy":"product_tag","embeddable":true,"href":"https:\/\/www.botica.com.py\/home\/wp-json\/wp\/v2\/product_tag?post=31493"}],"curies":[{"name":"wp","href":"https:\/\/api.w.org\/{rel}","templated":true}]}}