{"id":31496,"date":"2026-02-16T12:43:45","date_gmt":"2026-02-16T16:43:45","guid":{"rendered":"https:\/\/www.botica.com.py\/home\/?post_type=product&#038;p=31496"},"modified":"2026-03-26T10:49:26","modified_gmt":"2026-03-26T14:49:26","slug":"curcuma-extracto","status":"publish","type":"product","link":"https:\/\/www.botica.com.py\/home\/product\/curcuma-extracto\/","title":{"rendered":"Antiinflamatorio natural"},"content":{"rendered":"<h3 data-start=\"115\" data-end=\"171\"><strong data-start=\"119\" data-end=\"169\">Complejo Natural Anti-Inflamatorio y Digestivo<\/strong><\/h3>\n<p data-start=\"173\" data-end=\"186\"><strong data-start=\"173\" data-end=\"184\">C\u00farcuma<\/strong><\/p>\n<p data-start=\"188\" data-end=\"499\"><strong data-start=\"188\" data-end=\"214\">\u00bfQu\u00e9 es este producto?<\/strong><br data-start=\"214\" data-end=\"217\" \/>El Complejo Natural de C\u00farcuma es una formulaci\u00f3n dise\u00f1ada para apoyar la salud articular, digestiva y metab\u00f3lica, con potente acci\u00f3n antiinflamatoria y antioxidante. Contribuye a reducir los procesos inflamatorios cr\u00f3nicos y el estr\u00e9s oxidativo, promoviendo el bienestar general.<\/p>\n<p data-start=\"501\" data-end=\"535\"><strong data-start=\"501\" data-end=\"533\">Acci\u00f3n y mecanismo de acci\u00f3n<\/strong><\/p>\n<ul data-start=\"536\" data-end=\"775\">\n<li data-start=\"536\" data-end=\"590\">\n<p data-start=\"538\" data-end=\"590\">Reduce la inflamaci\u00f3n cr\u00f3nica y el dolor articular<\/p>\n<\/li>\n<li data-start=\"591\" data-end=\"629\">\n<p data-start=\"593\" data-end=\"629\">Protege frente al estr\u00e9s oxidativo<\/p>\n<\/li>\n<li data-start=\"630\" data-end=\"680\">\n<p data-start=\"632\" data-end=\"680\">Apoya la digesti\u00f3n y la salud gastrointestinal<\/p>\n<\/li>\n<li data-start=\"681\" data-end=\"736\">\n<p data-start=\"683\" data-end=\"736\">Favorece la salud metab\u00f3lica y el bienestar general<\/p>\n<\/li>\n<li data-start=\"737\" data-end=\"775\">\n<p data-start=\"739\" data-end=\"775\">Contribuye a la protecci\u00f3n celular<\/p>\n<\/li>\n<\/ul>\n<p data-start=\"777\" data-end=\"989\"><strong data-start=\"777\" data-end=\"813\">Acci\u00f3n espec\u00edfica del componente<\/strong><br data-start=\"813\" data-end=\"816\" \/><strong data-start=\"816\" data-end=\"828\">C\u00farcuma:<\/strong> Potente antiinflamatorio y antioxidante natural, ayuda a disminuir procesos inflamatorios cr\u00f3nicos, estr\u00e9s oxidativo y apoya la funci\u00f3n digestiva y articular.<\/p>\n<p data-start=\"991\" data-end=\"1019\"><strong data-start=\"991\" data-end=\"1017\">Beneficios principales<\/strong><\/p>\n<ul data-start=\"1020\" data-end=\"1198\">\n<li data-start=\"1020\" data-end=\"1066\">\n<p data-start=\"1022\" data-end=\"1066\">Reducci\u00f3n de inflamaci\u00f3n y dolor articular<\/p>\n<\/li>\n<li data-start=\"1067\" data-end=\"1091\">\n<p data-start=\"1069\" data-end=\"1091\">Apoyo a la digesti\u00f3n<\/p>\n<\/li>\n<li data-start=\"1092\" data-end=\"1133\">\n<p data-start=\"1094\" data-end=\"1133\">Protecci\u00f3n frente al estr\u00e9s oxidativo<\/p>\n<\/li>\n<li data-start=\"1134\" data-end=\"1166\">\n<p data-start=\"1136\" data-end=\"1166\">Mejora del bienestar general<\/p>\n<\/li>\n<li data-start=\"1167\" data-end=\"1198\">\n<p data-start=\"1169\" data-end=\"1198\">Apoyo a la salud metab\u00f3lica<\/p>\n<\/li>\n<\/ul>\n<p data-start=\"1200\" data-end=\"1218\"><strong data-start=\"1200\" data-end=\"1216\">Indicaciones<\/strong><\/p>\n<ul data-start=\"1219\" data-end=\"1349\">\n<li data-start=\"1219\" data-end=\"1252\">\n<p data-start=\"1221\" data-end=\"1252\">Inflamaci\u00f3n y dolor articular<\/p>\n<\/li>\n<li data-start=\"1253\" data-end=\"1288\">\n<p data-start=\"1255\" data-end=\"1288\">Procesos inflamatorios cr\u00f3nicos<\/p>\n<\/li>\n<li data-start=\"1289\" data-end=\"1321\">\n<p data-start=\"1291\" data-end=\"1321\">Apoyo digestivo y metab\u00f3lico<\/p>\n<\/li>\n<li data-start=\"1322\" data-end=\"1349\">\n<p data-start=\"1324\" data-end=\"1349\">Protecci\u00f3n antioxidante<\/p>\n<\/li>\n<\/ul>\n<p data-start=\"1351\" data-end=\"1375\"><strong data-start=\"1351\" data-end=\"1373\">Contraindicaciones<\/strong><\/p>\n<ul data-start=\"1376\" data-end=\"1466\">\n<li data-start=\"1376\" data-end=\"1418\">\n<p data-start=\"1378\" data-end=\"1418\">Obstrucci\u00f3n biliar o c\u00e1lculos biliares<\/p>\n<\/li>\n<li data-start=\"1419\" data-end=\"1453\">\n<p data-start=\"1421\" data-end=\"1453\">Precauci\u00f3n con anticoagulantes<\/p>\n<\/li>\n<li data-start=\"1454\" data-end=\"1466\">\n<p data-start=\"1456\" data-end=\"1466\">Embarazo<\/p>\n<\/li>\n<\/ul>\n<p data-start=\"1468\" data-end=\"1559\"><strong data-start=\"1468\" data-end=\"1481\">Posolog\u00eda<\/strong><br data-start=\"1481\" data-end=\"1484\" \/>Tomar 1 c\u00e1psula al d\u00eda, o seg\u00fan indicaci\u00f3n de un profesional de la salud.<\/p>\n<p data-start=\"1561\" data-end=\"1590\"><strong data-start=\"1561\" data-end=\"1577\">Presentaci\u00f3n<\/strong><br data-start=\"1577\" data-end=\"1580\" \/>C\u00e1psulas<\/p>\n<p data-start=\"1592\" data-end=\"1625\"><strong data-start=\"1592\" data-end=\"1623\">Presentaciones disponibles:<\/strong><\/p>\n<ul data-start=\"1626\" data-end=\"1683\">\n<li data-start=\"1626\" data-end=\"1654\">\n<p data-start=\"1628\" data-end=\"1654\">30 c\u00e1psulas \u2013 100.000 Gs<\/p>\n<\/li>\n<\/ul>\n<h3 data-start=\"4280\" data-end=\"4303\">Informaci\u00f3n importante<\/h3>\n<p>Este producto es libre de gluten y lactosa<\/p>\n","protected":false},"excerpt":{"rendered":"<p><strong>C\u00farcuma extracto 500MG<\/strong><\/p>\n<p><strong>Indicaci\u00f3n:<\/strong> inflamaci\u00f3n, dolor articular, apoyo digestivo y salud metab\u00f3lica<\/p>\n<p><strong>Acci\u00f3n:<\/strong> potente acci\u00f3n antiinflamatoria y antioxidante, ayudando a reducir procesos<br \/>\ninflamatorios cr\u00f3nicos y estr\u00e9s oxidativo<\/p>\n<h3 data-start=\"2156\" data-end=\"2186\">Presentaciones disponibles<\/h3>\n<p data-start=\"2187\" data-end=\"2232\">30 c\u00e1psulas \u2013 100.000 Gs<\/p>\n","protected":false},"featured_media":31533,"comment_status":"closed","ping_status":"closed","template":"","meta":{"nf_dc_page":""},"product_brand":[],"product_cat":[57],"product_tag":[],"class_list":{"0":"post-31496","1":"product","2":"type-product","3":"status-publish","4":"has-post-thumbnail","6":"product_cat-uncategorized","8":"first","9":"instock","10":"shipping-taxable","11":"purchasable","12":"product-type-simple"},"_links":{"self":[{"href":"https:\/\/www.botica.com.py\/home\/wp-json\/wp\/v2\/product\/31496","targetHints":{"allow":["GET"]}}],"collection":[{"href":"https:\/\/www.botica.com.py\/home\/wp-json\/wp\/v2\/product"}],"about":[{"href":"https:\/\/www.botica.com.py\/home\/wp-json\/wp\/v2\/types\/product"}],"replies":[{"embeddable":true,"href":"https:\/\/www.botica.com.py\/home\/wp-json\/wp\/v2\/comments?post=31496"}],"wp:featuredmedia":[{"embeddable":true,"href":"https:\/\/www.botica.com.py\/home\/wp-json\/wp\/v2\/media\/31533"}],"wp:attachment":[{"href":"https:\/\/www.botica.com.py\/home\/wp-json\/wp\/v2\/media?parent=31496"}],"wp:term":[{"taxonomy":"product_brand","embeddable":true,"href":"https:\/\/www.botica.com.py\/home\/wp-json\/wp\/v2\/product_brand?post=31496"},{"taxonomy":"product_cat","embeddable":true,"href":"https:\/\/www.botica.com.py\/home\/wp-json\/wp\/v2\/product_cat?post=31496"},{"taxonomy":"product_tag","embeddable":true,"href":"https:\/\/www.botica.com.py\/home\/wp-json\/wp\/v2\/product_tag?post=31496"}],"curies":[{"name":"wp","href":"https:\/\/api.w.org\/{rel}","templated":true}]}}