{"id":31502,"date":"2026-02-16T12:44:10","date_gmt":"2026-02-16T16:44:10","guid":{"rendered":"https:\/\/www.botica.com.py\/home\/?post_type=product&#038;p=31502"},"modified":"2026-03-26T10:51:16","modified_gmt":"2026-03-26T14:51:16","slug":"silimarina-vitamina-e-alcachofa-curcuma","status":"publish","type":"product","link":"https:\/\/www.botica.com.py\/home\/product\/silimarina-vitamina-e-alcachofa-curcuma\/","title":{"rendered":"Hepatoprotector"},"content":{"rendered":"<h3 data-start=\"164\" data-end=\"212\"><strong data-start=\"168\" data-end=\"210\">Complejo Natural Hep\u00e1tico Efervescente<\/strong><\/h3>\n<p data-start=\"214\" data-end=\"281\"><strong data-start=\"214\" data-end=\"279\">Silimarina + Vitamina E + Alcachofa + C\u00farcuma \u2013 Sabor Naranja<\/strong><\/p>\n<p data-start=\"283\" data-end=\"640\"><strong data-start=\"283\" data-end=\"309\">\u00bfQu\u00e9 es este producto?<\/strong><br data-start=\"309\" data-end=\"312\" \/>El Complejo Natural Hep\u00e1tico Efervescente es una formulaci\u00f3n dise\u00f1ada para apoyar la funci\u00f3n del h\u00edgado, proteger las c\u00e9lulas hep\u00e1ticas y favorecer la digesti\u00f3n de grasas. Su combinaci\u00f3n de antioxidantes y extractos vegetales ayuda a reducir la inflamaci\u00f3n hep\u00e1tica, estimular la desintoxicaci\u00f3n y mejorar la salud metab\u00f3lica.<\/p>\n<p data-start=\"642\" data-end=\"676\"><strong data-start=\"642\" data-end=\"674\">Acci\u00f3n y mecanismo de acci\u00f3n<\/strong><\/p>\n<ul data-start=\"677\" data-end=\"978\">\n<li data-start=\"677\" data-end=\"746\">\n<p data-start=\"679\" data-end=\"746\">Protege las c\u00e9lulas hep\u00e1ticas frente a toxinas y estr\u00e9s oxidativo<\/p>\n<\/li>\n<li data-start=\"747\" data-end=\"794\">\n<p data-start=\"749\" data-end=\"794\">Favorece la regeneraci\u00f3n y funci\u00f3n hep\u00e1tica<\/p>\n<\/li>\n<li data-start=\"795\" data-end=\"874\">\n<p data-start=\"797\" data-end=\"874\">Estimula la producci\u00f3n y flujo de bilis para mejorar la digesti\u00f3n de grasas<\/p>\n<\/li>\n<li data-start=\"875\" data-end=\"909\">\n<p data-start=\"877\" data-end=\"909\">Reduce la inflamaci\u00f3n hep\u00e1tica<\/p>\n<\/li>\n<li data-start=\"910\" data-end=\"978\">\n<p data-start=\"912\" data-end=\"978\">Contribuye al bienestar digestivo y detoxificaci\u00f3n del organismo<\/p>\n<\/li>\n<\/ul>\n<p data-start=\"980\" data-end=\"1465\"><strong data-start=\"980\" data-end=\"1020\">Acci\u00f3n espec\u00edfica de cada componente<\/strong><br data-start=\"1020\" data-end=\"1023\" \/><strong data-start=\"1023\" data-end=\"1038\">Silimarina:<\/strong> Protege las c\u00e9lulas hep\u00e1ticas, favorece la regeneraci\u00f3n del h\u00edgado y reduce el da\u00f1o oxidativo.<br data-start=\"1133\" data-end=\"1136\" \/><strong data-start=\"1136\" data-end=\"1151\">Vitamina E:<\/strong> Antioxidante que protege el tejido hep\u00e1tico frente al estr\u00e9s oxidativo.<br data-start=\"1223\" data-end=\"1226\" \/><strong data-start=\"1226\" data-end=\"1240\">Alcachofa:<\/strong> Estimula la producci\u00f3n y flujo de bilis, apoyando la digesti\u00f3n de grasas y la detoxificaci\u00f3n hep\u00e1tica.<br data-start=\"1343\" data-end=\"1346\" \/><strong data-start=\"1346\" data-end=\"1358\">C\u00farcuma:<\/strong> Reduce la inflamaci\u00f3n hep\u00e1tica y el estr\u00e9s oxidativo, favoreciendo la funci\u00f3n desintoxicante del h\u00edgado.<\/p>\n<p data-start=\"1467\" data-end=\"1495\"><strong data-start=\"1467\" data-end=\"1493\">Beneficios principales<\/strong><\/p>\n<ul data-start=\"1496\" data-end=\"1739\">\n<li data-start=\"1496\" data-end=\"1527\">\n<p data-start=\"1498\" data-end=\"1527\">Protecci\u00f3n celular hep\u00e1tica<\/p>\n<\/li>\n<li data-start=\"1528\" data-end=\"1593\">\n<p data-start=\"1530\" data-end=\"1593\">Apoyo en h\u00edgado graso no alcoh\u00f3lico y disfunci\u00f3n hepatobiliar<\/p>\n<\/li>\n<li data-start=\"1594\" data-end=\"1627\">\n<p data-start=\"1596\" data-end=\"1627\">Mejora de digestiones pesadas<\/p>\n<\/li>\n<li data-start=\"1628\" data-end=\"1684\">\n<p data-start=\"1630\" data-end=\"1684\">Reducci\u00f3n de inflamaci\u00f3n y estr\u00e9s oxidativo hep\u00e1tico<\/p>\n<\/li>\n<li data-start=\"1685\" data-end=\"1739\">\n<p data-start=\"1687\" data-end=\"1739\">Est\u00edmulo a la detoxificaci\u00f3n y bienestar digestivo<\/p>\n<\/li>\n<\/ul>\n<p data-start=\"1741\" data-end=\"1759\"><strong data-start=\"1741\" data-end=\"1757\">Indicaciones<\/strong><\/p>\n<ul data-start=\"1760\" data-end=\"1907\">\n<li data-start=\"1760\" data-end=\"1790\">\n<p data-start=\"1762\" data-end=\"1790\">H\u00edgado graso no alcoh\u00f3lico<\/p>\n<\/li>\n<li data-start=\"1791\" data-end=\"1818\">\n<p data-start=\"1793\" data-end=\"1818\">Disfunci\u00f3n hepatobiliar<\/p>\n<\/li>\n<li data-start=\"1819\" data-end=\"1842\">\n<p data-start=\"1821\" data-end=\"1842\">Digestiones pesadas<\/p>\n<\/li>\n<li data-start=\"1843\" data-end=\"1867\">\n<p data-start=\"1845\" data-end=\"1867\">Inflamaci\u00f3n hep\u00e1tica<\/p>\n<\/li>\n<li data-start=\"1868\" data-end=\"1907\">\n<p data-start=\"1870\" data-end=\"1907\">Apoyo en procesos de detoxificaci\u00f3n<\/p>\n<\/li>\n<\/ul>\n<p data-start=\"1909\" data-end=\"1933\"><strong data-start=\"1909\" data-end=\"1931\">Contraindicaciones<\/strong><\/p>\n<ul data-start=\"1934\" data-end=\"2030\">\n<li data-start=\"1934\" data-end=\"1974\">\n<p data-start=\"1936\" data-end=\"1974\">Precauci\u00f3n en uso de anticoagulantes<\/p>\n<\/li>\n<li data-start=\"1975\" data-end=\"2017\">\n<p data-start=\"1977\" data-end=\"2017\">Obstrucci\u00f3n biliar o c\u00e1lculos biliares<\/p>\n<\/li>\n<li data-start=\"2018\" data-end=\"2030\">\n<p data-start=\"2020\" data-end=\"2030\">Embarazo<\/p>\n<\/li>\n<\/ul>\n<p data-start=\"2032\" data-end=\"2179\"><strong data-start=\"2032\" data-end=\"2045\">Posolog\u00eda<\/strong><br data-start=\"2045\" data-end=\"2048\" \/>Diluir 1 sobre en 250 mL de agua y consumir 30 a 45 minutos antes del almuerzo, o seg\u00fan indicaci\u00f3n de un profesional de la salud.<\/p>\n<p data-start=\"2181\" data-end=\"2238\"><strong data-start=\"2181\" data-end=\"2197\">Presentaci\u00f3n<\/strong><br data-start=\"2197\" data-end=\"2200\" \/>Sobres efervescentes \u2013 sabor naranja<\/p>\n<p data-start=\"2240\" data-end=\"2273\"><strong data-start=\"2240\" data-end=\"2271\">Presentaciones disponibles:<\/strong><\/p>\n<ul data-start=\"2274\" data-end=\"2327\">\n<li data-start=\"2274\" data-end=\"2300\">\n<p data-start=\"2276\" data-end=\"2300\">30 sobres \u2013 200.000 Gs<\/p>\n<\/li>\n<\/ul>\n<h3 data-start=\"4280\" data-end=\"4303\">Informaci\u00f3n importante<\/h3>\n<p>Este producto es libre de gluten y lactosa<\/p>\n","protected":false},"excerpt":{"rendered":"<p><strong>Silimarina 100MG + Vitamina E 800MG + Alcachofa extracto 200MG + Curcuma 500mG \u2013 Efervescentes sabor naranja<\/strong><\/p>\n<p><strong>Indicaci\u00f3n:<\/strong> h\u00edgado graso no alcoh\u00f3lico y protecci\u00f3n celular hep\u00e1tica. Disfunci\u00f3n hepatobiliar, digestiones pesadas, inflamaci\u00f3n hep\u00e1tica<\/p>\n<p><strong>Acci\u00f3n:<\/strong><\/p>\n<ul>\n<li><strong>Silimarina:<\/strong> protege las c\u00e9lulas hep\u00e1ticas frente a toxinas y estr\u00e9s oxidativo, favoreciendo la regeneraci\u00f3n del h\u00edgado<\/li>\n<li><strong>Vitamina E:<\/strong> antioxidante liposoluble que reduce el da\u00f1o oxidativo en el tejido hep\u00e1tico<\/li>\n<li><strong>Alcachofa extracto:<\/strong> estimula la producci\u00f3n y el flujo de bilis favoreciendo al detoxificaci\u00f3n hep\u00e1tica y la digesti\u00f3n de grasas<\/li>\n<li><strong>C\u00farcuma:<\/strong> reduce la inflamaci\u00f3n hep\u00e1tica y el estr\u00e9s oxidativo, apoyando la funci\u00f3n desintoxicante del h\u00edgado<\/li>\n<\/ul>\n<h3 data-start=\"2156\" data-end=\"2186\">Presentaciones disponibles<\/h3>\n<p data-start=\"2187\" data-end=\"2232\">30 sobres \u2013 200.000 Gs<\/p>\n","protected":false},"featured_media":31534,"comment_status":"closed","ping_status":"closed","template":"","meta":{"nf_dc_page":""},"product_brand":[],"product_cat":[57],"product_tag":[],"class_list":{"0":"post-31502","1":"product","2":"type-product","3":"status-publish","4":"has-post-thumbnail","6":"product_cat-uncategorized","8":"first","9":"instock","10":"shipping-taxable","11":"purchasable","12":"product-type-simple"},"_links":{"self":[{"href":"https:\/\/www.botica.com.py\/home\/wp-json\/wp\/v2\/product\/31502","targetHints":{"allow":["GET"]}}],"collection":[{"href":"https:\/\/www.botica.com.py\/home\/wp-json\/wp\/v2\/product"}],"about":[{"href":"https:\/\/www.botica.com.py\/home\/wp-json\/wp\/v2\/types\/product"}],"replies":[{"embeddable":true,"href":"https:\/\/www.botica.com.py\/home\/wp-json\/wp\/v2\/comments?post=31502"}],"wp:featuredmedia":[{"embeddable":true,"href":"https:\/\/www.botica.com.py\/home\/wp-json\/wp\/v2\/media\/31534"}],"wp:attachment":[{"href":"https:\/\/www.botica.com.py\/home\/wp-json\/wp\/v2\/media?parent=31502"}],"wp:term":[{"taxonomy":"product_brand","embeddable":true,"href":"https:\/\/www.botica.com.py\/home\/wp-json\/wp\/v2\/product_brand?post=31502"},{"taxonomy":"product_cat","embeddable":true,"href":"https:\/\/www.botica.com.py\/home\/wp-json\/wp\/v2\/product_cat?post=31502"},{"taxonomy":"product_tag","embeddable":true,"href":"https:\/\/www.botica.com.py\/home\/wp-json\/wp\/v2\/product_tag?post=31502"}],"curies":[{"name":"wp","href":"https:\/\/api.w.org\/{rel}","templated":true}]}}