{"id":31514,"date":"2026-02-16T12:44:34","date_gmt":"2026-02-16T16:44:34","guid":{"rendered":"https:\/\/www.botica.com.py\/home\/?post_type=product&#038;p=31514"},"modified":"2026-03-26T10:54:32","modified_gmt":"2026-03-26T14:54:32","slug":"mulungo-manzanilla-maracuja-valeriana","status":"publish","type":"product","link":"https:\/\/www.botica.com.py\/home\/product\/mulungo-manzanilla-maracuja-valeriana\/","title":{"rendered":"Ansiedad"},"content":{"rendered":"<h3 data-start=\"115\" data-end=\"150\"><strong data-start=\"119\" data-end=\"148\">Complejo Natural Calmante<\/strong><\/h3>\n<p data-start=\"152\" data-end=\"242\"><strong data-start=\"152\" data-end=\"199\">Mulungo + Manzanilla + Maracuy\u00e1 + Valeriana<\/strong><br data-start=\"199\" data-end=\"202\" \/><strong data-start=\"202\" data-end=\"240\">El mejor aliado contra la ansiedad<\/strong><\/p>\n<p data-start=\"244\" data-end=\"591\"><strong data-start=\"244\" data-end=\"270\">\u00bfQu\u00e9 es este producto?<\/strong><br data-start=\"270\" data-end=\"273\" \/>El Complejo Natural Calmante es una formulaci\u00f3n dise\u00f1ada para aliviar la ansiedad leve a moderada, el estr\u00e9s mental, nerviosismo, irritabilidad y alteraciones del sue\u00f1o. Sus extractos vegetales act\u00faan de forma sin\u00e9rgica para promover la relajaci\u00f3n, mejorar la conciliaci\u00f3n del sue\u00f1o y favorecer el descanso nocturno.<\/p>\n<p data-start=\"593\" data-end=\"627\"><strong data-start=\"593\" data-end=\"625\">Acci\u00f3n y mecanismo de acci\u00f3n<\/strong><\/p>\n<ul data-start=\"628\" data-end=\"869\">\n<li data-start=\"628\" data-end=\"676\">\n<p data-start=\"630\" data-end=\"676\">Reduce ansiedad, nerviosismo e irritabilidad<\/p>\n<\/li>\n<li data-start=\"677\" data-end=\"728\">\n<p data-start=\"679\" data-end=\"728\">Favorece la relajaci\u00f3n y el bienestar emocional<\/p>\n<\/li>\n<li data-start=\"729\" data-end=\"791\">\n<p data-start=\"731\" data-end=\"791\">Mejora la conciliaci\u00f3n del sue\u00f1o y la calidad del descanso<\/p>\n<\/li>\n<li data-start=\"792\" data-end=\"827\">\n<p data-start=\"794\" data-end=\"827\">Disminuye despertares nocturnos<\/p>\n<\/li>\n<li data-start=\"828\" data-end=\"869\">\n<p data-start=\"830\" data-end=\"869\">Apoya la relajaci\u00f3n muscular y mental<\/p>\n<\/li>\n<\/ul>\n<p data-start=\"871\" data-end=\"1342\"><strong data-start=\"871\" data-end=\"911\">Acci\u00f3n espec\u00edfica de cada componente<\/strong><br data-start=\"911\" data-end=\"914\" \/><strong data-start=\"914\" data-end=\"929\">Manzanilla:<\/strong> Calmante y antiespasm\u00f3dico, \u00fatil para estr\u00e9s asociado a molestias digestivas.<br data-start=\"1007\" data-end=\"1010\" \/><strong data-start=\"1010\" data-end=\"1023\">Maracuy\u00e1:<\/strong> Ansiol\u00edtico natural que reduce nerviosismo e inquietud, mejorando la calidad del sue\u00f1o.<br data-start=\"1111\" data-end=\"1114\" \/><strong data-start=\"1114\" data-end=\"1126\">Mulungo:<\/strong> Ansiol\u00edtico y sedante suave que disminuye tensi\u00f3n, irritabilidad y promueve el descanso.<br data-start=\"1215\" data-end=\"1218\" \/><strong data-start=\"1218\" data-end=\"1232\">Valeriana:<\/strong> Sedante vegetal que facilita el sue\u00f1o, mejora la calidad del descanso y reduce la ansiedad leve a moderada.<\/p>\n<p data-start=\"1344\" data-end=\"1372\"><strong data-start=\"1344\" data-end=\"1370\">Beneficios principales<\/strong><\/p>\n<ul data-start=\"1373\" data-end=\"1590\">\n<li data-start=\"1373\" data-end=\"1411\">\n<p data-start=\"1375\" data-end=\"1411\">Alivio de ansiedad leve a moderada<\/p>\n<\/li>\n<li data-start=\"1412\" data-end=\"1458\">\n<p data-start=\"1414\" data-end=\"1458\">Reducci\u00f3n de estr\u00e9s mental e irritabilidad<\/p>\n<\/li>\n<li data-start=\"1459\" data-end=\"1505\">\n<p data-start=\"1461\" data-end=\"1505\">Mejora la conciliaci\u00f3n y calidad del sue\u00f1o<\/p>\n<\/li>\n<li data-start=\"1506\" data-end=\"1546\">\n<p data-start=\"1508\" data-end=\"1546\">Disminuci\u00f3n de despertares nocturnos<\/p>\n<\/li>\n<li data-start=\"1547\" data-end=\"1590\">\n<p data-start=\"1549\" data-end=\"1590\">Promoci\u00f3n del bienestar y la relajaci\u00f3n<\/p>\n<\/li>\n<\/ul>\n<p data-start=\"1592\" data-end=\"1610\"><strong data-start=\"1592\" data-end=\"1608\">Indicaciones<\/strong><\/p>\n<ul data-start=\"1611\" data-end=\"1769\">\n<li data-start=\"1611\" data-end=\"1639\">\n<p data-start=\"1613\" data-end=\"1639\">Ansiedad leve a moderada<\/p>\n<\/li>\n<li data-start=\"1640\" data-end=\"1669\">\n<p data-start=\"1642\" data-end=\"1669\">Estr\u00e9s emocional y mental<\/p>\n<\/li>\n<li data-start=\"1670\" data-end=\"1737\">\n<p data-start=\"1672\" data-end=\"1737\">Alteraciones del sue\u00f1o (insomnio de conciliaci\u00f3n y despertares)<\/p>\n<\/li>\n<li data-start=\"1738\" data-end=\"1769\">\n<p data-start=\"1740\" data-end=\"1769\">Nerviosismo e irritabilidad<\/p>\n<\/li>\n<\/ul>\n<p data-start=\"1771\" data-end=\"1795\"><strong data-start=\"1771\" data-end=\"1793\">Contraindicaciones<\/strong><\/p>\n<ul data-start=\"1796\" data-end=\"2032\">\n<li data-start=\"1796\" data-end=\"1871\">\n<p data-start=\"1798\" data-end=\"1871\">Precauci\u00f3n en hipotensi\u00f3n, conducci\u00f3n o uso de maquinaria (somnolencia)<\/p>\n<\/li>\n<li data-start=\"1872\" data-end=\"1972\">\n<p data-start=\"1874\" data-end=\"1972\">Evitar uso concomitante con benzodiacepinas, antihistam\u00ednicos sedantes, alcohol o antidepresivos<\/p>\n<\/li>\n<li data-start=\"1973\" data-end=\"1997\">\n<p data-start=\"1975\" data-end=\"1997\">Embarazo y lactancia<\/p>\n<\/li>\n<li data-start=\"1998\" data-end=\"2032\">\n<p data-start=\"2000\" data-end=\"2032\">Precauci\u00f3n con anticoagulantes<\/p>\n<\/li>\n<\/ul>\n<p data-start=\"2034\" data-end=\"2139\"><strong data-start=\"2034\" data-end=\"2047\">Posolog\u00eda<\/strong><br data-start=\"2047\" data-end=\"2050\" \/>Tomar 1 a 2 c\u00e1psulas antes de dormir, o seg\u00fan indicaci\u00f3n de un profesional de la salud.<\/p>\n<p data-start=\"2141\" data-end=\"2170\"><strong data-start=\"2141\" data-end=\"2157\">Presentaci\u00f3n<\/strong><br data-start=\"2157\" data-end=\"2160\" \/>C\u00e1psulas<\/p>\n<p data-start=\"2172\" data-end=\"2205\"><strong data-start=\"2172\" data-end=\"2203\">Presentaciones disponibles:<\/strong><\/p>\n<ul data-start=\"2206\" data-end=\"2261\">\n<li data-start=\"2206\" data-end=\"2233\">\n<p data-start=\"2208\" data-end=\"2233\">30 c\u00e1psulas \u2013 50.000 Gs<\/p>\n<\/li>\n<\/ul>\n<h3 data-start=\"4280\" data-end=\"4303\">Informaci\u00f3n importante<\/h3>\n<p>Este producto es libre de gluten y lactosa<\/p>\n","protected":false},"excerpt":{"rendered":"<p><strong>Mulungo extracto 90MG + Manzanilla extracto 40MG + Maracuja extracto 150MG + Valeriana extracto 90MG<\/strong><\/p>\n<p><strong>Indicaci\u00f3n:<\/strong> ansiedad leve a moderada, estr\u00e9s mental, irritabilidad, nerviosismo y alteraciones del sue\u00f1o (insomnio de conciliaci\u00f3n y despertares).<\/p>\n<p><strong>Acci\u00f3n:<\/strong><\/p>\n<ul>\n<li><strong>Manzanilla extracto:<\/strong> efecto calmante y antiespasm\u00f3dico, \u00fatil para estr\u00e9s con molestias digestivas. Favorece la relajaci\u00f3n y mejora la conciliaci\u00f3n del sue\u00f1o leve<\/li>\n<li><strong>Maracuja extracto:<\/strong> ansiol\u00edtico natural que reduce nerviosismo, inquietud y estr\u00e9s emocional. Ayuda a mejorar la calidad del sue\u00f1o y disminuir despertares nocturnos<\/li>\n<li><strong>Mulungo extracto:<\/strong> act\u00faa como ansiol\u00edtico y sedante suave, reduciendo la tensi\u00f3n nerviosa y favoreciendo la relajaci\u00f3n. Ayuda a disminuir la inquietud e irritabilidad, promoviendo el descanso<\/li>\n<li><strong>Valeriana extracto:<\/strong> sedante vegetal que facilita el sue\u00f1o y disminuye ansiedad leve a moderada. Mejora la calidad de descanso y reduce el tiempo para conciliar el sue\u00f1o<\/li>\n<\/ul>\n<h3 data-start=\"2156\" data-end=\"2186\">Presentaciones disponibles<\/h3>\n<p data-start=\"2187\" data-end=\"2232\">30 c\u00e1psulas \u2013 50.000 Gs<\/p>\n","protected":false},"featured_media":31546,"comment_status":"closed","ping_status":"closed","template":"","meta":{"nf_dc_page":""},"product_brand":[],"product_cat":[57],"product_tag":[],"class_list":{"0":"post-31514","1":"product","2":"type-product","3":"status-publish","4":"has-post-thumbnail","6":"product_cat-uncategorized","8":"first","9":"instock","10":"shipping-taxable","11":"purchasable","12":"product-type-simple"},"_links":{"self":[{"href":"https:\/\/www.botica.com.py\/home\/wp-json\/wp\/v2\/product\/31514","targetHints":{"allow":["GET"]}}],"collection":[{"href":"https:\/\/www.botica.com.py\/home\/wp-json\/wp\/v2\/product"}],"about":[{"href":"https:\/\/www.botica.com.py\/home\/wp-json\/wp\/v2\/types\/product"}],"replies":[{"embeddable":true,"href":"https:\/\/www.botica.com.py\/home\/wp-json\/wp\/v2\/comments?post=31514"}],"wp:featuredmedia":[{"embeddable":true,"href":"https:\/\/www.botica.com.py\/home\/wp-json\/wp\/v2\/media\/31546"}],"wp:attachment":[{"href":"https:\/\/www.botica.com.py\/home\/wp-json\/wp\/v2\/media?parent=31514"}],"wp:term":[{"taxonomy":"product_brand","embeddable":true,"href":"https:\/\/www.botica.com.py\/home\/wp-json\/wp\/v2\/product_brand?post=31514"},{"taxonomy":"product_cat","embeddable":true,"href":"https:\/\/www.botica.com.py\/home\/wp-json\/wp\/v2\/product_cat?post=31514"},{"taxonomy":"product_tag","embeddable":true,"href":"https:\/\/www.botica.com.py\/home\/wp-json\/wp\/v2\/product_tag?post=31514"}],"curies":[{"name":"wp","href":"https:\/\/api.w.org\/{rel}","templated":true}]}}