{"id":31517,"date":"2026-02-16T12:44:34","date_gmt":"2026-02-16T16:44:34","guid":{"rendered":"https:\/\/www.botica.com.py\/home\/?post_type=product&#038;p=31517"},"modified":"2026-03-26T10:55:52","modified_gmt":"2026-03-26T14:55:52","slug":"pedra-ume-ginseng-pata-de-buey","status":"publish","type":"product","link":"https:\/\/www.botica.com.py\/home\/product\/pedra-ume-ginseng-pata-de-buey\/","title":{"rendered":"Antidiab\u00e9tico"},"content":{"rendered":"<h3 data-start=\"115\" data-end=\"155\"><strong data-start=\"119\" data-end=\"153\">Complejo Natural Antidiab\u00e9tico<\/strong><\/h3>\n<p data-start=\"157\" data-end=\"197\"><strong data-start=\"157\" data-end=\"195\">Pedra Ume + Ginseng + Pata de Buey<\/strong><\/p>\n<p data-start=\"199\" data-end=\"583\"><strong data-start=\"199\" data-end=\"225\">\u00bfQu\u00e9 es este producto?<\/strong><br data-start=\"225\" data-end=\"228\" \/>El Complejo Natural Antidiab\u00e9tico es una formulaci\u00f3n dise\u00f1ada como coadyuvante en prediabetes, resistencia a la insulina y diabetes tipo 2. Tambi\u00e9n es \u00fatil en pacientes con s\u00edndrome metab\u00f3lico, hiperglucemia postprandial y cansancio metab\u00f3lico. Sus componentes naturales contribuyen al control gluc\u00e9mico, al equilibrio energ\u00e9tico y al bienestar general.<\/p>\n<p data-start=\"585\" data-end=\"619\"><strong data-start=\"585\" data-end=\"617\">Acci\u00f3n y mecanismo de acci\u00f3n<\/strong><\/p>\n<ul data-start=\"620\" data-end=\"896\">\n<li data-start=\"620\" data-end=\"667\">\n<p data-start=\"622\" data-end=\"667\">Favorece el control de la glucosa en sangre<\/p>\n<\/li>\n<li data-start=\"668\" data-end=\"737\">\n<p data-start=\"670\" data-end=\"737\">Mejora la sensibilidad a la insulina y la tolerancia a la glucosa<\/p>\n<\/li>\n<li data-start=\"738\" data-end=\"801\">\n<p data-start=\"740\" data-end=\"801\">Apoya el metabolismo energ\u00e9tico y reduce la fatiga asociada<\/p>\n<\/li>\n<li data-start=\"802\" data-end=\"850\">\n<p data-start=\"804\" data-end=\"850\">Contribuye al manejo del s\u00edndrome metab\u00f3lico<\/p>\n<\/li>\n<li data-start=\"851\" data-end=\"896\">\n<p data-start=\"853\" data-end=\"896\">Promueve el equilibrio metab\u00f3lico general<\/p>\n<\/li>\n<\/ul>\n<p data-start=\"898\" data-end=\"1333\"><strong data-start=\"898\" data-end=\"938\">Acci\u00f3n espec\u00edfica de cada componente<\/strong><br data-start=\"938\" data-end=\"941\" \/><strong data-start=\"941\" data-end=\"953\">Ginseng:<\/strong> Mejora la sensibilidad a la insulina, ayuda a reducir la glucosa postprandial y disminuye la fatiga asociada a disglucemias.<br data-start=\"1078\" data-end=\"1081\" \/><strong data-start=\"1081\" data-end=\"1095\">Pedra Ume:<\/strong> Planta tradicional con efecto hipoglucemiante, favorece el control de la glucosa y el metabolismo de carbohidratos.<br data-start=\"1211\" data-end=\"1214\" \/><strong data-start=\"1214\" data-end=\"1231\">Pata de Buey:<\/strong> Apoya el control metab\u00f3lico, contribuyendo a mejorar la tolerancia a la glucosa en diabetes tipo 2.<\/p>\n<p data-start=\"1335\" data-end=\"1363\"><strong data-start=\"1335\" data-end=\"1361\">Beneficios principales<\/strong><\/p>\n<ul data-start=\"1364\" data-end=\"1594\">\n<li data-start=\"1364\" data-end=\"1433\">\n<p data-start=\"1366\" data-end=\"1433\">Apoyo en prediabetes, diabetes tipo 2 y resistencia a la insulina<\/p>\n<\/li>\n<li data-start=\"1434\" data-end=\"1466\">\n<p data-start=\"1436\" data-end=\"1466\">Mejora del control gluc\u00e9mico<\/p>\n<\/li>\n<li data-start=\"1467\" data-end=\"1501\">\n<p data-start=\"1469\" data-end=\"1501\">Reducci\u00f3n de fatiga metab\u00f3lica<\/p>\n<\/li>\n<li data-start=\"1502\" data-end=\"1534\">\n<p data-start=\"1504\" data-end=\"1534\">Apoyo en s\u00edndrome metab\u00f3lico<\/p>\n<\/li>\n<li data-start=\"1535\" data-end=\"1594\">\n<p data-start=\"1537\" data-end=\"1594\">Contribuye al equilibrio energ\u00e9tico y bienestar general<\/p>\n<\/li>\n<\/ul>\n<p data-start=\"1596\" data-end=\"1614\"><strong data-start=\"1596\" data-end=\"1612\">Indicaciones<\/strong><\/p>\n<ul data-start=\"1615\" data-end=\"1758\">\n<li data-start=\"1615\" data-end=\"1648\">\n<p data-start=\"1617\" data-end=\"1648\">Prediabetes y diabetes tipo 2<\/p>\n<\/li>\n<li data-start=\"1649\" data-end=\"1678\">\n<p data-start=\"1651\" data-end=\"1678\">Resistencia a la insulina<\/p>\n<\/li>\n<li data-start=\"1679\" data-end=\"1709\">\n<p data-start=\"1681\" data-end=\"1709\">Hiperglucemia postprandial<\/p>\n<\/li>\n<li data-start=\"1710\" data-end=\"1733\">\n<p data-start=\"1712\" data-end=\"1733\">S\u00edndrome metab\u00f3lico<\/p>\n<\/li>\n<li data-start=\"1734\" data-end=\"1758\">\n<p data-start=\"1736\" data-end=\"1758\">Cansancio metab\u00f3lico<\/p>\n<\/li>\n<\/ul>\n<p data-start=\"1760\" data-end=\"1784\"><strong data-start=\"1760\" data-end=\"1782\">Contraindicaciones<\/strong><\/p>\n<ul data-start=\"1785\" data-end=\"2062\">\n<li data-start=\"1785\" data-end=\"1917\">\n<p data-start=\"1787\" data-end=\"1917\">Precauci\u00f3n en uso de insulina, metformina, sulfonilureas u otros antidiab\u00e9ticos; puede potenciar el efecto y causar hipoglucemia<\/p>\n<\/li>\n<li data-start=\"1918\" data-end=\"1942\">\n<p data-start=\"1920\" data-end=\"1942\">Embarazo y lactancia<\/p>\n<\/li>\n<li data-start=\"1943\" data-end=\"1994\">\n<p data-start=\"1945\" data-end=\"1994\">Evitar en hipertensi\u00f3n no controlada e insomnio<\/p>\n<\/li>\n<li data-start=\"1995\" data-end=\"2062\">\n<p data-start=\"1997\" data-end=\"2062\">Suspender ante mareos, palpitaciones o s\u00edntomas de hipoglucemia<\/p>\n<\/li>\n<\/ul>\n<p data-start=\"2064\" data-end=\"2204\"><strong data-start=\"2064\" data-end=\"2077\">Posolog\u00eda<\/strong><br data-start=\"2077\" data-end=\"2080\" \/>Tomar 1 a 2 c\u00e1psulas con abundante agua, dos horas antes de las comidas, o seg\u00fan indicaci\u00f3n de un profesional de la salud.<\/p>\n<p data-start=\"2206\" data-end=\"2235\"><strong data-start=\"2206\" data-end=\"2222\">Presentaci\u00f3n<\/strong><br data-start=\"2222\" data-end=\"2225\" \/>C\u00e1psulas<\/p>\n<p data-start=\"2237\" data-end=\"2270\"><strong data-start=\"2237\" data-end=\"2268\">Presentaciones disponibles:<\/strong><\/p>\n<ul data-start=\"2271\" data-end=\"2326\">\n<li data-start=\"2271\" data-end=\"2298\">\n<p data-start=\"2273\" data-end=\"2298\">30 c\u00e1psulas \u2013 50.000 Gs<\/p>\n<\/li>\n<\/ul>\n<h3 data-start=\"4280\" data-end=\"4303\">Informaci\u00f3n importante<\/h3>\n<p>Este producto es libre de gluten y lactosa<\/p>\n","protected":false},"excerpt":{"rendered":"<p><strong>Pedra ume extracto 100MG + Ginseng extracto 200MG + Pata de Buey extracto 100MG<\/strong><\/p>\n<p><strong>Indicaci\u00f3n:<\/strong> coadyuvante en prediabetes, resistencia a la insulina y diabetes tipo 2. \u00datil en pacientes con s\u00edndrome metab\u00f3lico, tendencia a hiperglucemia postprandial y cansancio metab\u00f3lico. Apoyo el control gluc\u00e9mico y el equilibrio energ\u00e9tico general.<\/p>\n<p><strong>Acci\u00f3n:<\/strong><\/p>\n<ul>\n<li><strong>Ginseng extracto:<\/strong> mejora la sensibilidad a la insulina y contribuye a reducir la glucemia postprandial. Ayuda a regular el metabolismo energ\u00e9tico y disminuir la fatiga asociada a disglucemias<\/li>\n<li><strong> Pedra ume extracto:<\/strong> plata tradicional con efecto hipoglucemiante, favorece el control de glucosa en sangre y el metabolismo de carbohidratos. Puede ayudar en resistencia a la insulina y apoyo en el s\u00edndrome metab\u00f3lico<\/li>\n<li><strong>Pata de buey extracto:<\/strong> ayuda a reducir la glucosa y apoyar el control metab\u00f3lico. Puede contribuir a mejorar la tolerancia a la glucosa en diabetes tipo 2<\/li>\n<\/ul>\n<h3 data-start=\"2156\" data-end=\"2186\">Presentaciones disponibles<\/h3>\n<p data-start=\"2187\" data-end=\"2232\">30 c\u00e1psulas \u2013 50.000 Gs<\/p>\n","protected":false},"featured_media":31547,"comment_status":"closed","ping_status":"closed","template":"","meta":{"nf_dc_page":""},"product_brand":[],"product_cat":[57],"product_tag":[],"class_list":{"0":"post-31517","1":"product","2":"type-product","3":"status-publish","4":"has-post-thumbnail","6":"product_cat-uncategorized","8":"first","9":"instock","10":"shipping-taxable","11":"purchasable","12":"product-type-simple"},"_links":{"self":[{"href":"https:\/\/www.botica.com.py\/home\/wp-json\/wp\/v2\/product\/31517","targetHints":{"allow":["GET"]}}],"collection":[{"href":"https:\/\/www.botica.com.py\/home\/wp-json\/wp\/v2\/product"}],"about":[{"href":"https:\/\/www.botica.com.py\/home\/wp-json\/wp\/v2\/types\/product"}],"replies":[{"embeddable":true,"href":"https:\/\/www.botica.com.py\/home\/wp-json\/wp\/v2\/comments?post=31517"}],"wp:featuredmedia":[{"embeddable":true,"href":"https:\/\/www.botica.com.py\/home\/wp-json\/wp\/v2\/media\/31547"}],"wp:attachment":[{"href":"https:\/\/www.botica.com.py\/home\/wp-json\/wp\/v2\/media?parent=31517"}],"wp:term":[{"taxonomy":"product_brand","embeddable":true,"href":"https:\/\/www.botica.com.py\/home\/wp-json\/wp\/v2\/product_brand?post=31517"},{"taxonomy":"product_cat","embeddable":true,"href":"https:\/\/www.botica.com.py\/home\/wp-json\/wp\/v2\/product_cat?post=31517"},{"taxonomy":"product_tag","embeddable":true,"href":"https:\/\/www.botica.com.py\/home\/wp-json\/wp\/v2\/product_tag?post=31517"}],"curies":[{"name":"wp","href":"https:\/\/api.w.org\/{rel}","templated":true}]}}