{"id":31526,"date":"2026-02-16T12:45:04","date_gmt":"2026-02-16T16:45:04","guid":{"rendered":"https:\/\/www.botica.com.py\/home\/?post_type=product&#038;p=31526"},"modified":"2026-03-26T10:58:16","modified_gmt":"2026-03-26T14:58:16","slug":"aguacate-uva-ursi-quebra-pedra-cola-de-caballo","status":"publish","type":"product","link":"https:\/\/www.botica.com.py\/home\/product\/aguacate-uva-ursi-quebra-pedra-cola-de-caballo\/","title":{"rendered":"Diur\u00e9tico"},"content":{"rendered":"<h3 data-start=\"116\" data-end=\"152\"><strong data-start=\"120\" data-end=\"150\">Complejo Natural Diur\u00e9tico<\/strong><\/h3>\n<p data-start=\"154\" data-end=\"212\"><strong data-start=\"154\" data-end=\"210\">Aguacate + Uva Ursi + Quebra Pedra + Cola de Caballo<\/strong><\/p>\n<p data-start=\"214\" data-end=\"537\"><strong data-start=\"214\" data-end=\"240\">\u00bfQu\u00e9 es este producto?<\/strong><br data-start=\"240\" data-end=\"243\" \/>El Complejo Natural Diur\u00e9tico es una formulaci\u00f3n dise\u00f1ada para apoyar la eliminaci\u00f3n de l\u00edquidos, reducir edemas leves y la sensaci\u00f3n de hinchaz\u00f3n. Adem\u00e1s, contribuye al bienestar urinario, previniendo molestias leves y apoyando la salud renal y urinaria en personas predispuestas a c\u00e1lculos.<\/p>\n<p data-start=\"539\" data-end=\"573\"><strong data-start=\"539\" data-end=\"571\">Acci\u00f3n y mecanismo de acci\u00f3n<\/strong><\/p>\n<ul data-start=\"574\" data-end=\"837\">\n<li data-start=\"574\" data-end=\"635\">\n<p data-start=\"576\" data-end=\"635\">Favorece la eliminaci\u00f3n de l\u00edquidos y reduce la retenci\u00f3n<\/p>\n<\/li>\n<li data-start=\"636\" data-end=\"673\">\n<p data-start=\"638\" data-end=\"673\">Apoya la funci\u00f3n renal y urinaria<\/p>\n<\/li>\n<li data-start=\"674\" data-end=\"730\">\n<p data-start=\"676\" data-end=\"730\">Contribuye a la prevenci\u00f3n de c\u00e1lculos renales leves<\/p>\n<\/li>\n<li data-start=\"731\" data-end=\"778\">\n<p data-start=\"733\" data-end=\"778\">Disminuye la sensaci\u00f3n de hinchaz\u00f3n y edema<\/p>\n<\/li>\n<li data-start=\"779\" data-end=\"837\">\n<p data-start=\"781\" data-end=\"837\">Aporta minerales y soporte natural al sistema urinario<\/p>\n<\/li>\n<\/ul>\n<p data-start=\"839\" data-end=\"1316\"><strong data-start=\"839\" data-end=\"879\">Acci\u00f3n espec\u00edfica de cada componente<\/strong><br data-start=\"879\" data-end=\"882\" \/><strong data-start=\"882\" data-end=\"895\">Aguacate:<\/strong> Diur\u00e9tico suave que contribuye a disminuir retenci\u00f3n de l\u00edquidos y sensaci\u00f3n de hinchaz\u00f3n.<br data-start=\"986\" data-end=\"989\" \/><strong data-start=\"989\" data-end=\"1002\">Uva Ursi:<\/strong> Diur\u00e9tica y antis\u00e9ptica urinaria; ayuda a eliminar l\u00edquidos y reducir molestias urinarias leves.<br data-start=\"1099\" data-end=\"1102\" \/><strong data-start=\"1102\" data-end=\"1119\">Quebra Pedra:<\/strong> Favorece la diuresis y ayuda a prevenir la formaci\u00f3n de c\u00e1lculos renales leves.<br data-start=\"1199\" data-end=\"1202\" \/><strong data-start=\"1202\" data-end=\"1222\">Cola de Caballo:<\/strong> Diur\u00e9tico natural que apoya la excreci\u00f3n de l\u00edquidos, la salud urinaria y aporta minerales.<\/p>\n<p data-start=\"1318\" data-end=\"1346\"><strong data-start=\"1318\" data-end=\"1344\">Beneficios principales<\/strong><\/p>\n<ul data-start=\"1347\" data-end=\"1579\">\n<li data-start=\"1347\" data-end=\"1400\">\n<p data-start=\"1349\" data-end=\"1400\">Reducci\u00f3n de retenci\u00f3n de l\u00edquidos y edemas leves<\/p>\n<\/li>\n<li data-start=\"1401\" data-end=\"1438\">\n<p data-start=\"1403\" data-end=\"1438\">Apoyo al drenaje y salud urinaria<\/p>\n<\/li>\n<li data-start=\"1439\" data-end=\"1482\">\n<p data-start=\"1441\" data-end=\"1482\">Prevenci\u00f3n de molestias urinarias leves<\/p>\n<\/li>\n<li data-start=\"1483\" data-end=\"1527\">\n<p data-start=\"1485\" data-end=\"1527\">Disminuci\u00f3n de la sensaci\u00f3n de hinchaz\u00f3n<\/p>\n<\/li>\n<li data-start=\"1528\" data-end=\"1579\">\n<p data-start=\"1530\" data-end=\"1579\">Apoyo natural en prevenci\u00f3n de c\u00e1lculos renales<\/p>\n<\/li>\n<\/ul>\n<p data-start=\"1581\" data-end=\"1599\"><strong data-start=\"1581\" data-end=\"1597\">Indicaciones<\/strong><\/p>\n<ul data-start=\"1600\" data-end=\"1764\">\n<li data-start=\"1600\" data-end=\"1640\">\n<p data-start=\"1602\" data-end=\"1640\">Retenci\u00f3n de l\u00edquidos y edemas leves<\/p>\n<\/li>\n<li data-start=\"1641\" data-end=\"1667\">\n<p data-start=\"1643\" data-end=\"1667\">Sensaci\u00f3n de hinchaz\u00f3n<\/p>\n<\/li>\n<li data-start=\"1668\" data-end=\"1711\">\n<p data-start=\"1670\" data-end=\"1711\">Apoyo en drenaje urinario y salud renal<\/p>\n<\/li>\n<li data-start=\"1712\" data-end=\"1764\">\n<p data-start=\"1714\" data-end=\"1764\">Prevenci\u00f3n de c\u00e1lculos en personas predispuestas<\/p>\n<\/li>\n<\/ul>\n<p data-start=\"1766\" data-end=\"1790\"><strong data-start=\"1766\" data-end=\"1788\">Contraindicaciones<\/strong><\/p>\n<ul data-start=\"1791\" data-end=\"2010\">\n<li data-start=\"1791\" data-end=\"1815\">\n<p data-start=\"1793\" data-end=\"1815\">Embarazo y lactancia<\/p>\n<\/li>\n<li data-start=\"1816\" data-end=\"1865\">\n<p data-start=\"1818\" data-end=\"1865\">Insuficiencia renal o hep\u00e1tica, hipopotasemia<\/p>\n<\/li>\n<li data-start=\"1866\" data-end=\"1955\">\n<p data-start=\"1868\" data-end=\"1955\">Precauci\u00f3n si se usan diur\u00e9ticos, antihipertensivos, antidiab\u00e9ticos o anticoagulantes<\/p>\n<\/li>\n<li data-start=\"1956\" data-end=\"2010\">\n<p data-start=\"1958\" data-end=\"2010\">Evitar tratamientos prolongados sin control m\u00e9dico<\/p>\n<\/li>\n<\/ul>\n<p data-start=\"2012\" data-end=\"2162\"><strong data-start=\"2012\" data-end=\"2025\">Posolog\u00eda<\/strong><br data-start=\"2025\" data-end=\"2028\" \/>Tomar 1 c\u00e1psula de 2 a 3 veces por d\u00eda (ma\u00f1ana, tarde y noche) con abundante agua, o seg\u00fan indicaci\u00f3n de un profesional de la salud.<\/p>\n<p data-start=\"2164\" data-end=\"2193\"><strong data-start=\"2164\" data-end=\"2180\">Presentaci\u00f3n<\/strong><br data-start=\"2180\" data-end=\"2183\" \/>C\u00e1psulas<\/p>\n<p data-start=\"2195\" data-end=\"2228\"><strong data-start=\"2195\" data-end=\"2226\">Presentaciones disponibles:<\/strong><\/p>\n<ul data-start=\"2229\" data-end=\"2284\">\n<li data-start=\"2229\" data-end=\"2256\">\n<p data-start=\"2231\" data-end=\"2256\">30 c\u00e1psulas \u2013 50.000 Gs<\/p>\n<\/li>\n<\/ul>\n<h3 data-start=\"4280\" data-end=\"4303\">Informaci\u00f3n importante<\/h3>\n<p>Este producto es libre de gluten y lactosa<\/p>\n","protected":false},"excerpt":{"rendered":"<p><strong>Aguacate extracto 150MG + Uva ursi extracto 50MG + Quebra pedra extracto 50MG + Cola de caballo extracto 150MG<\/strong><\/p>\n<p><strong>Indicaci\u00f3n:<\/strong> retenci\u00f3n de l\u00edquidos, edema leve, sensaci\u00f3n de hinchaz\u00f3n y apoyo en drenaje. Coadyuvante en salud urinaria, molestias leves y prevenci\u00f3n de c\u00e1lculos en personas predispuestas<\/p>\n<p><strong>Acci\u00f3n:\u00a0<\/strong><\/p>\n<ul>\n<li><strong>Aguacate extracto:<\/strong> posee acci\u00f3n diur\u00e9tica suave, ayudando a aumentar la eliminaci\u00f3n de l\u00edquidos y apoyar la funci\u00f3n renal. Contribuye a disminuir la retenci\u00f3n de l\u00edquidos y sensaci\u00f3n de hinchaz\u00f3n<\/li>\n<li><strong> Uva ursi extracto:<\/strong> diur\u00e9tica y antis\u00e9ptico urinario por su contenido de arbutina, \u00fatil en v\u00edas urinarias. Aumenta la eliminaci\u00f3n urinaria y ayuda a reducir molestias urinarias leves<\/li>\n<li><strong>Quebra pedra extracto:<\/strong> favorece la diuresis y ayuda a prevenir la formaci\u00f3n de c\u00e1lculos renales al modular sales urinarias. \u00datil como apoyo en litiasis renal leve y retenci\u00f3n de l\u00edquidos<\/li>\n<li><strong>Cola de caballo extracto:<\/strong> diur\u00e9tico natural que aumenta la excreci\u00f3n de l\u00edquidos y ayuda en edemas leves. Aporta minerales y apoya la salud urinaria<\/li>\n<\/ul>\n<h3 data-start=\"2156\" data-end=\"2186\">Presentaciones disponibles<\/h3>\n<p data-start=\"2187\" data-end=\"2232\">30 c\u00e1psulas \u2013 50.000 Gs<\/p>\n","protected":false},"featured_media":31558,"comment_status":"closed","ping_status":"closed","template":"","meta":{"nf_dc_page":""},"product_brand":[],"product_cat":[57],"product_tag":[],"class_list":{"0":"post-31526","1":"product","2":"type-product","3":"status-publish","4":"has-post-thumbnail","6":"product_cat-uncategorized","8":"first","9":"instock","10":"shipping-taxable","11":"purchasable","12":"product-type-simple"},"_links":{"self":[{"href":"https:\/\/www.botica.com.py\/home\/wp-json\/wp\/v2\/product\/31526","targetHints":{"allow":["GET"]}}],"collection":[{"href":"https:\/\/www.botica.com.py\/home\/wp-json\/wp\/v2\/product"}],"about":[{"href":"https:\/\/www.botica.com.py\/home\/wp-json\/wp\/v2\/types\/product"}],"replies":[{"embeddable":true,"href":"https:\/\/www.botica.com.py\/home\/wp-json\/wp\/v2\/comments?post=31526"}],"wp:featuredmedia":[{"embeddable":true,"href":"https:\/\/www.botica.com.py\/home\/wp-json\/wp\/v2\/media\/31558"}],"wp:attachment":[{"href":"https:\/\/www.botica.com.py\/home\/wp-json\/wp\/v2\/media?parent=31526"}],"wp:term":[{"taxonomy":"product_brand","embeddable":true,"href":"https:\/\/www.botica.com.py\/home\/wp-json\/wp\/v2\/product_brand?post=31526"},{"taxonomy":"product_cat","embeddable":true,"href":"https:\/\/www.botica.com.py\/home\/wp-json\/wp\/v2\/product_cat?post=31526"},{"taxonomy":"product_tag","embeddable":true,"href":"https:\/\/www.botica.com.py\/home\/wp-json\/wp\/v2\/product_tag?post=31526"}],"curies":[{"name":"wp","href":"https:\/\/api.w.org\/{rel}","templated":true}]}}