{"id":31529,"date":"2026-02-16T12:45:04","date_gmt":"2026-02-16T16:45:04","guid":{"rendered":"https:\/\/www.botica.com.py\/home\/?post_type=product&#038;p=31529"},"modified":"2026-03-26T10:59:04","modified_gmt":"2026-03-26T14:59:04","slug":"jurubeba-alcachofa-boldo","status":"publish","type":"product","link":"https:\/\/www.botica.com.py\/home\/product\/jurubeba-alcachofa-boldo\/","title":{"rendered":"Hep\u00e1tico"},"content":{"rendered":"<h3 data-start=\"106\" data-end=\"141\"><strong data-start=\"110\" data-end=\"139\">Complejo Natural Hep\u00e1tico<\/strong><\/h3>\n<p data-start=\"143\" data-end=\"177\"><strong data-start=\"143\" data-end=\"175\">Jurubeba + Alcachofa + Boldo<\/strong><\/p>\n<p data-start=\"179\" data-end=\"556\"><strong data-start=\"179\" data-end=\"205\">\u00bfQu\u00e9 es este producto?<\/strong><br data-start=\"205\" data-end=\"208\" \/>El Complejo Natural Hep\u00e1tico es una formulaci\u00f3n dise\u00f1ada como coadyuvante para mejorar la funci\u00f3n hep\u00e1tica y digestiva. Es \u00fatil en digestiones pesadas, dispepsia biliar, n\u00e1useas leves y sensaci\u00f3n de h\u00edgado lento. Sus componentes vegetales apoyan la secreci\u00f3n y el flujo biliar, favoreciendo la digesti\u00f3n de grasas y el bienestar gastrointestinal.<\/p>\n<p data-start=\"558\" data-end=\"592\"><strong data-start=\"558\" data-end=\"590\">Acci\u00f3n y mecanismo de acci\u00f3n<\/strong><\/p>\n<ul data-start=\"593\" data-end=\"943\">\n<li data-start=\"593\" data-end=\"650\">\n<p data-start=\"595\" data-end=\"650\">Estimula la funci\u00f3n hep\u00e1tica y la producci\u00f3n de bilis<\/p>\n<\/li>\n<li data-start=\"651\" data-end=\"714\">\n<p data-start=\"653\" data-end=\"714\">Favorece la digesti\u00f3n de grasas y el metabolismo de l\u00edpidos<\/p>\n<\/li>\n<li data-start=\"715\" data-end=\"788\">\n<p data-start=\"717\" data-end=\"788\">Alivia digestiones pesadas, n\u00e1useas leves y sensaci\u00f3n de h\u00edgado lento<\/p>\n<\/li>\n<li data-start=\"789\" data-end=\"855\">\n<p data-start=\"791\" data-end=\"855\">Apoya la detoxificaci\u00f3n hep\u00e1tica y el confort gastrointestinal<\/p>\n<\/li>\n<li data-start=\"856\" data-end=\"943\">\n<p data-start=\"858\" data-end=\"943\">Contribuye al bienestar digestivo tras dietas ricas en grasas, alcohol o medicaci\u00f3n<\/p>\n<\/li>\n<\/ul>\n<p data-start=\"945\" data-end=\"1300\"><strong data-start=\"945\" data-end=\"985\">Acci\u00f3n espec\u00edfica de cada componente<\/strong><br data-start=\"985\" data-end=\"988\" \/><strong data-start=\"988\" data-end=\"1001\">Jurubeba:<\/strong> Hepatot\u00f3nico y coler\u00e9tico que estimula la funci\u00f3n hep\u00e1tica y mejora la digesti\u00f3n de grasas.<br data-start=\"1093\" data-end=\"1096\" \/><strong data-start=\"1096\" data-end=\"1110\">Alcachofa:<\/strong> Hepatoprotectora y colagoga; favorece el flujo biliar y apoya la detoxificaci\u00f3n hep\u00e1tica.<br data-start=\"1200\" data-end=\"1203\" \/><strong data-start=\"1203\" data-end=\"1213\">Boldo:<\/strong> Estimulante biliar que mejora la digesti\u00f3n y alivia n\u00e1useas leves y digesti\u00f3n lenta.<\/p>\n<p data-start=\"1302\" data-end=\"1330\"><strong data-start=\"1302\" data-end=\"1328\">Beneficios principales<\/strong><\/p>\n<ul data-start=\"1331\" data-end=\"1564\">\n<li data-start=\"1331\" data-end=\"1380\">\n<p data-start=\"1333\" data-end=\"1380\">Mejora digestiones pesadas y dispepsia biliar<\/p>\n<\/li>\n<li data-start=\"1381\" data-end=\"1408\">\n<p data-start=\"1383\" data-end=\"1408\">Alivio de n\u00e1useas leves<\/p>\n<\/li>\n<li data-start=\"1409\" data-end=\"1451\">\n<p data-start=\"1411\" data-end=\"1451\">Apoyo en congesti\u00f3n hep\u00e1tica funcional<\/p>\n<\/li>\n<li data-start=\"1452\" data-end=\"1500\">\n<p data-start=\"1454\" data-end=\"1500\">Promoci\u00f3n del bienestar digestivo y hep\u00e1tico<\/p>\n<\/li>\n<li data-start=\"1501\" data-end=\"1564\">\n<p data-start=\"1503\" data-end=\"1564\">Favorece la digesti\u00f3n de grasas y el metabolismo de l\u00edpidos<\/p>\n<\/li>\n<\/ul>\n<p data-start=\"1566\" data-end=\"1584\"><strong data-start=\"1566\" data-end=\"1582\">Indicaciones<\/strong><\/p>\n<ul data-start=\"1585\" data-end=\"1795\">\n<li data-start=\"1585\" data-end=\"1627\">\n<p data-start=\"1587\" data-end=\"1627\">Digestiones pesadas y dispepsia biliar<\/p>\n<\/li>\n<li data-start=\"1628\" data-end=\"1673\">\n<p data-start=\"1630\" data-end=\"1673\">N\u00e1useas leves y sensaci\u00f3n de h\u00edgado lento<\/p>\n<\/li>\n<li data-start=\"1674\" data-end=\"1739\">\n<p data-start=\"1676\" data-end=\"1739\">Sobrecarga hep\u00e1tica funcional por dieta, alcohol o medicaci\u00f3n<\/p>\n<\/li>\n<li data-start=\"1740\" data-end=\"1795\">\n<p data-start=\"1742\" data-end=\"1795\">Apoyo en metabolismo de l\u00edpidos y confort digestivo<\/p>\n<\/li>\n<\/ul>\n<p data-start=\"1797\" data-end=\"1821\"><strong data-start=\"1797\" data-end=\"1819\">Contraindicaciones<\/strong><\/p>\n<ul data-start=\"1822\" data-end=\"2026\">\n<li data-start=\"1822\" data-end=\"1846\">\n<p data-start=\"1824\" data-end=\"1846\">Embarazo y lactancia<\/p>\n<\/li>\n<li data-start=\"1847\" data-end=\"1899\">\n<p data-start=\"1849\" data-end=\"1899\">Obstrucci\u00f3n de v\u00edas biliares o c\u00e1lculos biliares<\/p>\n<\/li>\n<li data-start=\"1900\" data-end=\"1937\">\n<p data-start=\"1902\" data-end=\"1937\">Precauci\u00f3n en gastritis y \u00falceras<\/p>\n<\/li>\n<li data-start=\"1938\" data-end=\"1962\">\n<p data-start=\"1940\" data-end=\"1962\">Alergia a Asteraceae<\/p>\n<\/li>\n<li data-start=\"1963\" data-end=\"2026\">\n<p data-start=\"1965\" data-end=\"2026\">Precauci\u00f3n con anticoagulantes o enfermedad hep\u00e1tica severa<\/p>\n<\/li>\n<\/ul>\n<p data-start=\"2028\" data-end=\"2161\"><strong data-start=\"2028\" data-end=\"2041\">Posolog\u00eda<\/strong><br data-start=\"2041\" data-end=\"2044\" \/>Tomar 1 a 2 c\u00e1psulas con abundante agua media hora antes de las comidas. En casos de indigesti\u00f3n, tomar 2 c\u00e1psulas.<\/p>\n<p data-start=\"2163\" data-end=\"2192\"><strong data-start=\"2163\" data-end=\"2179\">Presentaci\u00f3n<\/strong><br data-start=\"2179\" data-end=\"2182\" \/>C\u00e1psulas<\/p>\n<p data-start=\"2194\" data-end=\"2227\"><strong data-start=\"2194\" data-end=\"2225\">Presentaciones disponibles:<\/strong><\/p>\n<ul data-start=\"2228\" data-end=\"2283\">\n<li data-start=\"2228\" data-end=\"2255\">\n<p data-start=\"2230\" data-end=\"2255\">30 c\u00e1psulas \u2013 50.000 Gs<\/p>\n<\/li>\n<\/ul>\n<h3 data-start=\"4280\" data-end=\"4303\">Informaci\u00f3n importante<\/h3>\n<p>Este producto es libre de gluten y lactosa<\/p>\n","protected":false},"excerpt":{"rendered":"<p><strong>Jurubeba extracto 160MG + Alcachofa extracto 100MG + Boldo extracto 100MG<\/strong><\/p>\n<p><strong>Indicaci\u00f3n:<\/strong> coadyuvante en dispepsia biliar, digestiones pesadas, nauseas leves y sensaci\u00f3n de h\u00edgado lento. \u00datil en sobrecarga hep\u00e1tica funcional por dieta rica en grasas, alcohol o medicaci\u00f3n. Apoya la secreci\u00f3n y flujo de bilis, mejorando la digesti\u00f3n de l\u00edpidos y confort gastrointestinal.<\/p>\n<p><strong>Acci\u00f3n:<\/strong><\/p>\n<ul>\n<li><strong>Jurubeba extracto:<\/strong> hepatotonico y coler\u00e9tico: estimula la funci\u00f3n hep\u00e1tica y la producci\u00f3n de bilis, mejorando la digesti\u00f3n de grasas. Ayuda en la congesti\u00f3n hep\u00e1tica y digestiones pesadas asociadas a h\u00edgado lento<\/li>\n<li><strong>Alcachofa extracto:<\/strong> hepatoprotector y colagogo: favorece el flujo biliar, apoya detoxificaci\u00f3n hep\u00e1tica y metabolismo de l\u00edpidos. \u00datil en h\u00edgado graso leve, dispepsia biliar y sensaci\u00f3n de pesadez postprandial<\/li>\n<li><strong>Boldo extracto:<\/strong> estimula la secreci\u00f3n biliar y mejora la digesti\u00f3n, \u00fatil en disfunci\u00f3n hepatobiliar. Contribuye al alivio de nauseas leves y digesti\u00f3n lenta por bilis insuficiente<\/li>\n<\/ul>\n<h3 data-start=\"2156\" data-end=\"2186\">Presentaciones disponibles<\/h3>\n<p data-start=\"2187\" data-end=\"2232\">30 c\u00e1psulas \u2013 50.000 Gs<\/p>\n","protected":false},"featured_media":31559,"comment_status":"closed","ping_status":"closed","template":"","meta":{"nf_dc_page":""},"product_brand":[],"product_cat":[57],"product_tag":[],"class_list":{"0":"post-31529","1":"product","2":"type-product","3":"status-publish","4":"has-post-thumbnail","6":"product_cat-uncategorized","8":"first","9":"instock","10":"shipping-taxable","11":"purchasable","12":"product-type-simple"},"_links":{"self":[{"href":"https:\/\/www.botica.com.py\/home\/wp-json\/wp\/v2\/product\/31529","targetHints":{"allow":["GET"]}}],"collection":[{"href":"https:\/\/www.botica.com.py\/home\/wp-json\/wp\/v2\/product"}],"about":[{"href":"https:\/\/www.botica.com.py\/home\/wp-json\/wp\/v2\/types\/product"}],"replies":[{"embeddable":true,"href":"https:\/\/www.botica.com.py\/home\/wp-json\/wp\/v2\/comments?post=31529"}],"wp:featuredmedia":[{"embeddable":true,"href":"https:\/\/www.botica.com.py\/home\/wp-json\/wp\/v2\/media\/31559"}],"wp:attachment":[{"href":"https:\/\/www.botica.com.py\/home\/wp-json\/wp\/v2\/media?parent=31529"}],"wp:term":[{"taxonomy":"product_brand","embeddable":true,"href":"https:\/\/www.botica.com.py\/home\/wp-json\/wp\/v2\/product_brand?post=31529"},{"taxonomy":"product_cat","embeddable":true,"href":"https:\/\/www.botica.com.py\/home\/wp-json\/wp\/v2\/product_cat?post=31529"},{"taxonomy":"product_tag","embeddable":true,"href":"https:\/\/www.botica.com.py\/home\/wp-json\/wp\/v2\/product_tag?post=31529"}],"curies":[{"name":"wp","href":"https:\/\/api.w.org\/{rel}","templated":true}]}}